{"id":1775,"date":"2021-12-30T05:19:48","date_gmt":"2021-12-30T05:19:48","guid":{"rendered":"http:\/\/ypp.infobrandserwer7.atthost24.pl\/?page_id=1775"},"modified":"2021-12-30T06:23:03","modified_gmt":"2021-12-30T06:23:03","slug":"privacy-policy","status":"publish","type":"page","link":"https:\/\/old.ypp.com.pl\/en\/privacy-policy\/","title":{"rendered":"Privacy policy"},"content":{"rendered":"\t\t<div data-elementor-type=\"wp-page\" data-elementor-id=\"1775\" class=\"elementor elementor-1775\" data-elementor-settings=\"[]\">\n\t\t\t\t\t\t\t<div class=\"elementor-section-wrap\">\n\t\t\t\t\t\t\t<section data-particle_enable=\"false\" data-particle-mobile-disabled=\"false\" class=\"elementor-section elementor-top-section elementor-element elementor-element-7ec638f elementor-section-boxed elementor-section-height-default elementor-section-height-default\" data-id=\"7ec638f\" data-element_type=\"section\">\n\t\t\t\t\t\t<div class=\"elementor-container elementor-column-gap-default\">\n\t\t\t\t\t<div class=\"elementor-column elementor-col-100 elementor-top-column elementor-element elementor-element-edc44af\" data-id=\"edc44af\" data-element_type=\"column\">\n\t\t\t<div class=\"elementor-widget-wrap elementor-element-populated\">\n\t\t\t\t\t\t\t\t<div class=\"elementor-element elementor-element-38f07b5 elementor-widget elementor-widget-heading\" data-id=\"38f07b5\" data-element_type=\"widget\" data-widget_type=\"heading.default\">\n\t\t\t\t<div class=\"elementor-widget-container\">\n\t\t\t<style>\/*! elementor - v3.5.6 - 28-02-2022 *\/\n.elementor-heading-title{padding:0;margin:0;line-height:1}.elementor-widget-heading .elementor-heading-title[class*=elementor-size-]>a{color:inherit;font-size:inherit;line-height:inherit}.elementor-widget-heading .elementor-heading-title.elementor-size-small{font-size:15px}.elementor-widget-heading .elementor-heading-title.elementor-size-medium{font-size:19px}.elementor-widget-heading .elementor-heading-title.elementor-size-large{font-size:29px}.elementor-widget-heading .elementor-heading-title.elementor-size-xl{font-size:39px}.elementor-widget-heading .elementor-heading-title.elementor-size-xxl{font-size:59px}<\/style><h2 class=\"elementor-heading-title elementor-size-default\">Privacy policy<\/h2>\t\t<\/div>\n\t\t\t\t<\/div>\n\t\t\t\t<div class=\"elementor-element elementor-element-97a3e5e elementor-widget elementor-widget-text-editor\" data-id=\"97a3e5e\" data-element_type=\"widget\" data-widget_type=\"text-editor.default\">\n\t\t\t\t<div class=\"elementor-widget-container\">\n\t\t\t<style>\/*! elementor - v3.5.6 - 28-02-2022 *\/\n.elementor-widget-text-editor.elementor-drop-cap-view-stacked .elementor-drop-cap{background-color:#818a91;color:#fff}.elementor-widget-text-editor.elementor-drop-cap-view-framed .elementor-drop-cap{color:#818a91;border:3px solid;background-color:transparent}.elementor-widget-text-editor:not(.elementor-drop-cap-view-default) .elementor-drop-cap{margin-top:8px}.elementor-widget-text-editor:not(.elementor-drop-cap-view-default) .elementor-drop-cap-letter{width:1em;height:1em}.elementor-widget-text-editor .elementor-drop-cap{float:left;text-align:center;line-height:1;font-size:50px}.elementor-widget-text-editor .elementor-drop-cap-letter{display:inline-block}<\/style>\t\t\t\tNiniejsza Polityka Prywatno\u015bci okre\u015bla zasady korzystania z serwisu internetowego oraz informuje o sposobach ochrony prywatno\u015bci danych osobowych u\u017cytkownik\u00f3w serwisu internetowego znajduj\u0105cego si\u0119 pod adresem <strong>www.old.ypp.com.pl<\/strong>, zwanego dalej \u201eSerwisem\u201d.\n<h5>\u00a71. Administrator danych osobowych<\/h5>\nAdministratorem danych osobowych u\u017cytkownik\u00f3w Serwisu jest Yellow Point Publications Natalia Sawicka, ul. Nowowiejska 110\/2, 50-340 Wroc\u0142aw, NIP: 611-26-00-889, REGON: 21150393.\n<h5>\u00a72. Czyje dane przetwarzamy<\/h5>\nportal www.old.ypp.com.pl przetwarza dane os\u00f3b, kt\u00f3re: odwiedzaj\u0105 Serwis,\nprzes\u0142a\u0142y zapytanie za po\u015brednictwem formularza kontaktowego udost\u0119pnionego na podstronach Serwisu,\nzamawiaj\u0105 us\u0142ugi na stronach Serwisu,\nkorzystaj\u0105 z us\u0142ug \u015bwiadczonych przez portal www.old.ypp.com.pl\n<h5>\u00a73. W jakim celu, zakresie i na jakiej podstawie prawnej przetwarzamy dane osobowe<\/h5>\nDane os\u00f3b odwiedzaj\u0105cych Serwis pozostaj\u0105 dla nas anonimowe i s\u0105 przetwarzane wy\u0142\u0105cznie do cel\u00f3w statystycznych s\u0142u\u017c\u0105cych badaniu aktywno\u015bci u\u017cytkownika w Serwisie. W trakcie sesji Serwis zapisuje w pami\u0119ci przegl\u0105darki u\u017cytkownika pliki cookies. Dane statystyczne udost\u0119pniamy do przetwarzania Google Inc., wykorzystuj\u0105c narz\u0119dzie Google Analitycs.\nPrzetwarzamy tak\u017ce Twoje dane osobowe, poniewa\u017c jest to niezb\u0119dne do wykonania umowy zawartej z Tob\u0105, w tym:\numo\u017cliwienia \u015bwiadczenia us\u0142ugi drog\u0105 elektroniczn\u0105, w szczeg\u00f3lno\u015bci us\u0142ugi polegaj\u0105cej na: dzier\u017cawie strony internetowej, dzier\u017cawie sklepu internetowego, dzier\u017cawie domeny;\nobs\u0142ugi zg\u0142osze\u0144, kt\u00f3re do nas kierujesz (np. przez formularz kontaktowy);\nobs\u0142ugi reklamacji w przypadku, gdy z\u0142o\u017cysz tak\u0105 reklamacj\u0119;\nkontaktowania si\u0119 z Tob\u0105, w tym w celach zwi\u0105zanych ze \u015bwiadczeniem us\u0142ug.\nDodatkowo, przepisy prawa wymagaj\u0105 od nas przetwarzania Twoich danych dla cel\u00f3w podatkowych i rachunkowych. Przetwarzamy te\u017c Twoje dane osobowe w celach wskazanych poni\u017cej, na podstawie prawnie uzasadnionego interesu portalu www.old.ypp.com.pl, kt\u00f3rym jest:\nkontaktowanie si\u0119 z Tob\u0105, w tym w celach zwi\u0105zanych z dozwolonymi dzia\u0142aniami marketingowymi, poprzez dost\u0119pne kana\u0142y komunikacji, w szczeg\u00f3lno\u015bci i za Twoj\u0105 zgod\u0105 \u2013 przez e-mail oraz telefon;\nobs\u0142uga Twoich pr\u00f3\u015bb przekazywanych w szczeg\u00f3lno\u015bci dzia\u0142owi obs\u0142ugi Klienta oraz przez formularz kontaktowy w sytuacji, gdy nie s\u0105 one zwi\u0105zane wprost z wykonaniem umowy;\nzapewnienie bezpiecze\u0144stwa us\u0142ug, kt\u00f3re \u015bwiadczymy Ci drog\u0105 elektroniczn\u0105, w tym egzekwowanie przestrzegania zasad wewn\u0119trznych www.old.ypp.com.pl oraz przeciwdzia\u0142anie oszustwom i nadu\u017cyciom i zapewnienie bezpiecze\u0144stwa ruchu;\nwindykacja nale\u017cno\u015bci; prowadzenie post\u0119powa\u0144 s\u0105dowych;\norganizacja program\u00f3w lojalno\u015bciowych, konkurs\u00f3w oraz akcji promocyjnych, w kt\u00f3rych mo\u017cesz wzi\u0105\u0107 udzia\u0142;\nprowadzenie analiz statystycznych;\nprzechowywanie danych dla cel\u00f3w archiwizacyjnych, oraz zapewnienie rozliczalno\u015bci (wykazania spe\u0142nienia przez nas obowi\u0105zk\u00f3w wynikaj\u0105cych z przepis\u00f3w prawa)\n<h5>\u00a74. Czas przechowywania danych osobowych. <\/h5>\nDane osobowe, niezb\u0119dne do wykonania us\u0142ugi s\u0105 przechowywane przez ca\u0142y czas obowi\u0105zywania umowy, a po jej zako\u0144czeniu dane osobowe klient\u00f3w znajduj\u0105ce si\u0119 w dokumentacji rozliczeniowej b\u0119d\u0105 przetwarzane przez okres konieczny do prowadzenia sprawozdawczo\u015bci finansowej.\nDane osobowe mog\u0105 by\u0107 przetwarzane po zako\u0144czeniu umowy, w celu dochodzenia roszcze\u0144 z tytu\u0142u nierozliczonych p\u0142atno\u015bci do momentu rozliczenia finansowego Stron.\nPozosta\u0142e dane osobowe b\u0119d\u0105 przechowywane wy\u0142\u0105cznie do czasu zrealizowania celu, do kt\u00f3rego zosta\u0142y zebrane.\n<h5>\u00a75. Prawa osoby, kt\u00f3rej dane dotycz\u0105. <\/h5>\nGwarantujemy spe\u0142nienie wszystkich Twoich praw wynikaj\u0105cych z og\u00f3lnego rozporz\u0105dzenia o ochronie danych, tj. prawo dost\u0119pu, sprostowania oraz usuni\u0119cia Twoich danych, ograniczenia ich przetwarzania, prawo do ich przenoszenia, niepodlegania zautomatyzowanemu podejmowaniu decyzji, w tym profilowaniu, a tak\u017ce prawo do wyra\u017cenia sprzeciwu wobec przetwarzania Twoich danych osobowych.\n<h5>\u00a76. Podanie danych<\/h5>\nWymagamy podania przez Ciebie nast\u0119puj\u0105cych danych osobowych, aby m\u00f3c zawrze\u0107 i wykona\u0107 umow\u0119 zawart\u0105 z Tob\u0105, a tym samym \u015bwiadczy\u0107 Ci us\u0142ug\u0119:\nimi\u0119, nazwisko lub informacje o Twojej firmie,\ndane adresowe,\nadres e-mail i numer telefonu.\nJe\u017celi wymagaj\u0105 tego przepisy prawa, mo\u017cemy wymaga\u0107 od Ciebie podania innych danych niezb\u0119dnych np. ze wzgl\u0119d\u00f3w rachunkowych. Poza tymi przypadkami podanie Twoich danych jest dobrowolne.\n<h5>\u00a77. Ciasteczka\nSerwis u\u017cywa niewielkich plik\u00f3w, zwanych cookies.<\/h5> Zapisywane s\u0105 one przez serwer na komputerze osoby odwiedzaj\u0105cej strony Serwisu. Wykorzystujemy pliki cookies w nast\u0119puj\u0105cych celach:\nzachowania informacji dotycz\u0105cych sesji u\u017cytkownika np. informacje o zalogowaniu,\nstatystycznych \u2013 informacje o pierwszej\/ostatniej wizycie w serwisie, czasie trwania odwiedzin, przegl\u0105danych podstronach, \u017ar\u00f3d\u0142ach z kt\u00f3rych u\u017cytkownik trafi\u0142 na stron\u0119 serwisu,\nWykorzystywane przez serwis pliki cookies nie daj\u0105 mo\u017cliwo\u015bci zidentyfikowania to\u017csamo\u015bci osoby. U\u017cytkownik mo\u017ce ograniczy\u0107 lub wy\u0142\u0105czy\u0107 dost\u0119p plik\u00f3w w ustawieniach \u2013 opcjach swojej przegl\u0105darki.\n<h5>\u00a78. Dost\u0119p do danych os\u00f3b trzecich<\/h5>\nBezpo\u015bredni dost\u0119p do danych osobowych przetwarzanych przez www.old.ypp.com.pl maj\u0105 wy\u0142\u0105cznie osoby upowa\u017cnione przez administratora danych osobowych do takiego dost\u0119pu.\nDane osobowe przetwarzane w zbiorach portalu www.old.ypp.com.pl mog\u0105 by\u0107 udost\u0119pniane podmiotom uprawnionym do ich otrzymania na mocy obowi\u0105zuj\u0105cych przepis\u00f3w prawa, a w szczeg\u00f3lno\u015bci w\u0142a\u015bciwym organom wymiaru sprawiedliwo\u015bci.\n<h5>\u00a79. Zabezpieczenia oraz ochrona danych osobowych <\/h5>\nPortal www.old.ypp.com.pl o\u015bwiadcza, \u017ce przetwarza dane osobowe podane lub powierzone przez U\u017cytkownik\u00f3w zgodnie z ustaw\u0105 z dnia 29 sierpnia 1997 r. o ochronie danych osobowych oraz \u017ce stosuje \u015brodki techniczne i organizacyjne zapewniaj\u0105ce ochron\u0119 przetwarzanych danych odpowiedni\u0105 do zagro\u017ce\u0144 oraz kategorii danych obj\u0119tych ochron\u0105, a w szczeg\u00f3lno\u015bci zabezpiecza dane osobowe U\u017cytkownik\u00f3w przed udost\u0119pnieniem ich osobom nieupowa\u017cnionym, utrat\u0105 czy uszkodzeniem.\n<h5>\u00a710. Kontakt z nami<\/h5>\nWszelkie dodatkowe pytania zwi\u0105zane z Polityk\u0105 Prywatno\u015bci prosimy kierowa\u0107 na adres ypp@old.ypp.com.pl\n<h5>\u00a711. Zmiany Polityki Prywatno\u015bci<\/h5>\nPortal <strong>www.old.ypp.com.pl<\/strong> zastrzega sobie prawo do wprowadzania zmian w Polityce Prywatno\u015bci.\t\t\t\t\t\t<\/div>\n\t\t\t\t<\/div>\n\t\t\t\t\t<\/div>\n\t\t<\/div>\n\t\t\t\t\t\t\t<\/div>\n\t\t<\/section>\n\t\t\t\t\t\t<\/div>\n\t\t\t\t\t<\/div>\n\t\t","protected":false},"excerpt":{"rendered":"<p>Privacy policy Niniejsza Polityka Prywatno\u015bci okre\u015bla zasady korzystania z serwisu internetowego oraz informuje o sposobach ochrony prywatno\u015bci danych osobowych u\u017cytkownik\u00f3w serwisu internetowego znajduj\u0105cego si\u0119 pod adresem www.old.ypp.com.pl, zwanego dalej \u201eSerwisem\u201d. \u00a71. Administrator danych osobowych Administratorem danych osobowych u\u017cytkownik\u00f3w Serwisu jest Yellow Point Publications Natalia Sawicka, ul. Nowowiejska 110\/2, 50-340 Wroc\u0142aw, NIP: 611-26-00-889, REGON: 21150393. \u00a72. [&hellip;]<\/p>\n","protected":false},"author":1,"featured_media":0,"parent":0,"menu_order":0,"comment_status":"closed","ping_status":"closed","template":"elementor_header_footer","meta":[],"_links":{"self":[{"href":"https:\/\/old.ypp.com.pl\/en\/wp-json\/wp\/v2\/pages\/1775"}],"collection":[{"href":"https:\/\/old.ypp.com.pl\/en\/wp-json\/wp\/v2\/pages"}],"about":[{"href":"https:\/\/old.ypp.com.pl\/en\/wp-json\/wp\/v2\/types\/page"}],"author":[{"embeddable":true,"href":"https:\/\/old.ypp.com.pl\/en\/wp-json\/wp\/v2\/users\/1"}],"replies":[{"embeddable":true,"href":"https:\/\/old.ypp.com.pl\/en\/wp-json\/wp\/v2\/comments?post=1775"}],"version-history":[{"count":4,"href":"https:\/\/old.ypp.com.pl\/en\/wp-json\/wp\/v2\/pages\/1775\/revisions"}],"predecessor-version":[{"id":1819,"href":"https:\/\/old.ypp.com.pl\/en\/wp-json\/wp\/v2\/pages\/1775\/revisions\/1819"}],"wp:attachment":[{"href":"https:\/\/old.ypp.com.pl\/en\/wp-json\/wp\/v2\/media?parent=1775"}],"curies":[{"name":"wp","href":"https:\/\/api.w.org\/{rel}","templated":true}]}}