{"id":1915,"date":"2022-01-09T18:00:08","date_gmt":"2022-01-09T18:00:08","guid":{"rendered":"http:\/\/ypp.com.pl\/?post_type=product&#038;p=1915"},"modified":"2024-01-29T08:26:45","modified_gmt":"2024-01-29T08:26:45","slug":"anna-zdarska-stredoveke-sklo-z-prahy","status":"publish","type":"product","link":"https:\/\/old.ypp.com.pl\/en\/anna-zdarska-stredoveke-sklo-z-prahy\/","title":{"rendered":"Anna \u017d\u010f\u00e1rsk\u00e1 &#8220;St\u0159edov\u011bk\u00e9 sklo z Prahy&#8221;"},"content":{"rendered":"<p>Spis tre\u015bci<\/p>\n<ul>\n<li>N\u00e1stin v\u00fdvoje dom\u00e1c\u00edho skl\u00e1\u0159stv\u00ed v obdob\u00ed vrcholn\u00e9ho st\u0159edov\u011bku \/ 9<\/li>\n<li>P\u0159ehled d\u011bjin b\u00e1d\u00e1n\u00ed \/13<\/li>\n<li>Publikovan\u00e9 n\u00e1lezy \/ 17<\/li>\n<li>Katalog lokalit \/ 25<\/li>\n<li>Typologick\u00e9 spektrum skla \/ 99<\/li>\n<li>V\u00fdskyt sklen\u011bn\u00fdch n\u00e1dob \/ 123<\/li>\n<li>Soci\u00e1ln\u00ed kontext \/ 127<\/li>\n<li>Pra\u017esk\u00e9 sklo v kontextu \u010desk\u00fdch zem\u00ed \/ 135<\/li>\n<li>Chemick\u00e9 slo\u017een\u00ed skel (Z. Zl\u00e1malov\u00e1 C\u00edlov\u00e1) \/ 139<\/li>\n<li>Z\u00e1v\u011br \/ 157<\/li>\n<li>Prameny a literatura \/ 159<\/li>\n<\/ul>\n","protected":false},"excerpt":{"rendered":"<p>Praha 2014<\/p>\n<p>Format: 297 x 210<\/p>\n<p>Strony: 188<\/p>\n<p>Publikacja w j\u0119zyku czeskim<\/p>\n<p>Seria, numer: Archeologick\u00e9 prameny k d\u011bjin\u00e1m Prahy 7<\/p>\n<p>ISBN 978-80-87220-14-6<\/p>\n<p>ISSN 1803-232X(APDP)<\/p>\n<p>&nbsp;<\/p>\n<p>Recenzja:<\/p>\n<p>PhDr. Eva \u010cern\u00e1<\/p>\n<p>PhDr. Franti\u0161ek Fr\u00fdda<\/p>\n<p>&nbsp;<\/p>\n","protected":false},"featured_media":3134,"comment_status":"open","ping_status":"closed","template":"","meta":[],"product_cat":[74,126,82,76],"product_tag":[],"_links":{"self":[{"href":"https:\/\/old.ypp.com.pl\/en\/wp-json\/wp\/v2\/product\/1915"}],"collection":[{"href":"https:\/\/old.ypp.com.pl\/en\/wp-json\/wp\/v2\/product"}],"about":[{"href":"https:\/\/old.ypp.com.pl\/en\/wp-json\/wp\/v2\/types\/product"}],"replies":[{"embeddable":true,"href":"https:\/\/old.ypp.com.pl\/en\/wp-json\/wp\/v2\/comments?post=1915"}],"wp:featuredmedia":[{"embeddable":true,"href":"https:\/\/old.ypp.com.pl\/en\/wp-json\/wp\/v2\/media\/3134"}],"wp:attachment":[{"href":"https:\/\/old.ypp.com.pl\/en\/wp-json\/wp\/v2\/media?parent=1915"}],"wp:term":[{"taxonomy":"product_cat","embeddable":true,"href":"https:\/\/old.ypp.com.pl\/en\/wp-json\/wp\/v2\/product_cat?post=1915"},{"taxonomy":"product_tag","embeddable":true,"href":"https:\/\/old.ypp.com.pl\/en\/wp-json\/wp\/v2\/product_tag?post=1915"}],"curies":[{"name":"wp","href":"https:\/\/api.w.org\/{rel}","templated":true}]}}