{"id":1916,"date":"2022-01-09T18:00:08","date_gmt":"2022-01-09T18:00:08","guid":{"rendered":"http:\/\/ypp.com.pl\/?post_type=product&#038;p=1916"},"modified":"2024-01-29T08:26:50","modified_gmt":"2024-01-29T08:26:50","slug":"jan-havrda-michal-tryml-nebovidy-stredoveka-osada-v-prazskem-podhradi","status":"publish","type":"product","link":"https:\/\/old.ypp.com.pl\/en\/jan-havrda-michal-tryml-nebovidy-stredoveka-osada-v-prazskem-podhradi\/","title":{"rendered":"Jan Havrda, Michal Tryml &#8220;Nebovidy. St\u0159edov\u011bk\u00e1 osada v pra\u017esk\u00e9m podhrad\u00ed&#8221;"},"content":{"rendered":"<p>Spis tre\u015bci<\/p>\n<p>I. Nebovidy<\/p>\n<ul>\n<li>\u00davod<\/li>\n<li>V\u00fdpov\u011b\u010f p\u00edsemn\u00fdch pramen\u016f<\/li>\n<li>P\u0159\u00edrodn\u00ed prost\u0159ed\u00ed a zdroje nerostn\u00fdch surovin<\/li>\n<li>Nejstar\u0161\u00ed os\u00eddlen\u00ed<\/li>\n<li>Ran\u011b st\u0159edov\u011bk\u00e9 opevn\u011bn\u00ed podhrad\u00ed<\/li>\n<li>Rom\u00e1nsk\u00e1 architektura<\/li>\n<li>Gotick\u00e9 kl\u00e1\u0161tery<\/li>\n<li>H\u0159bitovn\u00ed are\u00e1ly<\/li>\n<li>Komunikace<\/li>\n<li>\u0158emesln\u00e1 v\u00fdroba<\/li>\n<li>Osada Nebovidy<\/li>\n<li>Diskuse a z\u00e1v\u011br<\/li>\n<li>Exkurs. Archeologick\u00e9 kulturn\u00ed d\u011bdictv\u00ed<\/li>\n<\/ul>\n<p>II . Studie<\/p>\n<ul>\n<li>Kostel sv. Vav\u0159ince. P\u0159ehled dosavadn\u00edch pr\u016fzkum\u016f stavby,\u00a0<em>Ji\u0159\u00ed Varhan\u00edk<\/em><\/li>\n<li>St\u0159edov\u011bk\u00e9 n\u00e1st\u011bnn\u00e9 malby v kostele sv. Vav\u0159ince pod Pet\u0159\u00ednem na Mal\u00e9 Stran\u011b v Praze,\u00a0<em>Zuzana V\u0161ete\u010dkov\u00e1<\/em><\/li>\n<li>Poh\u0159ebi\u0161t\u011b u kostela sv. Vav\u0159ince v Nebovidech. Z\u00e1kladn\u00ed antropologick\u00e9 zpracov\u00e1n\u00ed,\u00a0<em>Pavel Kub\u00e1lek<\/em><\/li>\n<li>Fl\u00f3ra a vegetace Nebovid,\u00a0<em>Petr Ko\u010d\u00e1r \u2013 Romana Ko\u010d\u00e1rov\u00e1<\/em><\/li>\n<li>Stopy ne\u017eelezn\u00e9 metalurgie,\u00a0<em>Jan Zav\u0159el<\/em><\/li>\n<\/ul>\n<p>III. Katalog archeologick\u00fdch v\u00fdzkum\u016f<\/p>\n<ul>\n<li>A\u00a0\u00a0\u00a0\u00a0\u00a0\u00a0\u00a0\u00a0 Hellichova ulice pp\u010d. 1054, v\u00fdstavba odvod\u0148ovac\u00edho potrub\u00ed, v\u00fdzkum 1969<\/li>\n<li>B\u00a0\u00a0\u00a0\u00a0\u00a0\u00a0\u00a0\u00a0 Hellichova ulice pp\u010d. 1054, rekonstrukce st\u0159edotlak\u00e9ho plynovodu, v\u00fdzkum 1977<\/li>\n<li>C\u00a0\u00a0\u00a0\u00a0\u00a0\u00a0\u00a0\u00a0 Karmelitsk\u00e1 ulice a Nebovidsk\u00e1 ulice, v\u00fdkopy pro in\u017een\u00fdrsk\u00e9 s\u00edt\u011b, v\u00fdzkum 1979<\/li>\n<li>D\u00a0\u00a0\u00a0\u00a0\u00a0\u00a0\u00a0\u00a0 Hellichova ulice \u010dp. 459, kanaliza\u010dn\u00ed \u0161achta, v\u00fdzkum 1979<\/li>\n<li>E\u00a0\u00a0\u00a0\u00a0\u00a0\u00a0\u00a0\u00a0\u00a0 ulice \u00dajezd \u010dp. 450, teplovod na n\u00e1dvo\u0159\u00ed Tyr\u0161ova domu, v\u00fdzkum 1983\u201385<\/li>\n<li>F\u00a0\u00a0\u00a0\u00a0\u00a0\u00a0\u00a0\u00a0\u00a0 Hellichova ulice \u010dp. 553, rekonstrukce kostela sv. Vav\u0159ince, v\u00fdzkumy 1967\u201368, 1984, 1985<\/li>\n<li>G\u00a0\u00a0\u00a0\u00a0\u00a0\u00a0\u00a0\u00a0 Nosticova ulice \u010dp. 634, rekonstrukce objektu, v\u00fdzkum<\/li>\n<li>H\u00a0\u00a0\u00a0\u00a0\u00a0\u00a0\u00a0\u00a0 ulice \u00dajezd p\u0159ed \u010dp. 450, p\u0159em\u011bna el. nap\u011bt\u00ed, v\u00fdzkum<\/li>\n<li>I\u00a0\u00a0\u00a0\u00a0\u00a0\u00a0\u00a0\u00a0\u00a0\u00a0 \u00dajezd \u010dp. 450, rekonstrukce t\u011blocvi\u010dny Tyr\u0161ova domu, v\u00fdzkum<\/li>\n<li>J\u00a0\u00a0\u00a0\u00a0\u00a0\u00a0\u00a0\u00a0\u00a0 Karmelitsk\u00e1 ulice \u010dp. 528 a \u00dajezd \u010dp. 389, v\u00fdkopy pro in\u017een\u00fdrsk\u00e9 s\u00edt\u011b, v\u00fdzkum<\/li>\n<li>K\u00a0\u00a0\u00a0\u00a0\u00a0\u00a0\u00a0\u00a0 Nosticova ulice, v\u00fdkop pro in\u017een\u00fdrsk\u00e9 s\u00edt\u011b, v\u00fdzkum 1992<\/li>\n<li>L\u00a0\u00a0\u00a0\u00a0\u00a0\u00a0\u00a0\u00a0\u00a0 Nosticova ulice \u010dp. 463, rekonstrukce domu, v\u00fdzkum. 1996<\/li>\n<li>M\u00a0\u00a0\u00a0\u00a0\u00a0\u00a0\u00a0\u00a0 Hellichova ulice \u010dp. 632, novostavba domu, v\u00fdzkum 1999<\/li>\n<li>N\u00a0\u00a0\u00a0\u00a0\u00a0\u00a0\u00a0\u00a0 Malt\u00e9zsk\u00e9 n\u00e1m\u011bst\u00ed \u010dp. 471, rekonstrukce Nostick\u00e9ho pal\u00e1ce, v\u00fdzkum 1998<\/li>\n<li>O\u00a0\u00a0\u00a0\u00a0\u00a0\u00a0\u00a0\u00a0 Pelclova ulice \u010dp. 460, rekonstrukce domu, v\u00fdzkum 2000<\/li>\n<li>P\u00a0\u00a0\u00a0\u00a0\u00a0\u00a0\u00a0\u00a0\u00a0 Karmelitsk\u00e1 ulice \u010dp. 528, v\u00fdstavba teplovodu, v\u00fdzkum 1999\u20132001<\/li>\n<li>Q\u00a0\u00a0\u00a0\u00a0\u00a0\u00a0\u00a0\u00a0 Karmelitsk\u00e1 ulice \u010dp. 529, rekonstrukce domu, v\u00fdzkumy 1985 a 2000<\/li>\n<li>R\u00a0\u00a0\u00a0\u00a0\u00a0\u00a0\u00a0\u00a0 ulice \u00dajezd, rekonstrukce tramvajov\u00e9 trat\u011b a in\u017een\u00fdrsk\u00fdch s\u00edt\u00ed, v\u00fdzkum 2001<\/li>\n<li>S\u00a0\u00a0\u00a0\u00a0\u00a0\u00a0\u00a0\u00a0\u00a0 Karmelitsk\u00e1 ulice a ulice \u00dajezd, rekonstrukce tramvajov\u00e9 trat\u011b a in\u017een\u00fdrsk\u00fdch s\u00edt\u00ed, v\u00fdzkum 2002<\/li>\n<li>T\u00a0\u00a0\u00a0\u00a0\u00a0\u00a0\u00a0\u00a0\u00a0 Karmelitsk\u00e1 ulice \u010dp. 388, rekonstrukce objektu, v\u00fdzkum 2002<\/li>\n<li>U\u00a0\u00a0\u00a0\u00a0\u00a0\u00a0\u00a0\u00a0 ulice \u00dajezd u \u010dp. 450, zji\u0161\u0165ovac\u00ed sonda na n\u00e1dvo\u0159\u00ed Tyr\u0161ova domu, v\u00fdzkum<\/li>\n<li>V\u00a0\u00a0\u00a0\u00a0\u00a0\u00a0\u00a0\u00a0 Karmelitsk\u00e1 ulice \u010dp. 378, rekonstrukce domu na hotel Mandarin, v\u00fdzkum 2003\u20132005<\/li>\n<li>W\u00a0\u00a0\u00a0\u00a0\u00a0\u00a0\u00a0 Nebovidsk\u00e1 \u010dp. 459, rekonstrukce objektu na hotel Mandarin, v\u00fdzkum 2003\u20132004<\/li>\n<li>X\u00a0\u00a0\u00a0\u00a0\u00a0\u00a0\u00a0\u00a0 Hellichova ulice, rekonstrukce de\u0161\u0165ov\u00e9 kanalizace, v\u00fdzkum 2008<\/li>\n<li>Y\u00a0\u00a0\u00a0\u00a0\u00a0\u00a0\u00a0\u00a0 Hellichova ulice, v\u00fdkop pro hydroizolaci domu \u010dp. 300, v\u00fdzkum 2008<\/li>\n<li>Z\u00a0\u00a0\u00a0\u00a0\u00a0\u00a0\u00a0\u00a0\u00a0 V\u0161ehrdova ulice p\u0159ed \u010dp. 430 a Karmelitsk\u00e1 ulice p\u0159ed \u010dp. 528, kanaliza\u010dn\u00ed \u0161achty, v\u00fdzkum 2009<\/li>\n<li>\u017d\u00a0\u00a0\u00a0\u00a0\u00a0\u00a0\u00a0\u00a0\u00a0 Hellichova ulice \u010dp. 464, rekonstrukce domu, v\u00fdzkum 2011<\/li>\n<\/ul>\n<p>IV.<\/p>\n<ul>\n<li>Prameny a nepublikovan\u00e9 pr\u00e1ce<\/li>\n<li>Literatura<\/li>\n<\/ul>\n<p>Summary<\/p>\n<p>I.\u00a0Nebovidy<\/p>\n<ul>\n<li>Nebovidy. Mediaeval settlement around Prague Castle<\/li>\n<\/ul>\n<p>II.\u00a0Papers<\/p>\n<ul>\n<li>The church of St. Lawrence,\u00a0<em>Ji\u0159\u00ed Varhan\u00edk<\/em><\/li>\n<li>Mediaeval wall paintings in the church of St. Lawrence,\u00a0<em>Zuzana V\u0161ete\u010dkov\u00e1<\/em><\/li>\n<li>Burial Ground at the church of St. Lawrence. Preliminary results of antropological research,\u00a0<em>Pavel Kub\u00e1lek<\/em><\/li>\n<li>Traces of recovered metalurgical objects,\u00a0<em>Jan Zav\u0159el\u00a0<\/em>The flora and vegetation of Nebovidy,\u00a0<em>Petr Ko\u010d\u00e1r \u2013 Romana Ko\u010d\u00e1rov\u00e1<\/em><\/li>\n<\/ul>\n","protected":false},"excerpt":{"rendered":"<p>Praha 2014<\/p>\n<p>Wydawca: NP\u00da, \u00daOP v hl. m\u011bst\u011b Praze<\/p>\n<p>Format: 297 x 210 mm<\/p>\n<p>Strony: 4776<\/p>\n<p>Oprawa twarda<\/p>\n<p>Seria, numer: Archeologick\u00e9 Prameny k D\u011bjin\u00e1m Prahy 6<\/p>\n<p>Publikacja w j\u0119zyku czeski, zawiera streszczenie w j\u0119zyku angielskim<\/p>\n<p>ISBN 978-80-87220-12-2<\/p>\n<p>ISSN1803-232X(APDP)<\/p>\n<p>&nbsp;<\/p>\n<p>Recenzja<\/p>\n<p>Prof. PhDr. Jan Kl\u00e1p\u0161t\u011b, CSc.<\/p>\n<p>&nbsp;<\/p>\n","protected":false},"featured_media":3132,"comment_status":"open","ping_status":"closed","template":"","meta":[],"product_cat":[74,126,82,76],"product_tag":[],"_links":{"self":[{"href":"https:\/\/old.ypp.com.pl\/en\/wp-json\/wp\/v2\/product\/1916"}],"collection":[{"href":"https:\/\/old.ypp.com.pl\/en\/wp-json\/wp\/v2\/product"}],"about":[{"href":"https:\/\/old.ypp.com.pl\/en\/wp-json\/wp\/v2\/types\/product"}],"replies":[{"embeddable":true,"href":"https:\/\/old.ypp.com.pl\/en\/wp-json\/wp\/v2\/comments?post=1916"}],"wp:featuredmedia":[{"embeddable":true,"href":"https:\/\/old.ypp.com.pl\/en\/wp-json\/wp\/v2\/media\/3132"}],"wp:attachment":[{"href":"https:\/\/old.ypp.com.pl\/en\/wp-json\/wp\/v2\/media?parent=1916"}],"wp:term":[{"taxonomy":"product_cat","embeddable":true,"href":"https:\/\/old.ypp.com.pl\/en\/wp-json\/wp\/v2\/product_cat?post=1916"},{"taxonomy":"product_tag","embeddable":true,"href":"https:\/\/old.ypp.com.pl\/en\/wp-json\/wp\/v2\/product_tag?post=1916"}],"curies":[{"name":"wp","href":"https:\/\/api.w.org\/{rel}","templated":true}]}}