{"id":1918,"date":"2022-01-09T18:00:08","date_gmt":"2022-01-09T18:00:08","guid":{"rendered":"http:\/\/ypp.com.pl\/?post_type=product&#038;p=1918"},"modified":"2024-01-29T08:26:55","modified_gmt":"2024-01-29T08:26:55","slug":"staleta-praha-2-2020","status":"publish","type":"product","link":"https:\/\/old.ypp.com.pl\/en\/staleta-praha-2-2020\/","title":{"rendered":"Stalet\u00e1 Praha 2\/2020"},"content":{"rendered":"<p>Spis tre\u015bci<\/p>\n<ul>\n<li>Martin Mus\u00edlek \/ Majitel\u00e9 \u2013 n\u00e1jemci \u2013 podn\u00e1jemn\u00edci. Topografick\u00e9, hospod\u00e1\u0159sk\u00e9 a soci\u00e1ln\u00ed sou\u0159adnice n\u00e1jemn\u00edho bydlen\u00ed ve\u00a0st\u0159edov\u011bk\u00e9 Praze.\u00a0<em>Typy n\u00e1jemn\u00edho bydlen\u00ed na Star\u00e9m M\u011bst\u011b pra\u017esk\u00e9m prost\u0159ednictv\u00edm rozboru starom\u011bstsk\u00fdch bern\u00edch knih a bern\u00edch rejst\u0159\u00edk\u016f z\u00a0let 1427 a 1429 s\u00a0p\u0159ihl\u00e9dnut\u00edm k\u00a0bern\u00edmu rejst\u0159\u00edku 1433\/1434<\/em><\/li>\n<li>Helena Bro\u017ekov\u00e1, Hedvika Sedl\u00e1\u010dkov\u00e1 \/ St\u0159edov\u011bk\u00e9 sklo ve sb\u00edrce Vojt\u011bcha Lanny a\u00a0v\u00a0Um\u011bleckopr\u016fmyslov\u00e9m museu v\u00a0Praze.\u00a0<em>Prezentace sb\u00edrky st\u0159edov\u011bk\u00e9ho skla v Um\u011bleckopr\u016fmyslov\u00e9m museu s t\u011b\u017ei\u0161t\u011bm v darech Vojt\u011bcha Lanny, s provenienc\u00ed, analogiemi a vyobrazen\u00edm k jednotliv\u00fdm sb\u00edrkov\u00fdm p\u0159edm\u011bt\u016fm, zejm\u00e9na z oblasti dut\u00e9ho skla<\/em><\/li>\n<li>Na\u010fa Profantov\u00e1, Anna Plevov\u00e1 \/ Motiv postavy tan\u010d\u00edc\u00ed v\u00a0pod\u0159epu na ozdob\u011b z\u00a08.\u00a0stolet\u00ed ze severn\u00edho okraje Prahy<em>. Na asfaltu n\u00e1hodn\u011b le\u017e\u00edc\u00ed unik\u00e1tn\u00ed ran\u011b st\u0159edov\u011bk\u00fd \u010dl\u00e1nek z kov\u00e1n\u00ed opasku byl podn\u011btem pro drobnou materi\u00e1lovou studii o\u00a0skupin\u011b n\u00e1lez\u016f zejm\u00e9na z karpatsk\u00e9 oblasti, kter\u00e9 maj\u00ed vztah d\u00e1le na v\u00fdchod<\/em><\/li>\n<li>Petr Uli\u010dn\u00fd \/ Kaple Bo\u017e\u00edho T\u011bla na Karlov\u011b n\u00e1m\u011bst\u00ed v\u00a0Praze. Forma, funkce, v\u00fdznam<em>. Ojedin\u011bl\u00e1 achitektonick\u00e1 pam\u00e1tka lucembursk\u00e9 doby, zanikl\u00e1 p\u0159ed v\u00edce ne\u017e dv\u011bma sty lety, st\u00e1le vzbuzuje \u0159adu z\u00e1va\u017en\u00fdch ot\u00e1zek jak ohledn\u011b jej\u00ed vn\u011bj\u0161\u00ed i vnit\u0159n\u00ed podoby a jej\u00edho pom\u011bru k sousedn\u00ed samostatn\u011b stoj\u00edc\u00ed ostatkov\u00e9 v\u011b\u017ei, tak ohledn\u011b urbanistick\u00e9 geneze t\u00e9to \u010d\u00e1sti Nov\u00e9ho M\u011bsta, jej\u00edch ideov\u00fdch i form\u00e1ln\u00edch vzor\u016f a v\u00fdznamu ukazov\u00e1n\u00ed c\u00edsa\u0159sk\u00fdch insigni\u00ed a relikvi\u00ed v kontextu duchovn\u00edho \u017eivota, festivit a politicko-mocensk\u00e9 reprezentace<\/em><\/li>\n<li>Gabriela Bla\u017ekov\u00e1, \u0160\u00e1rka K\u0159\u00ed\u017eov\u00e1 \/ Ran\u011b novov\u011bk\u00e9 a novov\u011bk\u00e9 n\u00e1lezy skel ze\u00a0dvou\u00a0odpadn\u00edch j\u00edmek z\u00a0vnit\u0159n\u00edho dvora Salmovsk\u00e9ho pal\u00e1ce v\u00a0Praze.\u00a0<em>Fragmenty sklen\u011bn\u00fdch p\u0159edm\u011bt\u016f, z typologick\u00e9ho i chemick\u00e9ho hlediska r\u016fzn\u00fdch kategori\u00ed, vypov\u00eddaj\u00ed o n\u00e1\u010din\u00ed pou\u017e\u00edvan\u00e9m v 17.\u201318. stolet\u00ed obyvateli sousedn\u00edho Schwarzenbersk\u00e9ho pal\u00e1ce na Hrad\u010danech<\/em><\/li>\n<li>Matou\u0161 Semer\u00e1d, Pavel Taibl, Martin Mus\u00edlek \/ V\u00fdvoj z\u00e1stavby na parcele domu \u010dp. 887\/II v ulici Nek\u00e1zanka jako p\u0159\u00edklad sekund\u00e1rn\u00ed parcelace jednoho z blok\u016f Nov\u00e9ho M\u011bsta pra\u017esk\u00e9ho<em>. Anal\u00fdza archeologick\u00fdch a stavebn\u011bhistorick\u00fdch situac\u00ed p\u0159in\u00e1\u0161\u00ed nov\u00e1 zji\u0161t\u011bn\u00ed ohledn\u011b v\u00fdvoje st\u0159edov\u011bk\u00e9 z\u00e1stavby v dne\u0161n\u00ed ulici Nek\u00e1zanka na Nov\u00e9m M\u011bst\u011b pra\u017esk\u00e9m, kde m\u016f\u017eeme identifikovat n\u011bkolik nov\u011b objeven\u00fdch poz\u016fstatk\u016f m\u011b\u0161\u0165ansk\u00fdch dom\u016f<\/em><\/li>\n<\/ul>\n<p>Bibliografie<\/p>\n<ul>\n<li>V\u011bstn\u00edk Klubu Za starou Prahu (1910\u20132015) : Tematick\u00fd rejst\u0159\u00edk<\/li>\n<\/ul>\n<p>Aktuality<\/p>\n<ul>\n<li>Stavebn\u011bhistorick\u00e9 a operativn\u00ed pr\u016fzkumy a\u00a0dokumentace proveden\u00e9 NP\u00da \u00daOP v\u00a0Praze v\u00a0roce 2019<\/li>\n<li>Prvn\u00ed patro Velkop\u0159evorsk\u00e9ho pal\u00e1ce na pl\u00e1nu z\u00a0let 1725\u20131726<\/li>\n<li>K\u0159\u00ed\u017e nad Huascar\u00e1nem : Vzpom\u00ednka na trag\u00e9dii expedice Peru 1970<\/li>\n<li>In memoriam Ing. Jany R\u016f\u017ei\u010dkov\u00e9<\/li>\n<li>Patrick Julian Foster zn\u00e1m\u00fd i nezn\u00e1m\u00fd<\/li>\n<\/ul>\n","protected":false},"excerpt":{"rendered":"<p>Praha 2020<\/p>\n<p>Wydawca: NP\u00da, \u00daOP v hl. m\u011bst\u011b Praze<\/p>\n<p>Format: 297 x 210 mm<\/p>\n<p>Strony: 196<\/p>\n<p>Oprawa mi\u0119kka<\/p>\n<p>Seria, numer: Stalet\u00e1 Praha 2\/2020<\/p>\n<p>Publikacja w j\u0119zyku czeskim, streszczenie w j\u0119zyku angielskim<\/p>\n<p>ISSN 0231-6056<\/p>\n","protected":false},"featured_media":3128,"comment_status":"open","ping_status":"closed","template":"","meta":[],"product_cat":[74,126,82,76],"product_tag":[],"_links":{"self":[{"href":"https:\/\/old.ypp.com.pl\/en\/wp-json\/wp\/v2\/product\/1918"}],"collection":[{"href":"https:\/\/old.ypp.com.pl\/en\/wp-json\/wp\/v2\/product"}],"about":[{"href":"https:\/\/old.ypp.com.pl\/en\/wp-json\/wp\/v2\/types\/product"}],"replies":[{"embeddable":true,"href":"https:\/\/old.ypp.com.pl\/en\/wp-json\/wp\/v2\/comments?post=1918"}],"wp:featuredmedia":[{"embeddable":true,"href":"https:\/\/old.ypp.com.pl\/en\/wp-json\/wp\/v2\/media\/3128"}],"wp:attachment":[{"href":"https:\/\/old.ypp.com.pl\/en\/wp-json\/wp\/v2\/media?parent=1918"}],"wp:term":[{"taxonomy":"product_cat","embeddable":true,"href":"https:\/\/old.ypp.com.pl\/en\/wp-json\/wp\/v2\/product_cat?post=1918"},{"taxonomy":"product_tag","embeddable":true,"href":"https:\/\/old.ypp.com.pl\/en\/wp-json\/wp\/v2\/product_tag?post=1918"}],"curies":[{"name":"wp","href":"https:\/\/api.w.org\/{rel}","templated":true}]}}