{"id":1919,"date":"2022-01-09T18:00:08","date_gmt":"2022-01-09T18:00:08","guid":{"rendered":"http:\/\/ypp.com.pl\/?post_type=product&#038;p=1919"},"modified":"2024-01-29T08:27:13","modified_gmt":"2024-01-29T08:27:13","slug":"staleta-praha-2-2019","status":"publish","type":"product","link":"https:\/\/old.ypp.com.pl\/en\/staleta-praha-2-2019\/","title":{"rendered":"Stalet\u00e1 Praha 2\/2019"},"content":{"rendered":"<p>Spis tre\u015bci<\/p>\n<p>Studie<\/p>\n<ul>\n<li>Zuzana Bl\u00e1hov\u00e1-Sklen\u00e1\u0159ov\u00e1 \/ Kyjsk\u00e1 ostro\u017ena od prav\u011bku po novov\u011bk ve sv\u011btle archeologick\u00fdch pramen\u016f.\u00a0<em>Sumarizace v\u00fdsledk\u016f archeologick\u00e9ho b\u00e1d\u00e1n\u00ed v b\u00fdval\u00e9 vsi Kyje a jej\u00edm okol\u00ed od prav\u011bku po hrobov\u00e9 n\u00e1lezy z 18. a 1. poloviny 19. stolet\u00ed pod\u00e1v\u00e1 p\u0159ehled o v\u00fdvoji zdej\u0161\u00edho os\u00eddlen\u00ed, ukon\u010den\u00fd sondou do doby pom\u011brn\u011b ned\u00e1vn\u00e9<\/em><\/li>\n<li>Tomasz Cymbalak, Krist\u00fdna Mat\u011bjkov\u00e1, Martin Mus\u00edlek, Jakub Sawicki \/ Novom\u011bstsk\u00e1 odpadn\u00ed j\u00edmka se souborem c\u00ednov\u00e9ho zbo\u017e\u00ed. Limity v\u00fdpov\u011bdi jej\u00edho obsahu k pozn\u00e1v\u00e1n\u00ed hmotn\u00e9 kultury a jej\u00edch u\u017eivatel\u016f.<em>\u00a0Soubor archeologicky z\u00edskan\u00fdch n\u00e1lez\u016f hmotn\u00e9 kultury z v\u00fdpln\u011b odpadn\u00ed j\u00edmky p\u0159i b\u00fdval\u00e9m dom\u011b \u010dp. 69\/II ve Sp\u00e1len\u00e9 ulici je unik\u00e1tn\u00ed zastoupen\u00edm v\u00fdrobk\u016f z c\u00ednu; interpretace souboru se dot\u00fdk\u00e1 problematiky nakl\u00e1d\u00e1n\u00ed s odpadem ve m\u011bstech, ur\u010den\u00ed majitel\u016f p\u0159edm\u011bt\u016f i jejich soci\u00e1ln\u00edho za\u0159azen\u00ed<\/em><\/li>\n<li>Martin Vy\u0161ohl\u00edd, Jan Zav\u0159el \/ Metalurgick\u00e9 aktivity v p\u0159edloka\u010dn\u00ed osad\u011b Opatovice v Praze-Nov\u00e9m M\u011bst\u011b. Multidisciplin\u00e1rn\u00ed v\u00fdzkum na parcele domu \u010dp. 164 v K\u0159emencov\u011b ulici dolo\u017eil existenci d\u00edlny zab\u00fdvaj\u00edc\u00ed se v obdob\u00ed 2. poloviny 12. a 1. poloviny 13. stolet\u00ed vedle v\u00fdroby a zpracov\u00e1n\u00ed \u017eeleza produkc\u00ed ne\u017eelezn\u00fdch kov\u016f a jejich slitin<\/li>\n<li>Richard Biegel \/ V\u00e1clavsk\u00e9 n\u00e1m\u011bst\u00ed a zrozen\u00ed pra\u017esk\u00e9 \u201ecity\u201c na po\u010d\u00e1tku 20. Stolet\u00ed.<em>\u00a0V\u00e1clavsk\u00e9 n\u00e1m\u011bst\u00ed s okol\u00edm je nejen jevi\u0161t\u011bm bou\u0159liv\u00e9ho vzniku pra\u017esk\u00e9 obchodn\u00ed \u201ecity\u201c na po\u010d\u00e1tku 20. stolet\u00ed, ale tak\u00e9 sv\u011bdkem prvn\u00edch debat o zachov\u00e1n\u00ed historick\u00fdch budov a z nich vypl\u00fdvaj\u00edc\u00ed meziv\u00e1le\u010dn\u00e9 promy\u0161len\u00e9 v\u00fd\u0161kov\u00e9 regulace hlavn\u00edch t\u0159\u00edd<\/em><\/li>\n<\/ul>\n<p>Materi\u00e1lie<\/p>\n<ul>\n<li>Miroslav Kov\u00e1\u0159, Vojt\u011bch Van\u011bk \/ Zlomky gotick\u00e9 architektury kostela sv. Petra a Pavla ve Zlatn\u00edk\u00e1ch.\u00a0<em>D\u011bjiny vsi na okraji Prahy s \u010detn\u00fdmi majetky pra\u017esk\u00fdch m\u011b\u0161\u0165an\u016f i c\u00edrkevn\u00edch instituc\u00ed a ot\u00e1zka st\u00e1\u0159\u00ed jej\u00edho p\u016fvodn\u00edho st\u0159edov\u011bk\u00e9ho kostela na z\u00e1klad\u011b n\u00e1hodn\u011b u\u010din\u011bn\u00fdch n\u00e1lez\u016f st\u0159edov\u011bk\u00fdch stavebn\u00edch \u010dl\u00e1nk\u016f druhotn\u011b vyu\u017eit\u00fdch v neorom\u00e1nsk\u00e9 kosteln\u00ed novostavb\u011b<\/em><\/li>\n<\/ul>\n<p>Sd\u011blen\u00ed<\/p>\n<ul>\n<li>Jind\u0159ich Figura \/ P\u0159edb\u011b\u017en\u00e1 zpr\u00e1va o n\u00e1lezu souboru st\u0159edov\u011bk\u00fdch usn\u00ed z tzv. J\u00e1my na Nov\u00e9m M\u011bst\u011b v Praze.<em>\u00a0Kr\u00e1tk\u00e9 sezn\u00e1men\u00ed s rozsahem a skladbou jedine\u010dn\u00e9ho st\u0159edov\u011bk\u00e9ho souboru usn\u00ed, s metodikou pr\u00e1ce a stru\u010dnou charakteristikou nejd\u016fle\u017eit\u011bj\u0161\u00edch kategori\u00ed n\u00e1lez\u016f<\/em><\/li>\n<\/ul>\n<p>Bibliografie<\/p>\n<ul>\n<li>V\u011bstn\u00edk Klubu Za starou Prahu (1910\u20132015): M\u00edstn\u00ed rejst\u0159\u00edk \u2013 \u010d\u00e1st 2 (Historick\u00e9 j\u00e1dro Prahy)<\/li>\n<\/ul>\n<p>Aktuality<\/p>\n<ul>\n<li>Stavebn\u011bhistorick\u00e9 pr\u016fzkumy a operativn\u00ed pr\u016fzkumy a dokumentace proveden\u00e9 NP\u00da \u00daOP v Praze v roce 2018<\/li>\n<li>Zvl\u00e1\u0161tn\u00ed ocen\u011bn\u00ed gener\u00e1ln\u00ed \u0159editelky NP\u00da pro Vod\u00e1renskou v\u011b\u017e na Letn\u00e9<\/li>\n<\/ul>\n","protected":false},"excerpt":{"rendered":"<p>Praha 2019<\/p>\n<p>Wydawca: NP\u00da, \u00daOP v hl. m\u011bst\u011b Praze<\/p>\n<p>Format: 297 x 210 mm<\/p>\n<p>Strony: 176<\/p>\n<p>Oprawa mi\u0119kka<\/p>\n<p>Seria, numer: Stalet\u00e1 Praha 2\/2019<\/p>\n<p>Publikacja w j\u0119zyku czeskim, streszczenie w j\u0119zyku angielskim<\/p>\n<p>ISSN 0231-6056<\/p>\n","protected":false},"featured_media":3124,"comment_status":"open","ping_status":"closed","template":"","meta":[],"product_cat":[74,126,82,76],"product_tag":[],"_links":{"self":[{"href":"https:\/\/old.ypp.com.pl\/en\/wp-json\/wp\/v2\/product\/1919"}],"collection":[{"href":"https:\/\/old.ypp.com.pl\/en\/wp-json\/wp\/v2\/product"}],"about":[{"href":"https:\/\/old.ypp.com.pl\/en\/wp-json\/wp\/v2\/types\/product"}],"replies":[{"embeddable":true,"href":"https:\/\/old.ypp.com.pl\/en\/wp-json\/wp\/v2\/comments?post=1919"}],"wp:featuredmedia":[{"embeddable":true,"href":"https:\/\/old.ypp.com.pl\/en\/wp-json\/wp\/v2\/media\/3124"}],"wp:attachment":[{"href":"https:\/\/old.ypp.com.pl\/en\/wp-json\/wp\/v2\/media?parent=1919"}],"wp:term":[{"taxonomy":"product_cat","embeddable":true,"href":"https:\/\/old.ypp.com.pl\/en\/wp-json\/wp\/v2\/product_cat?post=1919"},{"taxonomy":"product_tag","embeddable":true,"href":"https:\/\/old.ypp.com.pl\/en\/wp-json\/wp\/v2\/product_tag?post=1919"}],"curies":[{"name":"wp","href":"https:\/\/api.w.org\/{rel}","templated":true}]}}