{"id":1920,"date":"2022-01-09T18:00:08","date_gmt":"2022-01-09T18:00:08","guid":{"rendered":"http:\/\/ypp.com.pl\/?post_type=product&#038;p=1920"},"modified":"2024-01-29T08:27:23","modified_gmt":"2024-01-29T08:27:23","slug":"staleta-praha-1-2019","status":"publish","type":"product","link":"https:\/\/old.ypp.com.pl\/en\/staleta-praha-1-2019\/","title":{"rendered":"Stalet\u00e1 Praha 1\/2019"},"content":{"rendered":"<p>Spis tre\u015bci<\/p>\n<p>Studie<\/p>\n<ul>\n<li>Pavel Kalina \/ Pr\u016fmyslov\u00fd pal\u00e1c na pra\u017esk\u00e9m V\u00fdstavi\u0161ti. Tradi\u010dn\u00ed symbolika a modern\u00ed konstrukce.\u00a0<em>Pr\u016fmyslov\u00fd pal\u00e1c na pra\u017esk\u00e9m V\u00fdstavi\u0161ti je nejen uk\u00e1zkou mo\u017enost\u00ed \u010desk\u00e9 aplikovan\u00e9 v\u011bdy a techniky konce 19. stolet\u00ed, ale tak\u00e9 m\u00edstem rozvinut\u00ed rozs\u00e1hl\u00e9ho ikonografick\u00e9ho programu zakotven\u00e9ho ve st\u00e1topr\u00e1vn\u00ed tradici \u010desk\u00fdch zem\u00ed<\/em><\/li>\n<li>Josef Hole\u010dek \/ Tvarov\u00e9 \u0159e\u0161en\u00ed Pr\u016fmyslov\u00e9ho pal\u00e1ce. Origin\u00e1ln\u00ed synt\u00e9za historizuj\u00edc\u00ed architektury a modern\u00ed ocelov\u00e9 konstrukce.\u00a0<em>Podrobn\u00fd stavebn\u011bhistorick\u00fd pr\u016fzkum prov\u00e1d\u011bn\u00fd v \u00fazk\u00e9 sou\u010dinnosti s restaur\u00e1tory prok\u00e1zal zvl\u00e1\u0161tn\u00ed a ojedin\u011bl\u00e9 konstruk\u010dn\u011b tvarov\u00e9, v\u00fdtvarn\u00e9 i\u00a0symbolick\u00e9 rysy Pr\u016fmyslov\u00e9ho pal\u00e1ce v kontextu dobov\u00fdch zahrani\u010dn\u00edch v\u00fdstavn\u00edch pavilon\u016f i\u00a0ocelov\u00fdch konstrukc\u00ed<\/em><\/li>\n<li>Josef Klazar \/ Pra\u017esk\u00e9 stopy Jaroslava Pantaleona Majora. D\u00edlo \u017e\u00e1ka Beuronsk\u00e9 um\u011bleck\u00e9 \u0161koly jako obraz doby.\u00a0<em>Informace z\u00edskan\u00e9 studiem archivn\u00edch materi\u00e1l\u016f a dobov\u00e9 literatury p\u0159in\u00e1\u0161ej\u00ed nov\u00fd pohled na \u0161irok\u00fd rozsah Majorovy um\u011bleck\u00e9 \u010dinnosti, z n\u00ed\u017e je detailn\u011b p\u0159edstavena jeho pra\u017esk\u00e1 tvorba, a p\u0159ibli\u017euj\u00ed i m\u00e9n\u011b zn\u00e1m\u00e9 kapitoly ze \u017eivota um\u011blce v\u00a0c\u00edrkevn\u00edm prost\u0159ed\u00ed, b\u011bhem prvn\u00ed sv\u011btov\u00e9 v\u00e1lky i\u00a0v\u00a0nov\u00fdch\u00a0podm\u00ednk\u00e1ch samostatn\u00e9 republiky<\/em><\/li>\n<\/ul>\n<p>Materi\u00e1lie<\/p>\n<ul>\n<li>Tom\u00e1\u0161 Berger \/ Alfons Mucha: Slovansk\u00e1 epopej. Technologick\u00fd a restaur\u00e1torsk\u00fd pr\u016fzkum.\u00a0<em>Pl\u00e1tna Slovansk\u00e9 epopeje byla podrobena d\u016fkladn\u00e9mu pr\u016fzkumu mal\u00ed\u0159sk\u00e9 techniky a u\u017eit\u00fdch materi\u00e1l\u016f prost\u0159ednictv\u00edm komparace optick\u00fdch a laboratorn\u00edch metod, kter\u00e9 prok\u00e1zaly jednotu pevn\u00e9ho autorsk\u00e9ho z\u00e1m\u011bru, brilantn\u00edho proveden\u00ed a\u00a0tv\u016frcovy jasn\u00e9 vize dal\u0161\u00edho nakl\u00e1d\u00e1n\u00ed s d\u00edlem<\/em><\/li>\n<li>Hedvika K\u0159\u00ed\u017eov\u00e1 \/ Novostavby a dostavby c\u00edrkevn\u00edch budov v Praze mezi lety 1980\u20132000. Sm\u00edchov \u2013 Stra\u0161nice \u2013 Kobylisy.\u00a0<em>V sou\u010dasn\u00e9 dob\u011b stoupaj\u00edc\u00edho z\u00e1jmu o architekturu 80. a 90. let 20. stolet\u00ed jsou poprv\u00e9 souhrnn\u011b prezentov\u00e1ny pra\u017esk\u00e9 novostavby a dostavby sakr\u00e1ln\u00edch objekt\u016f, kter\u00e9 tvo\u0159\u00ed ned\u00edlnou sou\u010d\u00e1st modern\u00ed architektury Prahy<\/em><\/li>\n<\/ul>\n<p>Bibliografie<\/p>\n<ul>\n<li>V\u011bstn\u00edk Klubu Za starou Prahu (1910\u20132015): M\u00edstn\u00ed rejst\u0159\u00edk \u2013 \u010d\u00e1st 1 (katastry Velk\u00e9 Prahy, Autorsk\u00fd rejst\u0159\u00edk \u2013 Errata<\/li>\n<\/ul>\n<p>Aktuality<\/p>\n<ul>\n<li>Nov\u011b prohl\u00e1\u0161en\u00e1 n\u00e1rodn\u00ed kulturn\u00ed pam\u00e1tka na\u00a0\u00fazem\u00ed hl. m. Prahy v\u00a0roce 2018<\/li>\n<\/ul>\n","protected":false},"excerpt":{"rendered":"<p>Praha 2019<\/p>\n<p>Wydawca: NP\u00da, \u00daOP v hl. m\u011bst\u011b Praze<\/p>\n<p>Format: 297 x 210 mm<\/p>\n<p>Strony: 180<\/p>\n<p>Oprawa mi\u0119kka<\/p>\n<p>Seria, numer: Stalet\u00e1 Praha 2\/2020<\/p>\n<p>Publikacja w j\u0119zyku czeskim, streszczenie w j\u0119zyku angielskim<\/p>\n<p>ISSN 0231-6056<\/p>\n","protected":false},"featured_media":3122,"comment_status":"open","ping_status":"closed","template":"","meta":[],"product_cat":[74,126,82,76],"product_tag":[],"_links":{"self":[{"href":"https:\/\/old.ypp.com.pl\/en\/wp-json\/wp\/v2\/product\/1920"}],"collection":[{"href":"https:\/\/old.ypp.com.pl\/en\/wp-json\/wp\/v2\/product"}],"about":[{"href":"https:\/\/old.ypp.com.pl\/en\/wp-json\/wp\/v2\/types\/product"}],"replies":[{"embeddable":true,"href":"https:\/\/old.ypp.com.pl\/en\/wp-json\/wp\/v2\/comments?post=1920"}],"wp:featuredmedia":[{"embeddable":true,"href":"https:\/\/old.ypp.com.pl\/en\/wp-json\/wp\/v2\/media\/3122"}],"wp:attachment":[{"href":"https:\/\/old.ypp.com.pl\/en\/wp-json\/wp\/v2\/media?parent=1920"}],"wp:term":[{"taxonomy":"product_cat","embeddable":true,"href":"https:\/\/old.ypp.com.pl\/en\/wp-json\/wp\/v2\/product_cat?post=1920"},{"taxonomy":"product_tag","embeddable":true,"href":"https:\/\/old.ypp.com.pl\/en\/wp-json\/wp\/v2\/product_tag?post=1920"}],"curies":[{"name":"wp","href":"https:\/\/api.w.org\/{rel}","templated":true}]}}