{"id":1922,"date":"2022-01-09T18:00:08","date_gmt":"2022-01-09T18:00:08","guid":{"rendered":"http:\/\/ypp.com.pl\/?post_type=product&#038;p=1922"},"modified":"2024-01-29T08:27:17","modified_gmt":"2024-01-29T08:27:17","slug":"staleta-praha-xxiv-archeologicke-vyzkumy-a-stavebnehistoricke-pruzkumy-pamatek","status":"publish","type":"product","link":"https:\/\/old.ypp.com.pl\/en\/staleta-praha-xxiv-archeologicke-vyzkumy-a-stavebnehistoricke-pruzkumy-pamatek\/","title":{"rendered":"Stalet\u00e1 Praha XXIV. Archeologick\u00e9 v\u00fdzkumy a stavebn\u011bhistorick\u00e9 pr\u016fzkumy pam\u00e1tek"},"content":{"rendered":"<p>Spis tre\u015bci<\/p>\n<ul>\n<li>Jan Frol\u00edk, Petr Chot\u011bbor \/\u00a0Nov\u00e9 zji\u0161t\u011bn\u00ed o kapli V\u0161ech svat\u00fdch na Pra\u017esk\u00e9m hrad\u011b<\/li>\n<li>Jan Frol\u00edk \/\u00a0B\u00fdval\u00fd Terezi\u00e1nsk\u00fd \u00fastav \u0161lechti\u010den \u010dp. 2 na Pra\u017esk\u00e9m hrad\u011b (archeologie a stavebn\u011b historick\u00fd pr\u016fzkum)<\/li>\n<li>Jaroslav Podliska, Jan Havda, Miroslav Kov\u00e1\u0159 \/\u00a0D\u016fm \u010dp. 249\/III v Nerudov\u011b ulici na Mal\u00e9 Stran\u011b<\/li>\n<li>Jarmila \u010cih\u00e1kov\u00e1 \/\u00a0Severn\u00ed fronta Malostransk\u00e9ho n\u00e1m\u011bst\u00ed v ran\u00e9 gotice<\/li>\n<li>Matou\u0161 Semer\u00e1d, Michal Tryml \/\u00a0Kv\u00e1d\u0159\u00edkov\u00e9 objekty v dom\u011b \u010dp. 529\/III v Karmelitsk\u00e9 ulici na Mal\u00e9 Stran\u011b<\/li>\n<li>Michael Rykl, David Raku\u0161an a Zden\u011bk Dragoun \/\u00a0Pozn\u00e1mky k pokra\u010duj\u00edc\u00edmu v\u00fdzkumu dom\u016f \u010dp. 150, 151 a 153\/I v Karlov\u011b ulici na Star\u00e9m M\u011bst\u011b pra\u017esk\u00e9m<\/li>\n<li>Zden\u011bk Dragoun \/\u00a0V\u00fdsledky archeologick\u00e9ho v\u00fdzkumu ve Staronov\u00e9 synagoze<\/li>\n<li>Arno Pa\u0159\u00edk \/\u00a0Obnova Staronov\u00e9 synagogy v letech 1997 &#8211; 1999<\/li>\n<li>Michal Bure\u0161 \/\u00a0Sixt\u016fv d\u016fm: z historie v\u00fdzkumu jednoho domu na Star\u00e9m M\u011bst\u011b pra\u017esk\u00e9m<\/li>\n<li>Jan J. Outrata \/ \u010cp. 553\/I Sixt\u016fv d\u016fm. Stavebn\u011b historick\u00fd pr\u016fzkum strop\u016f dvorn\u00edch k\u0159\u00eddel objektu<\/li>\n<li>Kate\u0159ina Hanzl\u00edkov\u00e1, Petr Ju\u0159ina \/\u00a0V\u00fdvoj os\u00eddlen\u00ed na m\u011bsti\u0161ti Lossiovsk\u00e9ho pal\u00e1ce (Lidov\u00fd d\u016fm) v Hybernsk\u00e9 ulici od vrcholn\u00e9ho st\u0159edov\u011bku do \u010dasn\u00e9ho novov\u011bku<\/li>\n<li>Petr Starec, Ladislav Valtr \/\u00a0Bastion &#8220;U Bo\u017e\u00edch muk&#8221; v Praze na Karlov\u011b &#8211; dosavadn\u00ed poznatky archeologick\u00e9ho a stavebn\u011b hisotrick\u00e9ho pr\u016fzkumu<\/li>\n<li>Jan Frol\u00edk, Ji\u0159\u00ed Sigl \/\u00a0Srovn\u00e1n\u00ed v\u00fdsledk\u016f archeologick\u00e9ho a stavebn\u011b hisotrick\u00e9ho pr\u016fzkumuv Chrudimi &#8211; \u0160t\u011bp\u00e1nkov\u011b ulici<\/li>\n<li>Petr Holub, V\u00e1clav Kola\u0159\u00edk, David Merta, Marek Pe\u0161ka, Anton\u00edn Z\u016fbek \/\u00a0M\u011bstsk\u00e1 archeologie v Brn\u011b a SHP<\/li>\n<li>Ji\u0159\u00ed Varhan\u00edk \/ K institucionalizaci archeologick\u00e9ho v\u00fdzkumu a stavebn\u011b historick\u00e9ho pr\u016fzkumu v na\u0161\u00ed pam\u00e1tkov\u00e9 p\u00e9\u010di<\/li>\n<\/ul>\n","protected":false},"excerpt":{"rendered":"<p>Praha 2003<\/p>\n<p>Wydawca: NP\u00da, \u00daOP v hl. m\u011bst\u011b Praze<\/p>\n<p>Format: 235 x 165 mm<\/p>\n<p>Strony: 258<\/p>\n<p>Oprawa twarda<\/p>\n<p>Seria, numer: Stalet\u00e1 Praha 24<\/p>\n<p>Publikacja w j\u0119zyku czeskim<\/p>\n<p>ISBN 80-86360-39-3<\/p>\n","protected":false},"featured_media":3118,"comment_status":"open","ping_status":"closed","template":"","meta":[],"product_cat":[74,126,82,76],"product_tag":[],"_links":{"self":[{"href":"https:\/\/old.ypp.com.pl\/en\/wp-json\/wp\/v2\/product\/1922"}],"collection":[{"href":"https:\/\/old.ypp.com.pl\/en\/wp-json\/wp\/v2\/product"}],"about":[{"href":"https:\/\/old.ypp.com.pl\/en\/wp-json\/wp\/v2\/types\/product"}],"replies":[{"embeddable":true,"href":"https:\/\/old.ypp.com.pl\/en\/wp-json\/wp\/v2\/comments?post=1922"}],"wp:featuredmedia":[{"embeddable":true,"href":"https:\/\/old.ypp.com.pl\/en\/wp-json\/wp\/v2\/media\/3118"}],"wp:attachment":[{"href":"https:\/\/old.ypp.com.pl\/en\/wp-json\/wp\/v2\/media?parent=1922"}],"wp:term":[{"taxonomy":"product_cat","embeddable":true,"href":"https:\/\/old.ypp.com.pl\/en\/wp-json\/wp\/v2\/product_cat?post=1922"},{"taxonomy":"product_tag","embeddable":true,"href":"https:\/\/old.ypp.com.pl\/en\/wp-json\/wp\/v2\/product_tag?post=1922"}],"curies":[{"name":"wp","href":"https:\/\/api.w.org\/{rel}","templated":true}]}}