{"id":1927,"date":"2022-01-09T18:00:09","date_gmt":"2022-01-09T18:00:09","guid":{"rendered":"http:\/\/ypp.com.pl\/?post_type=product&#038;p=1927"},"modified":"2024-01-29T08:23:06","modified_gmt":"2024-01-29T08:23:06","slug":"pamatky-archeologicke-111-2020","status":"publish","type":"product","link":"https:\/\/old.ypp.com.pl\/en\/pamatky-archeologicke-111-2020\/","title":{"rendered":"Pam\u00e1tky archeologick\u00e9 (111), 2020"},"content":{"rendered":"<p>\u010cL\u00c1NKY<\/p>\n<p>Pozdn\u011b paleolitick\u00e9 a mezolitick\u00e9 os\u00eddlen\u00ed \u0160umavy: mo\u017enosti v\u00fdzkumu, datov\u00e1n\u00ed a interpretace \/ Late Palaeolithic and Mesolithic Settlement of \u0160umava: The Possibilities of Research, Dating and Interpretation<\/p>\n<p>Katar\u00edna Kapustka \u2013 Jan Eigner \u2013 Marek Parkman \u2013 Milan \u0158ez\u00e1\u010d \u2013 Anton\u00edn P\u0159ichystal \u2013 Petr Pokorn\u00fd \u2013 Lenka Lis\u00e1 \u2013 Michaela Pt\u00e1kov\u00e1 \u2013 Ivo Sv\u011btl\u00edk \u2013 Romana Ko\u010d\u00e1rov\u00e1 \u2013 Milan Metli\u010dka \u2013 Nikola Ko\u0161tov\u00e1<\/p>\n<p>Pam\u00e1tky archeologick\u00e9 CXI (111), 2020, 5\u201359<\/p>\n<p>&nbsp;<\/p>\n<p>Wooden Well at the First Farmers\u2019 Settlement Area in Uni\u010dov, Czech Republic \/ Studna s d\u0159ev\u011bnou konstrukc\u00ed z osady prvn\u00edch zem\u011bd\u011blc\u016f v Uni\u010dov\u011b, \u010cesk\u00e1 republika<\/p>\n<p>Ivana Vostrovsk\u00e1 \u2013 Jan Pet\u0159\u00edk \u2013 Libor Petr \u2013 Petr Ko\u010d\u00e1r \u2013 Romana Ko\u010d\u00e1rov\u00e1 \u2013 Zbyn\u011bk Hrad\u00edlek \u2013 Josef Ka\u0161\u00e1k \u2013 Zde\u0148ka S\u016fvov\u00e1 \u2013 Katar\u00edna Adamekov\u00e1 \u2013 Zden\u011bk Van\u011b\u010dek \u2013 Jaroslav Pe\u0161ka \u2013 Bernhard Muigg \u2013 Michal Rybn\u00ed\u010dek \u2013 Tom\u00e1\u0161 Kol\u00e1\u0159 \u2013 Willy Tegel \u2013 Marek Kal\u00e1bek \u2013 Pavl\u00edna Kal\u00e1bkov\u00e1<\/p>\n<p>Pam\u00e1tky archeologick\u00e9 CXI (111), 2020, 61\u2013111<\/p>\n<p>&nbsp;<\/p>\n<p>Bohemia at the End of the La T\u00e8ne Period: Objects, Materials, Chronology, and Main Development Trends \u2013 A Review \/ \u010cechy na konci doby lat\u00e9nsk\u00e9: p\u0159edm\u011bty, materi\u00e1ly, chronologie a hlavn\u00ed v\u00fdvojov\u00e9 trendy \u2013 zhodnocen\u00ed<\/p>\n<p>Al\u017eb\u011bta Danielisov\u00e1<\/p>\n<p>Pam\u00e1tky archeologick\u00e9 CXI (111), 2020, 113\u2013157<\/p>\n<p>&nbsp;<\/p>\n<p>Soubor kovov\u00fdch p\u0159edm\u011bt\u016f z doby \u0159\u00edmsk\u00e9 z Bor\u0161ova na Moravskot\u0159ebovsku \/ An Assemblage of Metal Roman Iron Age Artefacts from Bor\u0161ov in the Moravsk\u00e1 T\u0159ebov\u00e1 Region<\/p>\n<p>David V\u00edch \u2013 Jan J\u00edlek \u2013 Ji\u0159\u00ed Kmo\u0161ek \u2013 Marcin J. Biborski \u2013 Mateusz R. Biborski \u2013 Jan Mart\u00ednek<\/p>\n<p>Pam\u00e1tky archeologick\u00e9 CXI (111), 2020, 159\u2013192<\/p>\n<p>&nbsp;<\/p>\n<p>Tismice jako produk\u010dn\u00ed a nadregion\u00e1ln\u00ed centrum \u010cech 8. a 9. stolet\u00ed \/ Tismice as a Production and Supra-Regional Centre of Bohemia in the 8th and 9th Centuries<\/p>\n<p>Na\u010fa Profantov\u00e1 \u2013 Roman K\u0159iv\u00e1nek \u2013 Marek Fikrle \u2013 Jan Zav\u0159el<\/p>\n<p>Pam\u00e1tky archeologick\u00e9 CXI (111), 2020, 193\u2013271<\/p>\n<p>&nbsp;<\/p>\n<p>RECENZE \/ REVIEWS<\/p>\n<p>Peter Stadler \u2013 Nadezhda Kotova \/eds.\/, Early Neolithic Settlement Brunn am Gebirge, Wolfholz, Site 2 in Lower Austria and the Origin of the Western Linear Pottery Culture (LPC). Early Neolithic Settlement Brunn am Gebirge, Wolfholz, in Lower Austria. Volume 1\/part a and part b. Beitr\u00e4ge zur Ur- und Fr\u00fchgeschichte Mitteleuropas 88 (rec. Jaroslav \u0158\u00eddk\u00fd), 273\u2013275<\/p>\n<p>&nbsp;<\/p>\n<p>Christian Gugl \u2013 Silvia Radbauer \u2013 Michaela Kronberger, Die Canabae von Carnuntum II. Arch\u00e4ologische und GIS-analytische Auswertung der Oberfl\u00e4chensurveys 2009\u20132010. Der R\u00f6mische Limes in \u00d6sterreich, Heft 48 (rec. Radka Kn\u00e1pek), 276\u2013278<\/p>\n<p>&nbsp;<\/p>\n<p>Sven J\u00e4ger, Germanische Siedlungsspuren des 3. bis 5. Jahrhunderts n. Chr. zwischen Rhein, Neckar und Enz. Band 1\u20132. Forschungen und Berichte zur Arch\u00e4ologie in Baden-W\u00fcrttemberg, Band 14 (rec. Zden\u011bk Bene\u0161), 278\u2013281<\/p>\n<p>&nbsp;<\/p>\n<p>Susanne Grunwald, Burgwallforschung in Sachsen. Ein Beitrag zur Wissenschaftsgeschichte der deutschen Pr\u00e4historischen Arch\u00e4ologie zwischen 1900 und 1961. Universit\u00e4tsforschungen zur pr\u00e4historischen Arch\u00e4ologie, Professur f\u00fcr Ur- und Fr\u00fchgeschichte der Universit\u00e4t Leipzig, Band 331 (rec. Jan Hasil), 281\u2013283<\/p>\n<p>&nbsp;<\/p>\n<p>Anton\u00edn Z\u016fbek, H\u0159bitov p\u0159i kostele sv. Jakuba v Brn\u011b. Vyhodnocen\u00ed archeologick\u00fdch poznatk\u016f (rec. Jan Frol\u00edk), 284\u2013286<\/p>\n<p>&nbsp;<\/p>\n<p>Hedvika Sedl\u00e1\u010dkov\u00e1, Glass in Brno and Moravia ca. 1200\u20131550. Volume I: Assessment of Finds. Volume II: Catalogue of Glass (rec. Kate\u0159ina Va\u010furov\u00e1), 286\u2013288<\/p>\n","protected":false},"excerpt":{"rendered":"<p style=\"margin-top: 0cm; background: white;\"><span style=\"font-family: 'Segoe UI',sans-serif; color: #333333;\">Praha 2020<\/span><\/p>\n<p style=\"margin-top: 0cm; background: white; box-sizing: border-box; margin-bottom: 0.9rem; font-variant-ligatures: normal; font-variant-caps: normal; orphans: 2; text-align: start; widows: 2; -webkit-text-stroke-width: 0px; text-decoration-thickness: initial; text-decoration-style: initial; text-decoration-color: initial; word-spacing: 0px;\"><span style=\"font-family: 'Segoe UI',sans-serif; color: #333333;\">Wydawca: Archeologick\u00fd \u00fastav AV \u010cR<\/span><\/p>\n<p style=\"margin-top: 0cm; background: white; box-sizing: border-box; margin-bottom: 0.9rem; font-variant-ligatures: normal; font-variant-caps: normal; orphans: 2; text-align: start; widows: 2; -webkit-text-stroke-width: 0px; text-decoration-thickness: initial; text-decoration-style: initial; text-decoration-color: initial; word-spacing: 0px;\"><span style=\"font-family: 'Segoe UI',sans-serif; color: #333333;\">Format: 297&#215;210 mm<\/span><\/p>\n<p style=\"margin-top: 0cm; background: white; box-sizing: border-box; margin-bottom: 0.9rem; font-variant-ligatures: normal; font-variant-caps: normal; orphans: 2; text-align: start; widows: 2; -webkit-text-stroke-width: 0px; text-decoration-thickness: initial; text-decoration-style: initial; text-decoration-color: initial; word-spacing: 0px;\"><span style=\"font-family: 'Segoe UI',sans-serif; color: #333333;\">Strony:\u00a0<\/span><\/p>\n<p style=\"margin-top: 0cm; background: white; box-sizing: border-box; margin-bottom: 0.9rem; font-variant-ligatures: normal; font-variant-caps: normal; orphans: 2; text-align: start; widows: 2; -webkit-text-stroke-width: 0px; text-decoration-thickness: initial; text-decoration-style: initial; text-decoration-color: initial; word-spacing: 0px;\"><span style=\"font-family: 'Segoe UI',sans-serif; color: #333333;\">Oprawa mi\u0119kka<\/span><\/p>\n<p style=\"margin-top: 0cm; background: white; box-sizing: border-box; margin-bottom: 0.9rem; font-variant-ligatures: normal; font-variant-caps: normal; orphans: 2; text-align: start; widows: 2; -webkit-text-stroke-width: 0px; text-decoration-thickness: initial; text-decoration-style: initial; text-decoration-color: initial; word-spacing: 0px;\"><span style=\"font-family: 'Segoe UI',sans-serif; color: #333333;\">Seria, numer: <\/span>Pam\u00e1tky archeologick\u00e9 (111), 2020<\/p>\n<p style=\"margin-top: 0cm; background: white; box-sizing: border-box; margin-bottom: 0.9rem; font-variant-ligatures: normal; font-variant-caps: normal; orphans: 2; text-align: start; widows: 2; -webkit-text-stroke-width: 0px; text-decoration-thickness: initial; text-decoration-style: initial; text-decoration-color: initial; word-spacing: 0px;\"><span style=\"font-family: 'Segoe UI',sans-serif; color: #333333;\">Publikacja w wielu j\u0119zykach<\/span><\/p>\n<p style=\"margin-top: 0cm; background: white; box-sizing: border-box; margin-bottom: 0.9rem; font-variant-ligatures: normal; font-variant-caps: normal; orphans: 2; text-align: start; widows: 2; -webkit-text-stroke-width: 0px; text-decoration-thickness: initial; text-decoration-style: initial; text-decoration-color: initial; word-spacing: 0px;\"><span style=\"font-family: 'Segoe UI',sans-serif; color: #333333;\">ISBN<\/span><\/p>\n<p style=\"margin-top: 0cm; background: white; box-sizing: border-box; margin-bottom: 0.9rem; font-variant-ligatures: normal; font-variant-caps: normal; orphans: 2; text-align: start; widows: 2; -webkit-text-stroke-width: 0px; text-decoration-thickness: initial; text-decoration-style: initial; text-decoration-color: initial; word-spacing: 0px;\"><span style=\"font-family: 'Segoe UI',sans-serif; color: #333333;\">ISSN<\/span><\/p>\n","protected":false},"featured_media":3107,"comment_status":"open","ping_status":"closed","template":"","meta":[],"product_cat":[74,77,126,82],"product_tag":[],"_links":{"self":[{"href":"https:\/\/old.ypp.com.pl\/en\/wp-json\/wp\/v2\/product\/1927"}],"collection":[{"href":"https:\/\/old.ypp.com.pl\/en\/wp-json\/wp\/v2\/product"}],"about":[{"href":"https:\/\/old.ypp.com.pl\/en\/wp-json\/wp\/v2\/types\/product"}],"replies":[{"embeddable":true,"href":"https:\/\/old.ypp.com.pl\/en\/wp-json\/wp\/v2\/comments?post=1927"}],"wp:featuredmedia":[{"embeddable":true,"href":"https:\/\/old.ypp.com.pl\/en\/wp-json\/wp\/v2\/media\/3107"}],"wp:attachment":[{"href":"https:\/\/old.ypp.com.pl\/en\/wp-json\/wp\/v2\/media?parent=1927"}],"wp:term":[{"taxonomy":"product_cat","embeddable":true,"href":"https:\/\/old.ypp.com.pl\/en\/wp-json\/wp\/v2\/product_cat?post=1927"},{"taxonomy":"product_tag","embeddable":true,"href":"https:\/\/old.ypp.com.pl\/en\/wp-json\/wp\/v2\/product_tag?post=1927"}],"curies":[{"name":"wp","href":"https:\/\/api.w.org\/{rel}","templated":true}]}}