{"id":1928,"date":"2022-01-09T18:00:09","date_gmt":"2022-01-09T18:00:09","guid":{"rendered":"http:\/\/ypp.com.pl\/?post_type=product&#038;p=1928"},"modified":"2024-01-29T08:23:21","modified_gmt":"2024-01-29T08:23:21","slug":"radka-sumberova-lubos-jiran-hana-brzobohata-marketa-koncelova-filip-velimsky-pohrebiste-caslav-u-stinadel-a-luzicka-kultura-ve-stredoceskem-polabi","status":"publish","type":"product","link":"https:\/\/old.ypp.com.pl\/en\/radka-sumberova-lubos-jiran-hana-brzobohata-marketa-koncelova-filip-velimsky-pohrebiste-caslav-u-stinadel-a-luzicka-kultura-ve-stredoceskem-polabi\/","title":{"rendered":"Radka \u0160umberov\u00e1, Lubo\u0161 Jir\u00e1\u0148, Hana Brzobohat\u00e1, Mark\u00e9ta Kon\u010delov\u00e1, Filip Vel\u00edmsk\u00fd &#8220;Poh\u0159ebi\u0161t\u011b \u010c\u00e1slav \u2013 U St\u00ednadel a lu\u017eick\u00e1 kultura ve st\u0159edo\u010desk\u00e9m Polab\u00ed&#8221;"},"content":{"rendered":"<p>Publikace je v\u011bnov\u00e1na komplexn\u00edmu zhodnocen\u00ed nejv\u011bt\u0161\u00edho poh\u0159ebi\u0161t\u011b pat\u0159\u00edc\u00edho okruhu lu\u017eick\u00fdch popelnicov\u00fdch pol\u00ed z mlad\u0161\u00ed doby bronzov\u00e9, je\u017e bylo doposud v \u010cech\u00e1ch prozkoum\u00e1no. B\u011bhem z\u00e1chrann\u00e9ho archeologick\u00e9ho v\u00fdzkumu v letech 2012 a 2014 bylo v \u010c\u00e1slavi v poloze U St\u00ednadel odkryto 223 hrob\u016f a v\u00edce ne\u017e stovka dal\u0161\u00edch objekt\u016f, v nich\u017e bylo objeveno p\u0159es \u0161est set identifikovateln\u00fdch keramick\u00fdch jedinc\u016f a sou\u010dasn\u011b n\u011bkolik des\u00edtek bronzov\u00fdch artefakt\u016f. St\u00e1vaj\u00edc\u00ed pramenn\u00e1 z\u00e1kladna evidovan\u00fdch hrobov\u00fdch celk\u016f z \u00fazem\u00ed st\u0159edo\u010desk\u00e9 s\u00eddeln\u00ed oikumeny lu\u017eick\u00e9 kultury byla t\u00edmto v\u00fdzkumem dvojn\u00e1sobn\u011b nav\u00fd\u0161ena. Monografie nep\u0159in\u00e1\u0161\u00ed pouze katalog v\u0161ech n\u00e1lez\u016f a jejich kresebnou dokumentaci, ale tak\u00e9 anal\u00fdzu shrom\u00e1\u017ed\u011bn\u00fdch artefakt\u016f a antropologick\u00e9 zhodnocen\u00ed kostern\u00edch poz\u016fstatk\u016f. Sou\u010dasn\u011b jsme pova\u017eovali za nutn\u00e9 p\u0159istoupit k n\u00e1sledn\u00e9 synt\u00e9ze, kter\u00e1 hodnot\u00ed nejen podobu poh\u0159ebi\u0161t\u011b, \u010dasov\u00fd interval, ve kter\u00e9m bylo vyu\u017e\u00edv\u00e1no, a jeho geografick\u00fd a s\u00eddeln\u00ed kontext, ale p\u0159edkl\u00e1d\u00e1 rovn\u011b\u017e aktu\u00e1ln\u00ed souhrn poznatk\u016f, je\u017e jsou spojeny s v\u00fdzkumem lu\u017eick\u00e9 kultury ve st\u0159edo\u010desk\u00e9m Polab\u00ed.<\/p>\n","protected":false},"excerpt":{"rendered":"<p style=\"margin-top: 0cm; background: white;\"><span style=\"font-family: 'Segoe UI',sans-serif; color: #333333;\">Praha 2021<\/span><\/p>\n<p style=\"margin-top: 0cm; background: white; box-sizing: border-box; margin-bottom: 0.9rem; font-variant-ligatures: normal; font-variant-caps: normal; orphans: 2; text-align: start; widows: 2; -webkit-text-stroke-width: 0px; text-decoration-thickness: initial; text-decoration-style: initial; text-decoration-color: initial; word-spacing: 0px;\"><span style=\"font-family: 'Segoe UI',sans-serif; color: #333333;\">Wydawca: Archeologick\u00fd \u00fastav AV \u010cR<\/span><\/p>\n<p style=\"margin-top: 0cm; background: white; box-sizing: border-box; margin-bottom: 0.9rem; font-variant-ligatures: normal; font-variant-caps: normal; orphans: 2; text-align: start; widows: 2; -webkit-text-stroke-width: 0px; text-decoration-thickness: initial; text-decoration-style: initial; text-decoration-color: initial; word-spacing: 0px;\"><span style=\"font-family: 'Segoe UI',sans-serif; color: #333333;\">Format:<\/span><\/p>\n<p style=\"margin-top: 0cm; background: white; box-sizing: border-box; margin-bottom: 0.9rem; font-variant-ligatures: normal; font-variant-caps: normal; orphans: 2; text-align: start; widows: 2; -webkit-text-stroke-width: 0px; text-decoration-thickness: initial; text-decoration-style: initial; text-decoration-color: initial; word-spacing: 0px;\"><span style=\"font-family: 'Segoe UI',sans-serif; color: #333333;\">Strony: 440<\/span><\/p>\n<p style=\"margin-top: 0cm; background: white; box-sizing: border-box; margin-bottom: 0.9rem; font-variant-ligatures: normal; font-variant-caps: normal; orphans: 2; text-align: start; widows: 2; -webkit-text-stroke-width: 0px; text-decoration-thickness: initial; text-decoration-style: initial; text-decoration-color: initial; word-spacing: 0px;\"><span style=\"font-family: 'Segoe UI',sans-serif; color: #333333;\">Oprawa\u00a0<\/span><\/p>\n<p style=\"margin-top: 0cm; background: white; box-sizing: border-box; margin-bottom: 0.9rem; font-variant-ligatures: normal; font-variant-caps: normal; orphans: 2; text-align: start; widows: 2; -webkit-text-stroke-width: 0px; text-decoration-thickness: initial; text-decoration-style: initial; text-decoration-color: initial; word-spacing: 0px;\"><span style=\"font-family: 'Segoe UI',sans-serif; color: #333333;\">Publikacja j\u0119zyku czeskim, streszczenie w j\u0119zyku angielskim<\/span><\/p>\n<p style=\"margin-top: 0cm; background: white; box-sizing: border-box; margin-bottom: 0.9rem; font-variant-ligatures: normal; font-variant-caps: normal; orphans: 2; text-align: start; widows: 2; -webkit-text-stroke-width: 0px; text-decoration-thickness: initial; text-decoration-style: initial; text-decoration-color: initial; word-spacing: 0px;\"><span style=\"font-family: 'Segoe UI',sans-serif; color: #333333;\">ISBN 978-80-7581-029-8<\/span><\/p>\n<p style=\"margin-top: 0cm; background: white; box-sizing: border-box; margin-bottom: 0.9rem; font-variant-ligatures: normal; font-variant-caps: normal; orphans: 2; text-align: start; widows: 2; -webkit-text-stroke-width: 0px; text-decoration-thickness: initial; text-decoration-style: initial; text-decoration-color: initial; word-spacing: 0px;\">\n","protected":false},"featured_media":3105,"comment_status":"open","ping_status":"closed","template":"","meta":[],"product_cat":[74,77,126,82],"product_tag":[],"_links":{"self":[{"href":"https:\/\/old.ypp.com.pl\/en\/wp-json\/wp\/v2\/product\/1928"}],"collection":[{"href":"https:\/\/old.ypp.com.pl\/en\/wp-json\/wp\/v2\/product"}],"about":[{"href":"https:\/\/old.ypp.com.pl\/en\/wp-json\/wp\/v2\/types\/product"}],"replies":[{"embeddable":true,"href":"https:\/\/old.ypp.com.pl\/en\/wp-json\/wp\/v2\/comments?post=1928"}],"wp:featuredmedia":[{"embeddable":true,"href":"https:\/\/old.ypp.com.pl\/en\/wp-json\/wp\/v2\/media\/3105"}],"wp:attachment":[{"href":"https:\/\/old.ypp.com.pl\/en\/wp-json\/wp\/v2\/media?parent=1928"}],"wp:term":[{"taxonomy":"product_cat","embeddable":true,"href":"https:\/\/old.ypp.com.pl\/en\/wp-json\/wp\/v2\/product_cat?post=1928"},{"taxonomy":"product_tag","embeddable":true,"href":"https:\/\/old.ypp.com.pl\/en\/wp-json\/wp\/v2\/product_tag?post=1928"}],"curies":[{"name":"wp","href":"https:\/\/api.w.org\/{rel}","templated":true}]}}