{"id":1929,"date":"2022-01-09T18:00:09","date_gmt":"2022-01-09T18:00:09","guid":{"rendered":"http:\/\/ypp.com.pl\/?post_type=product&#038;p=1929"},"modified":"2024-01-29T08:23:28","modified_gmt":"2024-01-29T08:23:28","slug":"nada-profantova-a-kol-klecany-rane-stredoveka-pohrebiste-sv-1-a-2","status":"publish","type":"product","link":"https:\/\/old.ypp.com.pl\/en\/nada-profantova-a-kol-klecany-rane-stredoveka-pohrebiste-sv-1-a-2\/","title":{"rendered":"Na\u010fa Profantov\u00e1 a kol. &#8220;Klecany : ran\u011b st\u0159edov\u011bk\u00e1 poh\u0159ebi\u0161t\u011b (sv. 1 a 2)&#8221;"},"content":{"rendered":"<p>Kolektivn\u00ed monografie prezentuje komplexn\u00ed anal\u00fdzu ran\u011b st\u0159edov\u011bk\u00fdch poh\u0159ebi\u0161\u0165 v\u00fdznamn\u00e9ho ran\u011b st\u0159edov\u011bk\u00e9ho hradi\u0161t\u011b Lev\u00fd Hradec (\u017dalov, obec Roztoky). Obsahuje vyhodnocen\u00ed prom\u011bn poh\u0159ebn\u00edho ritu v 9. \u2013 12. stolet\u00ed, kter\u00e9 reflektuj\u00ed prom\u011bny duchovn\u00edho sv\u011bta spole\u010dnosti souvisej\u00edc\u00ed s christianiza\u010dn\u00edmi procesy. Analyzov\u00e1no je \u0161irok\u00e9 spektrum n\u00e1lez\u016f tvo\u0159\u00edc\u00edch sou\u010d\u00e1st hrobov\u00fdch v\u00fdbav se zvl\u00e1\u0161tn\u00edm d\u016frazem na v\u00fdvoj ran\u011b st\u0159edov\u011bk\u00e9ho \u0161perku z kovu a skla. P\u0159edstaveno je nov\u00e9 typologick\u00e9 sch\u00e9ma akcentuj\u00edc\u00ed technologick\u00e9 \u010dlen\u011bn\u00ed \u0161perku z kov\u016f dovoluj\u00edc\u00ed propojit v\u00fdvoj \u0161perk\u016f obdob\u00ed s dominanc\u00ed velkomoravsk\u00fdch vliv\u016f a obdob\u00ed m\u00f3dy esovit\u00fdch z\u00e1u\u0161nic, \u0161perky z poh\u0159ebi\u0161\u0165 i z depot\u016f. Sledov\u00e1na je geneze konceptu \u010desk\u00fdch klenotnick\u00fdch d\u00edlen. Propojen\u00ed z\u00edskan\u00fdch poznatk\u016f dovoluje p\u0159edstavit shody a rozd\u00edly mezi jednotliv\u00fdmi komunitami s\u00eddeln\u00edho are\u00e1lu Lev\u00fd Hradec, odr\u00e1\u017eej\u00edc\u00ed rozd\u00edln\u00e9 \u010dasov\u00e9 za\u0159azen\u00ed i soci\u00e1ln\u00ed kontext. Srovn\u00e1n\u00ed poh\u0159ebi\u0161\u0165 v \u0161ir\u0161\u00edm okol\u00ed aglomerace Lev\u00fd Hradec-Klecany, Pra\u017esk\u00e9ho hradu a M\u011blnicka ilustruje stratifikaci opevn\u011bn\u00fdch s\u00eddel. Sou\u010d\u00e1st\u00ed soci\u00e1ln\u00edho diskursu je tematika v\u00fd\u017eivy levohradeck\u00e9 populace na z\u00e1klad\u011b izotopov\u00e9 anal\u00fdzy. Monografie obsahuje dodatky ke katalogu poh\u0159ebi\u0161\u0165 publikovan\u00e9mu v prvn\u00edm d\u00edlu a aktualizovan\u00fd antropologick\u00fd souhrn.<\/p>\n","protected":false},"excerpt":{"rendered":"<p style=\"margin-top: 0cm; background: white;\"><span style=\"font-family: 'Segoe UI',sans-serif; color: #333333;\">Praha 2015<\/span><\/p>\n<p style=\"margin-top: 0cm; background: white; box-sizing: border-box; margin-bottom: 0.9rem; font-variant-ligatures: normal; font-variant-caps: normal; orphans: 2; text-align: start; widows: 2; -webkit-text-stroke-width: 0px; text-decoration-thickness: initial; text-decoration-style: initial; text-decoration-color: initial; word-spacing: 0px;\"><span style=\"font-family: 'Segoe UI',sans-serif; color: #333333;\">Wydawca: Epocha &#8211; Archeologick\u00fd \u00fastav AV \u010cR, Praha, v.v.i.<\/span><\/p>\n<p style=\"margin-top: 0cm; background: white; box-sizing: border-box; margin-bottom: 0.9rem; font-variant-ligatures: normal; font-variant-caps: normal; orphans: 2; text-align: start; widows: 2; -webkit-text-stroke-width: 0px; text-decoration-thickness: initial; text-decoration-style: initial; text-decoration-color: initial; word-spacing: 0px;\"><span style=\"font-family: 'Segoe UI',sans-serif; color: #333333;\">Format: 297 x 210 mm<\/span><\/p>\n<p style=\"margin-top: 0cm; background: white; box-sizing: border-box; margin-bottom: 0.9rem; font-variant-ligatures: normal; font-variant-caps: normal; orphans: 2; text-align: start; widows: 2; -webkit-text-stroke-width: 0px; text-decoration-thickness: initial; text-decoration-style: initial; text-decoration-color: initial; word-spacing: 0px;\"><span style=\"font-family: 'Segoe UI',sans-serif; color: #333333;\">Strony: 224 (t.1) + 220 (t.2)<\/span><\/p>\n<p style=\"margin-top: 0cm; background: white; box-sizing: border-box; margin-bottom: 0.9rem; font-variant-ligatures: normal; font-variant-caps: normal; orphans: 2; text-align: start; widows: 2; -webkit-text-stroke-width: 0px; text-decoration-thickness: initial; text-decoration-style: initial; text-decoration-color: initial; word-spacing: 0px;\"><span style=\"font-family: 'Segoe UI',sans-serif; color: #333333;\">Oprawa\u00a0<\/span><\/p>\n<p style=\"margin-top: 0cm; background: white; box-sizing: border-box; margin-bottom: 0.9rem; font-variant-ligatures: normal; font-variant-caps: normal; orphans: 2; text-align: start; widows: 2; -webkit-text-stroke-width: 0px; text-decoration-thickness: initial; text-decoration-style: initial; text-decoration-color: initial; word-spacing: 0px;\"><span style=\"font-family: 'Segoe UI',sans-serif; color: #333333;\">Publikacja w j\u0119zyku czeski<\/span><\/p>\n<p style=\"margin-top: 0cm; background: white; box-sizing: border-box; margin-bottom: 0.9rem; font-variant-ligatures: normal; font-variant-caps: normal; orphans: 2; text-align: start; widows: 2; -webkit-text-stroke-width: 0px; text-decoration-thickness: initial; text-decoration-style: initial; text-decoration-color: initial; word-spacing: 0px;\"><span style=\"font-family: 'Segoe UI',sans-serif; color: #333333;\">ISBN<\/span><\/p>\n<p style=\"margin-top: 0cm; background: white; box-sizing: border-box; margin-bottom: 0.9rem; font-variant-ligatures: normal; font-variant-caps: normal; orphans: 2; text-align: start; widows: 2; -webkit-text-stroke-width: 0px; text-decoration-thickness: initial; text-decoration-style: initial; text-decoration-color: initial; word-spacing: 0px;\">\n","protected":false},"featured_media":3103,"comment_status":"open","ping_status":"closed","template":"","meta":[],"product_cat":[74,77,126,82],"product_tag":[],"_links":{"self":[{"href":"https:\/\/old.ypp.com.pl\/en\/wp-json\/wp\/v2\/product\/1929"}],"collection":[{"href":"https:\/\/old.ypp.com.pl\/en\/wp-json\/wp\/v2\/product"}],"about":[{"href":"https:\/\/old.ypp.com.pl\/en\/wp-json\/wp\/v2\/types\/product"}],"replies":[{"embeddable":true,"href":"https:\/\/old.ypp.com.pl\/en\/wp-json\/wp\/v2\/comments?post=1929"}],"wp:featuredmedia":[{"embeddable":true,"href":"https:\/\/old.ypp.com.pl\/en\/wp-json\/wp\/v2\/media\/3103"}],"wp:attachment":[{"href":"https:\/\/old.ypp.com.pl\/en\/wp-json\/wp\/v2\/media?parent=1929"}],"wp:term":[{"taxonomy":"product_cat","embeddable":true,"href":"https:\/\/old.ypp.com.pl\/en\/wp-json\/wp\/v2\/product_cat?post=1929"},{"taxonomy":"product_tag","embeddable":true,"href":"https:\/\/old.ypp.com.pl\/en\/wp-json\/wp\/v2\/product_tag?post=1929"}],"curies":[{"name":"wp","href":"https:\/\/api.w.org\/{rel}","templated":true}]}}