{"id":1930,"date":"2022-01-09T18:00:09","date_gmt":"2022-01-09T18:00:09","guid":{"rendered":"http:\/\/ypp.com.pl\/?post_type=product&#038;p=1930"},"modified":"2024-01-29T08:25:09","modified_gmt":"2024-01-29T08:25:09","slug":"katarina-kapustka-ed-profil-archeologie-stredoveku-studie-venovane-janu-frolikovi","status":"publish","type":"product","link":"https:\/\/old.ypp.com.pl\/en\/katarina-kapustka-ed-profil-archeologie-stredoveku-studie-venovane-janu-frolikovi\/","title":{"rendered":"Katar\u00edna Kapustka (ed.) &#8220;Profil archeologie st\u0159edov\u011bku: studie v\u011bnovan\u00e9 Janu Frol\u00edkovi&#8221;"},"content":{"rendered":"<p>Tento sborn\u00edk vy\u0161el u p\u0159\u00edle\u017eitosti 60. narozenin Jana Frol\u00edka, p\u0159edn\u00edho \u010desk\u00e9ho badatele zab\u00fdvaj\u00edc\u00edho se archeologi\u00ed a histori\u00ed st\u0159edov\u011bku. Celkem 18 stat\u00ed v\u00a0podstat\u011b kop\u00edruje sv\u00fdm zam\u011b\u0159en\u00edm i velmi \u0161irok\u00fd z\u00e1b\u011br v\u011bdeck\u00fdch z\u00e1jm\u016f oslavence: od archeologick\u00fdch v\u00fdzkum\u016f s\u00eddel st\u0159edov\u011bk\u00e9 elity, p\u0159es rozmanit\u00e9 prom\u011bny st\u0159edov\u011bk\u00e9ho m\u011bsta, v\u00fdzkum poh\u0159ebi\u0161\u0165 a\u017e po studie zab\u00fdvaj\u00edc\u00ed se hmotnou kulturou.<\/p>\n","protected":false},"excerpt":{"rendered":"<p style=\"margin-top: 0cm; background: white;\"><span style=\"font-family: 'Segoe UI',sans-serif; color: #333333;\">Praha 2018<\/span><\/p>\n<p style=\"margin-top: 0cm; background: white; box-sizing: border-box; margin-bottom: 0.9rem; font-variant-ligatures: normal; font-variant-caps: normal; orphans: 2; text-align: start; widows: 2; -webkit-text-stroke-width: 0px; text-decoration-thickness: initial; text-decoration-style: initial; text-decoration-color: initial; word-spacing: 0px;\"><span style=\"font-family: 'Segoe UI',sans-serif; color: #333333;\">Wydawca: Archeologick\u00fd \u00fastav AV \u010cR<\/span><\/p>\n<p style=\"margin-top: 0cm; background: white; box-sizing: border-box; margin-bottom: 0.9rem; font-variant-ligatures: normal; font-variant-caps: normal; orphans: 2; text-align: start; widows: 2; -webkit-text-stroke-width: 0px; text-decoration-thickness: initial; text-decoration-style: initial; text-decoration-color: initial; word-spacing: 0px;\"><span style=\"font-family: 'Segoe UI',sans-serif; color: #333333;\">Format: 297&#215;210 mm<\/span><\/p>\n<p style=\"margin-top: 0cm; background: white; box-sizing: border-box; margin-bottom: 0.9rem; font-variant-ligatures: normal; font-variant-caps: normal; orphans: 2; text-align: start; widows: 2; -webkit-text-stroke-width: 0px; text-decoration-thickness: initial; text-decoration-style: initial; text-decoration-color: initial; word-spacing: 0px;\"><span style=\"font-family: 'Segoe UI',sans-serif; color: #333333;\">Strony: 303<\/span><\/p>\n<p style=\"margin-top: 0cm; background: white; box-sizing: border-box; margin-bottom: 0.9rem; font-variant-ligatures: normal; font-variant-caps: normal; orphans: 2; text-align: start; widows: 2; -webkit-text-stroke-width: 0px; text-decoration-thickness: initial; text-decoration-style: initial; text-decoration-color: initial; word-spacing: 0px;\"><span style=\"font-family: 'Segoe UI',sans-serif; color: #333333;\">Oprawa\u00a0<\/span><\/p>\n<p style=\"margin-top: 0cm; background: white; box-sizing: border-box; margin-bottom: 0.9rem; font-variant-ligatures: normal; font-variant-caps: normal; orphans: 2; text-align: start; widows: 2; -webkit-text-stroke-width: 0px; text-decoration-thickness: initial; text-decoration-style: initial; text-decoration-color: initial; word-spacing: 0px;\"><span style=\"font-family: 'Segoe UI',sans-serif; color: #333333;\">Publikacja w wielu j\u0119zykach<\/span><\/p>\n<p style=\"margin-top: 0cm; background: white; box-sizing: border-box; margin-bottom: 0.9rem; font-variant-ligatures: normal; font-variant-caps: normal; orphans: 2; text-align: start; widows: 2; -webkit-text-stroke-width: 0px; text-decoration-thickness: initial; text-decoration-style: initial; text-decoration-color: initial; word-spacing: 0px;\"><span style=\"font-family: 'Segoe UI',sans-serif; color: #333333;\">ISBN 978-80-7581-014-4<\/span><\/p>\n","protected":false},"featured_media":3099,"comment_status":"open","ping_status":"closed","template":"","meta":[],"product_cat":[74,126,82],"product_tag":[],"_links":{"self":[{"href":"https:\/\/old.ypp.com.pl\/en\/wp-json\/wp\/v2\/product\/1930"}],"collection":[{"href":"https:\/\/old.ypp.com.pl\/en\/wp-json\/wp\/v2\/product"}],"about":[{"href":"https:\/\/old.ypp.com.pl\/en\/wp-json\/wp\/v2\/types\/product"}],"replies":[{"embeddable":true,"href":"https:\/\/old.ypp.com.pl\/en\/wp-json\/wp\/v2\/comments?post=1930"}],"wp:featuredmedia":[{"embeddable":true,"href":"https:\/\/old.ypp.com.pl\/en\/wp-json\/wp\/v2\/media\/3099"}],"wp:attachment":[{"href":"https:\/\/old.ypp.com.pl\/en\/wp-json\/wp\/v2\/media?parent=1930"}],"wp:term":[{"taxonomy":"product_cat","embeddable":true,"href":"https:\/\/old.ypp.com.pl\/en\/wp-json\/wp\/v2\/product_cat?post=1930"},{"taxonomy":"product_tag","embeddable":true,"href":"https:\/\/old.ypp.com.pl\/en\/wp-json\/wp\/v2\/product_tag?post=1930"}],"curies":[{"name":"wp","href":"https:\/\/api.w.org\/{rel}","templated":true}]}}