{"id":1931,"date":"2022-01-09T18:00:09","date_gmt":"2022-01-09T18:00:09","guid":{"rendered":"http:\/\/ypp.com.pl\/?post_type=product&#038;p=1931"},"modified":"2024-01-29T08:25:03","modified_gmt":"2024-01-29T08:25:03","slug":"petr-limbursky-et-al-pohrebni-arealy-uneticke-kultury-ve-vlinevsi","status":"publish","type":"product","link":"https:\/\/old.ypp.com.pl\/en\/petr-limbursky-et-al-pohrebni-arealy-uneticke-kultury-ve-vlinevsi\/","title":{"rendered":"Petr Limbursk\u00fd et al. &#8220;Poh\u0159ebn\u00ed are\u00e1ly \u00fan\u011btick\u00e9 kultury ve Vlin\u011bvsi&#8221;"},"content":{"rendered":"<p>Plo\u0161n\u00fd archeologick\u00fd v\u00fdzkum nedaleko st\u0159edo\u010desk\u00e9 obce Vlin\u011bves pat\u0159il k\u00a0t\u011bm nejrozs\u00e1hlej\u0161\u00edm, kter\u00e9 Archeologick\u00fd \u00fastav AV \u010cR, Praha, prov\u00e1d\u011bl na po\u010d\u00e1tku 21. stolet\u00ed. V\u00a0letech 1999\u20132008, kdy prob\u00edhala intenzivn\u00ed t\u011b\u017eba ve vlin\u011bvesk\u00e9 p\u00edskovn\u011b, bylo odkryto mno\u017estv\u00ed objekt\u016f z\u00a0r\u016fzn\u00fdch obdob\u00ed prav\u011bku. Vedle zna\u010dn\u00e9ho zastoupen\u00ed stop po prav\u011bk\u00fdch s\u00eddli\u0161t\u00edch bylo objeveno i n\u011bkolik poh\u0159ebi\u0161\u0165. Nejrozs\u00e1hlej\u0161\u00ed z\u00a0nich n\u00e1le\u017eela obdob\u00ed \u00fan\u011btick\u00e9 kultury. Zkoum\u00e1no a dokumentov\u00e1no bylo 304 hrob\u016f a dal\u0161\u00edch 57 s\u00eddli\u0161tn\u00edch objekt\u016f s\u00a0obsahem lidsk\u00fdch poz\u016fstatk\u016f, je\u017e byly datov\u00e1ny do obdob\u00ed \u00fan\u011btick\u00e9 kultury. Krom\u011b celkov\u00e9ho mno\u017estv\u00ed odkryt\u00fdch objekt\u016f a n\u00e1lez\u016f je n\u00e1lezov\u00e1 situace v\u00fdjime\u010dn\u00e1 t\u00edm, \u017ee byly zachyceny poh\u0159ebn\u00ed aktivity nejen klasick\u00e9ho obdob\u00ed, ale i obdob\u00ed z\u00e1v\u011bru \u00fan\u011btick\u00e9 kultury. Tuto skute\u010dnost podtrhuj\u00ed n\u00e1lezy t\u0159\u00ed hrob\u016f datovan\u00fdch do doby mohylov\u00e9 kultury, i kdy\u017e jejich p\u0159\u00edmou souvislost s\u00a0p\u0159edchoz\u00edm \u00fan\u011btick\u00fdm poh\u0159b\u00edv\u00e1n\u00edm nelze nesporn\u011b prok\u00e1zat. Dokumentace bezezbytku v\u0161ech hrob\u016f umo\u017enila prov\u00e9st v\u00a0reprezentativn\u00edm rozsahu kvantitativn\u00ed srovn\u00e1n\u00ed a prostorovou anal\u00fdzu. Po dosud publikovan\u00fdch poh\u0159ebi\u0161t\u00edch z\u00a0obdob\u00ed eneolitu, kultury se zvoncovit\u00fdmi poh\u00e1ry, lat\u00e9nsk\u00e9ho obdob\u00ed a obdob\u00ed st\u011bhov\u00e1n\u00ed n\u00e1rod\u016f se tak nyn\u00ed \u010dten\u00e1\u0159 m\u00e1 mo\u017enost sezn\u00e1mit s\u00a0dal\u0161\u00ed a z\u00e1rove\u0148 nejv\u011bt\u0161\u00ed kapitolou poh\u0159b\u00edv\u00e1n\u00ed v\u00a0lokalit\u011b.<\/p>\n","protected":false},"excerpt":{"rendered":"<p style=\"margin-top: 0cm; background: white;\"><span style=\"font-family: 'Segoe UI',sans-serif; color: #333333;\">Praha 2018<\/span><\/p>\n<p style=\"margin-top: 0cm; background: white; box-sizing: border-box; margin-bottom: 0.9rem; font-variant-ligatures: normal; font-variant-caps: normal; orphans: 2; text-align: start; widows: 2; -webkit-text-stroke-width: 0px; text-decoration-thickness: initial; text-decoration-style: initial; text-decoration-color: initial; word-spacing: 0px;\"><span style=\"font-family: 'Segoe UI',sans-serif; color: #333333;\">Wydawca: Archeologick\u00fd \u00fastav AV \u010cR<\/span><\/p>\n<p style=\"margin-top: 0cm; background: white; box-sizing: border-box; margin-bottom: 0.9rem; font-variant-ligatures: normal; font-variant-caps: normal; orphans: 2; text-align: start; widows: 2; -webkit-text-stroke-width: 0px; text-decoration-thickness: initial; text-decoration-style: initial; text-decoration-color: initial; word-spacing: 0px;\"><span style=\"font-family: 'Segoe UI',sans-serif; color: #333333;\">Format: 297 x 210 mm<\/span><\/p>\n<p style=\"margin-top: 0cm; background: white; box-sizing: border-box; margin-bottom: 0.9rem; font-variant-ligatures: normal; font-variant-caps: normal; orphans: 2; text-align: start; widows: 2; -webkit-text-stroke-width: 0px; text-decoration-thickness: initial; text-decoration-style: initial; text-decoration-color: initial; word-spacing: 0px;\"><span style=\"font-family: 'Segoe UI',sans-serif; color: #333333;\">Strony: <\/span><span style=\"font-size: 11.5pt; font-family: Montserrat; color: #7c756b; background: white;\">647<\/span><\/p>\n<p style=\"margin-top: 0cm; background: white; box-sizing: border-box; margin-bottom: 0.9rem; font-variant-ligatures: normal; font-variant-caps: normal; orphans: 2; text-align: start; widows: 2; -webkit-text-stroke-width: 0px; text-decoration-thickness: initial; text-decoration-style: initial; text-decoration-color: initial; word-spacing: 0px;\"><span style=\"font-family: 'Segoe UI',sans-serif; color: #333333;\">Oprawa mi\u0119kka<\/span><\/p>\n<p style=\"margin-top: 0cm; background: white; box-sizing: border-box; margin-bottom: 0.9rem; font-variant-ligatures: normal; font-variant-caps: normal; orphans: 2; text-align: start; widows: 2; -webkit-text-stroke-width: 0px; text-decoration-thickness: initial; text-decoration-style: initial; text-decoration-color: initial; word-spacing: 0px;\"><span style=\"font-family: 'Segoe UI',sans-serif; color: #333333;\">Publikacja w j\u0119zyku czeski, streszczenie w j\u0119zyku angielskim<\/span><\/p>\n<p style=\"margin-top: 0cm; background: white; box-sizing: border-box; margin-bottom: 0.9rem; font-variant-ligatures: normal; font-variant-caps: normal; orphans: 2; text-align: start; widows: 2; -webkit-text-stroke-width: 0px; text-decoration-thickness: initial; text-decoration-style: initial; text-decoration-color: initial; word-spacing: 0px;\"><span style=\"font-family: 'Segoe UI',sans-serif; color: #333333;\">ISBN 978-80-87365-98-4<\/span><\/p>\n","protected":false},"featured_media":3097,"comment_status":"open","ping_status":"closed","template":"","meta":[],"product_cat":[74,77,126,82],"product_tag":[],"_links":{"self":[{"href":"https:\/\/old.ypp.com.pl\/en\/wp-json\/wp\/v2\/product\/1931"}],"collection":[{"href":"https:\/\/old.ypp.com.pl\/en\/wp-json\/wp\/v2\/product"}],"about":[{"href":"https:\/\/old.ypp.com.pl\/en\/wp-json\/wp\/v2\/types\/product"}],"replies":[{"embeddable":true,"href":"https:\/\/old.ypp.com.pl\/en\/wp-json\/wp\/v2\/comments?post=1931"}],"wp:featuredmedia":[{"embeddable":true,"href":"https:\/\/old.ypp.com.pl\/en\/wp-json\/wp\/v2\/media\/3097"}],"wp:attachment":[{"href":"https:\/\/old.ypp.com.pl\/en\/wp-json\/wp\/v2\/media?parent=1931"}],"wp:term":[{"taxonomy":"product_cat","embeddable":true,"href":"https:\/\/old.ypp.com.pl\/en\/wp-json\/wp\/v2\/product_cat?post=1931"},{"taxonomy":"product_tag","embeddable":true,"href":"https:\/\/old.ypp.com.pl\/en\/wp-json\/wp\/v2\/product_tag?post=1931"}],"curies":[{"name":"wp","href":"https:\/\/api.w.org\/{rel}","templated":true}]}}