{"id":1932,"date":"2022-01-09T18:00:09","date_gmt":"2022-01-09T18:00:09","guid":{"rendered":"http:\/\/ypp.com.pl\/?post_type=product&#038;p=1932"},"modified":"2024-01-29T08:25:00","modified_gmt":"2024-01-29T08:25:00","slug":"kysela-j-danielisova-a-militky-j-eds-stories-that-made-the-iron-age","status":"publish","type":"product","link":"https:\/\/old.ypp.com.pl\/en\/kysela-j-danielisova-a-militky-j-eds-stories-that-made-the-iron-age\/","title":{"rendered":"Kysela, J. &#8211; Danielisov\u00e1, A. &#8211; Militk\u00fd, J. (eds.) &#8220;Stories that made the Iron Age&#8221;"},"content":{"rendered":"<div id=\"outer_page_4\" class=\"outer_page only_ie6_border \">\n<div id=\"page4\" class=\"newpage\">\n<div class=\"text_layer\">\n<div class=\"ie_fix\">\n<div class=\"ff9\"><span class=\"a\">TABLE OF CONTENTS<\/span><\/div>\n<div class=\"ff7\"><span class=\"a\">CHAPTER I.<\/span><\/div>\n<div class=\"ff7\"><span class=\"a\">Stories in making \u2013 methods and concepts <\/span><span class=\"a\">27\u201339<\/span><\/div>\n<div class=\"ff11\"><span class=\"a\">\u00a0John\u00a0<span class=\"l\">Collis <\/span><\/span><span class=\"a\">: From \u2018Late Keltic Art\u2019 to \u2018Early Celtic Art\u2019: changes in interpretations<\/span><span class=\"a\">of the Celts from Daniel Wilson to Paul Jacobsthal and beyond. <\/span><span class=\"a\">41\u201349<\/span><\/div>\n<div class=\"ff11\"><span class=\"a\">\u00a0Martin\u00a0<span class=\"l\">Kuna <\/span><\/span><span class=\"a\">: Space, time and prehistoric settlement.\u00a0<\/span><span class=\"a\">51\u201361<\/span><\/div>\n<div class=\"ff11\"><span class=\"a\">\u00a0Roman\u00a0<span class=\"l\">K\u0159iv\u00e1nek\u00a0<\/span><\/span><span class=\"a\">: On homestead-based settlement structure and the possibility<\/span><span class=\"a\">of its detection by geophysical methods \u2013 example from the SE bailey of the<\/span><span class=\"a\">oppidum of Z\u00e1vist. <\/span><span class=\"a\">63\u201369<\/span><\/div>\n<div class=\"ff11\"><span class=\"a\">\u00a0St\u00e9phane\u00a0<span class=\"l\">Marion<\/span><\/span><span class=\"a\">: \u00ab Noire industrie \u00bb : le concept de \u00ab\u00a0zone industrielle \u00bb,<\/span><span class=\"a\">un pas vers la reconnaissance de la complexit\u00e9 de l&#8217;\u00e9conomie \u00e0 l&#8217;\u00e2ge du Fer.<\/span><\/div>\n<div><\/div>\n<div class=\"ff7\"><span class=\"a\">CHAPTER II.<\/span><\/div>\n<div class=\"ff7\"><span class=\"a\">Stories of making and exchanging\u00a0<\/span><span class=\"a\">71\u201381<\/span><\/div>\n<div class=\"ff11\"><span class=\"a\">\u00a0Olivier\u00a0<span class=\"l\">Buchsenschutz \u2013 Katherine Gruel\u00a0<\/span><\/span><span class=\"a\">: L\u2019artisanat dans les habitats isol\u00e9s<\/span><span class=\"a\">de l\u2019\u00e2ge du Fer en France.\u00a0<\/span><span class=\"a\">83\u201399<\/span><\/div>\n<div class=\"ff11\"><span class=\"a\">\u00a0Al\u017eb\u011bta\u00a0<span class=\"l9\">Danielisov\u00e1\u00a0<span class=\"l\">\u2013\u00a0Jan\u00a0<span class=\"l10\">Kysela\u00a0<span class=\"l12\">\u2013 Martin Mihaljevi\u010d \u2013 Ji\u0159\u00ed Militk\u00fd <\/span><\/span><\/span><\/span><\/span><span class=\"a\">: Metal<\/span><span class=\"a\">working in the oppidum of T\u0159\u00edsov, South Bohemia \u2013 a review. <\/span><span class=\"a\">101\u2013109<\/span><\/div>\n<div class=\"ff11\"><span class=\"a\">\u00a0Jo\u00eblle\u00a0<span class=\"l\">Rolland <\/span><\/span><span class=\"a\">: Tracing the skills and identifying masterpieces in Celtic<\/span><span class=\"a\">glass-making: specialization through Haevernick group 15. <\/span><span class=\"a\">111\u2013121<\/span><\/div>\n<div class=\"ff11\"><span class=\"a\">\u00a0Ji\u0159\u00ed\u00a0<span class=\"l\">Militk\u00fd\u00a0<\/span><\/span><span class=\"a\">: A stater hoard and single Celtic coins from settlement<\/span><span class=\"a\">of T\u0159ebestovice (okr. Nymburk, Central Bohemia). <\/span><span class=\"a\">123\u2013137<\/span><\/div>\n<div class=\"ff11\"><span class=\"a\">\u00a0Bo\u0161tjan\u00a0<span class=\"l8\">Laharnar\u00a0<span class=\"l7\">\u2013\u00a0<span class=\"l6\">\u017diga \u0160mit \u2013 Andrej \u0160emrov\u00a0\u00a0<\/span><\/span><\/span><\/span><span class=\"a\">: On the La T\u00e8ne silver \ufb01nds<\/span><span class=\"a\">from Slovenia.<\/span><\/div>\n<div><\/div>\n<div class=\"ff7\"><span class=\"a\">CHAPTER III.<\/span><\/div>\n<div class=\"ff7\"><span class=\"a\">Stories of things \u2013 stories of people <\/span><span class=\"a\">139\u2013151<\/span><\/div>\n<div class=\"ff11\"><span class=\"a\">Jan <span class=\"l\">Bouzek\u00a0<\/span><\/span><span class=\"a\">: Celtic art and glass. <\/span><span class=\"a\">153\u2013161<\/span><\/div>\n<div class=\"ff11\"><span class=\"a\">Jan <span class=\"l11\">John\u00a0<span class=\"l10\">\u2013\u00a0Vincent\u00a0<span class=\"l9\">Megaw\u00a0<\/span><\/span><\/span><\/span><span class=\"a\">: A miniature early La T\u00e8ne bronze mount<\/span><span class=\"a\">from South Bohemia. <\/span>163\u2013179<\/div>\n<\/div>\n<\/div>\n<\/div>\n<\/div>\n<div id=\"outer_page_5\" class=\"outer_page only_ie6_border \">\n<div id=\"page5\" class=\"newpage\">\n<div class=\"text_layer\">\n<div class=\"ie_fix\">\n<div class=\"ff11\"><span class=\"a\">Jan <span class=\"l\">Kysela <\/span><\/span><span class=\"a\">: Return of the\u00a0lost swine and\u00a0other stories. Incoherent<\/span><span class=\"a\">contributions to late(r) La T\u00e8ne \ufb01gural art in Bohemia.<\/span><span class=\"a\">181\u2013193 <\/span><span class=\"a\">\u00a0<\/span><\/div>\n<div class=\"ff11\"><span class=\"a\">Gadea\u00a0<span class=\"l10\">Cabanillas\u00a0de\u00a0<span class=\"l9\">la\u00a0Tor<span class=\"l6\">re <\/span><\/span><\/span><\/span><span class=\"a\">: Deconstructing Braubacher Schalen:<\/span><span class=\"a\">labelling and de\ufb01ning early Celtic arts from a ceramic perspective. <\/span><span class=\"a\">195\u2013205<\/span><\/div>\n<div class=\"ff11\"><span class=\"a\">\u00a0Peter\u00a0<span class=\"l\">Ramsl<\/span><\/span><span class=\"a\">: Sp\u00e4thallstatt-\/fr\u00fchlat\u00e8nezeitliche Siedlungskeramik<\/span><span class=\"a\">in Nieder\u00f6sterreich und handgeformte Keramik in Gr\u00e4berfeldern. <\/span><span class=\"a\">207\u2013221<\/span><\/div>\n<div class=\"ff11\"><span class=\"a\">\u00a0Dominik\u00a0<span class=\"l\">Repka <\/span><\/span><span class=\"a\">: La T\u00e8ne miniature vessels from the Carpathian Basin. <\/span><span class=\"a\">223\u2013241<\/span><\/div>\n<div class=\"ff11\"><span class=\"a\">\u00a0Irena\u00a0<span class=\"l\">\u017deno\u017ei\u010dkov\u00e1<\/span><\/span><span class=\"a\">: Description of decoration of the Late La T\u00e8ne painted<\/span><span class=\"a\">pottery from the oppidum at Star\u00e9 Hradisko.<\/span><span class=\"a\">243\u2013257<\/span><\/div>\n<div class=\"ff11\"><span class=\"a\">\u00a0Susanne\u00a0<span class=\"l\">Sievers<\/span><\/span><span class=\"a\">: Wa\ufb00en in keltischen Oppida. Manching und Star\u00e9 Hradisko<\/span><span class=\"a\">im Vergleich. <\/span><span class=\"a\">259\u2013277<\/span><\/div>\n<div class=\"ff11\"><span class=\"a\">\u00a0Maciej\u00a0<span class=\"l\">Karwowski <\/span><\/span><span class=\"a\">: Celtic glass from Mihovo. <\/span><span class=\"a\">279\u2013285<\/span><\/div>\n<div class=\"ff11\"><span class=\"a\">\u00a0Gertr\u00fada\u00a0<span class=\"l\">B\u0159ezinov\u00e1<\/span><\/span><span class=\"a\">: Decorated sapropelite bracelets from Chot\u00edn, Slovakia. <\/span><span class=\"a\">286\u2013289<\/span><\/div>\n<div class=\"ff11\"><span class=\"a\">\u00a0Martin\u00a0<span class=\"l\">Hlo\u017eek\u00a0<\/span><\/span><span class=\"a\">: Analysis of amber from sapropelite bracelets from the Chot\u00edn<\/span><span class=\"a\">burial place. <\/span><span class=\"a\">291\u2013305<\/span><\/div>\n<div class=\"ff11\"><span class=\"a\">\u00a0Milo\u0161\u00a0<span class=\"l10\">Hlava\u00a0<span class=\"l9\">\u2013\u00a0<span class=\"l12\">Tom\u00e1\u0161\u00a0<span class=\"l\">Mangel <\/span><\/span><\/span><\/span><\/span><span class=\"a\">: \u0160vartnov\u00e1 z\u00e1hada: Bartou\u0161ov u Kopidlna<\/span><span class=\"a\">[Sapropelite mystery: Bartou\u0161ov u Kopidlna, okr. Ji\u010d\u00edn, Eastern Bohemia].<\/span><span class=\"a\">307\u2013315<\/span><\/div>\n<div class=\"ff11\"><span class=\"a\">\u00a0Anna\u00a0<span class=\"l\">Gardelkov\u00e1\u00a0Vrtelov\u00e1<\/span><\/span><span class=\"a\">: Amber \ufb01nds from the Celtic cemetery in<\/span><span class=\"a\">Pal\u00e1rikovo, southern Slovakia. <\/span><span class=\"a\">317\u2013337<\/span><\/div>\n<div class=\"ff11\"><span class=\"a\">\u00a0Prisca\u00a0<span class=\"l\">Bartoli<\/span><\/span><span class=\"a\">: Were some late Roman forms of\u00a0scythes really created by<\/span><span class=\"a\">the Celts in the Eastern Alpine region and in western Hungary?<\/span><\/div>\n<div><\/div>\n<div class=\"ff7\"><span class=\"a\">CHAPTER IV.<\/span><\/div>\n<div class=\"ff7\"><span class=\"a\">Stories from the nether world <\/span><span class=\"a\">339\u2013351<\/span><\/div>\n<div class=\"ff7\"><span class=\"a\">Miloslav Chyt<span class=\"l6\">r\u00e1\u010dek \u2013 Ond\u0159ej Chvojka \u2013 Markus\u00a0<span class=\"l7\">Egg \u2013 Jan John\u00a0\u2013 Ren\u00e9 Kysel\u00fd\u00a0\u2013<\/span><\/span><\/span><span class=\"a\">\u00a0Jan Mich\u00e1lek \u2013 Petra Str\u00e1nsk\u00e1<\/span><span class=\"a\">: F\u00fcrstengrabh\u00fcgel aus der Sp\u00e4thallstattzeit<\/span><span class=\"a\">bei Rovn\u00e1 in S\u00fcdb\u00f6hmen mit den j\u00fcngeren Eingri\ufb00en aus der Jung- und<\/span><span class=\"a\">Sp\u00e4tlat\u00e8nezeit. <\/span><span class=\"a\">353\u2013363<\/span><\/div>\n<div class=\"ff11\"><span class=\"a\">\u00a0Pavel\u00a0<span class=\"l\">Sankot\u00a0<\/span><\/span><span class=\"a\">: Zu den Gr\u00e4ber des vorduxer Horizonts aus Nov\u00e1 Ves, Bez.<\/span><span class=\"a\">M\u011bln\u00edk und Praha-\u0158eporyje 1.<\/span><span class=\"a\">365\u2013373<\/span><\/div>\n<div class=\"ff11\"><span class=\"a\">\u00a0Katja\u00a0<span class=\"l\">Winger\u00a0<\/span><\/span><span class=\"a\">: Der appetitlichste Freund des\u00a0Menschen? \u00dcberlegungen<\/span><span class=\"a\">zu den Schnittspuren an Hunde- und Menschenknochen aus dem Oppidum<\/span><span class=\"a\">\u00a0von Manching.<\/span><\/div>\n<\/div>\n<\/div>\n<\/div>\n<\/div>\n<div class=\"DesignSystem\">\n<div id=\"div-gpt-ad-4397870-8-4\" data-google-query-id=\"CO3igKnus_QCFULAOwIdaDEP7w\">\n<div id=\"google_ads_iframe_\/65327593\/Academia\/Swp_LoggedOut_5__container__\"><\/div>\n<\/div>\n<\/div>\n<div id=\"outer_page_6\" class=\"outer_page only_ie6_border \">\n<div id=\"page6\" class=\"newpage\">\n<div class=\"text_layer\">\n<div class=\"ie_fix\">\n<div class=\"ff7\"><span class=\"a\">CHAPTER V.<\/span><\/div>\n<div class=\"ff7\"><span class=\"a\">Stories of regions and sites <\/span><span class=\"a\">375\u2013391<\/span><\/div>\n<div class=\"ff11\"><span class=\"a\">\u00a0Martin\u00a0<span class=\"l8\">Trefn\u00fd\u00a0<span class=\"l\">\u2013\u00a0<span class=\"l11\">Tom\u00e1\u0161\u00a0Poli\u0161ensk\u00fd\u00a0<\/span><\/span><\/span><\/span><span class=\"a\">: Die Bedeutung der Mikroregion des<\/span><span class=\"a\">Pitkovicer Baches f\u00fcr die\u00a0Siedlungsarch\u00e4olo<span class=\"l6\">gie der \u00e4lteren Eisenzeit.<\/span><\/span><span class=\"a\">393\u2013409<\/span><\/div>\n<div class=\"ff11\"><span class=\"a\">\u00a0Petra\u00a0<span class=\"l11\">Gol\u00e1\u0148ov\u00e1\u00a0\u2013\u00a0<span class=\"l10\">Ale\u0161 Navr\u00e1til\u00a0<\/span><\/span><\/span><span class=\"a\">: P\u00e1lava hills during the La T\u00e8ne period. <\/span><span class=\"a\">411\u2013431<\/span><\/div>\n<div class=\"ff11\"><span class=\"a\">\u00a0Ji\u0159\u00ed\u00a0<span class=\"l9\">Waldhauser\u00a0<span class=\"l\">\u2013\u00a0Radek\u00a0<span class=\"l10\">Nov\u00e1k\u00a0<\/span><\/span><\/span><\/span><span class=\"a\">: Z\u00e1chrann\u00fd v\u00fdzkum \u010dasn\u011b lat\u00e9nsk\u00e9ho s\u00eddla<\/span><span class=\"a\">\u00a0v Kopidln\u011b na Ji\u010d\u00ednsku [A\u00a0<span class=\"l6\">rescue excavation\u00a0of an Early La T\u00e8ne\u00a0settlement<\/span><\/span><span class=\"a\">in Kopidlno, okr. Ji\u010d\u00edn]. <\/span><span class=\"a\">433\u2013447<\/span><\/div>\n<div class=\"ff11\"><span class=\"a\">\u00a0Radoslav\u00a0<span class=\"l7\">\u010cambal \u2013\u00a0<span class=\"l10\">Branislav\u00a0<span class=\"l6\">Kov\u00e1r \u2013 Marek Budaj\u00a0<\/span><\/span><\/span><\/span><span class=\"a\">: Neue hallsstattzeitliche<\/span><span class=\"a\">und lat\u00e8nezeitliche Funde aus \u010cebovce, Fundlage Z\u00e1mok (Bez. Ve\u013ek\u00fd Krt\u00ed\u0161). <\/span><span class=\"a\">449\u2013455<\/span><\/div>\n<div class=\"ff11\"><span class=\"a\">\u00a0Gabriela\u00a0<span class=\"l10\">P\u00e1l\u00a0\u2013\u00a0<span class=\"l9\">Julianna\u00a0<span class=\"l11\">Cseh<\/span><\/span><\/span><\/span><span class=\"a\">: At the border of Ages and Empires (Kom\u00e1rom-<\/span><span class=\"a\">Esztergom county, Hungary, from the 4<\/span><span class=\"a\">th<\/span><span class=\"a\">\u00a0century BC to the 2<\/span><span class=\"a\">nd<\/span><span class=\"a\"> century AD).\u00a0<\/span><span class=\"a\">457\u2013473<\/span><\/div>\n<div class=\"ff11\"><span class=\"a\">\u00a0Katalin\u00a0<span class=\"l\">Almassy\u00a0<\/span><\/span><span class=\"a\">: \u010cel\u00e1kovice-Nedaniny \u2013 gate or\u00a0something else?<\/span><span class=\"a\">475\u2013503<\/span><\/div>\n<div class=\"ff11\"><span class=\"a\">\u00a0Daniel\u00a0<span class=\"l10\">Burs\u00e1k\u00a0<span class=\"l11\">\u2013\u00a0Pavel\u00a0Kacl<\/span><\/span><\/span><span class=\"a\">: The La T\u00e8ne lowland agglomeration in Prague-<\/span><span class=\"a\">Bubene\u010d in perspective of latest research.\u00a0<\/span><span class=\"a\">505\u2013521<\/span><\/div>\n<div class=\"ff11\"><span class=\"a\">\u00a0Tom\u00e1\u0161\u00a0<span class=\"l\">Sm\u011bl\u00fd\u00a0<\/span><\/span><span class=\"a\">: Numismatische Spur des bislang verkannten<\/span><span class=\"a\">Siedlungszentrums in der Region von\u00a0B\u0159eclav, S\u00fcdm\u00e4hren.<\/span><span class=\"a\">523\u2013531<\/span><\/div>\n<div class=\"ff11\"><span class=\"a\">\u00a0Branislav\u00a0<span class=\"l12\">Resut\u00edk\u00a0<span class=\"l10\">\u2013 Jana Minaroviech\u00a0<\/span><\/span><\/span><span class=\"a\">: Hypothetical reconstruction of<\/span><span class=\"a\">the Roman building II on the northern terrace of the Bratislava Castle hill<\/span><span class=\"a\">based on the results of archaeological excavation.<\/span><\/div>\n<\/div>\n<\/div>\n<\/div>\n<\/div>\n","protected":false},"excerpt":{"rendered":"<p>Praha 2017<\/p>\n<p>Wydawca: Archeologick\u00fd \u00fastav AV \u010cR<\/p>\n<p>Format: 297 x 210 mm<\/p>\n<p>Strony: 531<\/p>\n<p>Oprawa<\/p>\n<p>J\u0119zyk publikacji: czeski, niemiecki, francuski<\/p>\n<p>ISBN 978-80-7581-002-1<\/p>\n<p>ISBN 978-80-7308-763\u20110<\/p>\n<p>&nbsp;<\/p>\n<p>Recenzja:<\/p>\n<p>doc. PhDr. Peter Pav\u00fak, PhD.<\/p>\n<p>PhDr. Karol\u00a0Pieta, DrSc<\/p>\n","protected":false},"featured_media":3095,"comment_status":"open","ping_status":"closed","template":"","meta":[],"product_cat":[74,77,126,82],"product_tag":[],"_links":{"self":[{"href":"https:\/\/old.ypp.com.pl\/en\/wp-json\/wp\/v2\/product\/1932"}],"collection":[{"href":"https:\/\/old.ypp.com.pl\/en\/wp-json\/wp\/v2\/product"}],"about":[{"href":"https:\/\/old.ypp.com.pl\/en\/wp-json\/wp\/v2\/types\/product"}],"replies":[{"embeddable":true,"href":"https:\/\/old.ypp.com.pl\/en\/wp-json\/wp\/v2\/comments?post=1932"}],"wp:featuredmedia":[{"embeddable":true,"href":"https:\/\/old.ypp.com.pl\/en\/wp-json\/wp\/v2\/media\/3095"}],"wp:attachment":[{"href":"https:\/\/old.ypp.com.pl\/en\/wp-json\/wp\/v2\/media?parent=1932"}],"wp:term":[{"taxonomy":"product_cat","embeddable":true,"href":"https:\/\/old.ypp.com.pl\/en\/wp-json\/wp\/v2\/product_cat?post=1932"},{"taxonomy":"product_tag","embeddable":true,"href":"https:\/\/old.ypp.com.pl\/en\/wp-json\/wp\/v2\/product_tag?post=1932"}],"curies":[{"name":"wp","href":"https:\/\/api.w.org\/{rel}","templated":true}]}}