{"id":1933,"date":"2022-01-09T18:00:09","date_gmt":"2022-01-09T18:00:09","guid":{"rendered":"http:\/\/ypp.com.pl\/?post_type=product&#038;p=1933"},"modified":"2024-01-29T08:24:45","modified_gmt":"2024-01-29T08:24:45","slug":"moucha-vaclav-nechvatal-borivoj-varadzin-ladislav-et-al-vysehrad-knizeci-a-kralovska-akropole-svedectvi-archeologie","status":"publish","type":"product","link":"https:\/\/old.ypp.com.pl\/en\/moucha-vaclav-nechvatal-borivoj-varadzin-ladislav-et-al-vysehrad-knizeci-a-kralovska-akropole-svedectvi-archeologie\/","title":{"rendered":"Moucha, V\u00e1clav &#8211; Nechv\u00e1tal, Bo\u0159ivoj &#8211; Varadzin, Ladislav et al. &#8220;Vy\u0161ehrad. Kn\u00ed\u017eec\u00ed a kr\u00e1lovsk\u00e1 akropole. Sv\u011bdectv\u00ed archeologie&#8221;"},"content":{"rendered":"<p>Kniha pojedn\u00e1v\u00e1 o \u00fast\u0159edn\u00edm are\u00e1lu vy\u0161ehradsk\u00e9ho hradi\u0161t\u011b p\u0159edstavuj\u00edc\u00edho v\u00a011. a 12. stolet\u00ed p\u0159edn\u00ed politick\u00e9 a mocensk\u00e9 centrum \u010desk\u00e9ho st\u00e1tu, na n\u011bm\u017e se t\u00e9m\u011b\u0159 t\u0159i \u010dtvrt\u011b stolet\u00ed nach\u00e1zela panovnick\u00e1 rezidence. Vych\u00e1z\u00ed z\u00a0komplexn\u00edho zpracov\u00e1n\u00ed rozs\u00e1hl\u00fdch, av\u0161ak dosud nevyu\u017eit\u00fdch pramen\u016f z\u00edskan\u00fdch plo\u0161n\u00fdmi archeologick\u00fdmi v\u00fdzkumy od r. 1924 do sou\u010dasnosti.<br \/>\nSest\u00e1v\u00e1 z\u00a022 p\u016fvodn\u00edch kapitol p\u0159ipraven\u00fdch specialisty na prav\u011bkou a st\u0159edov\u011bkou archeologii, bioarcheologick\u00e9 obory, historickou metalurgii a geologii. Po \u00favodn\u00ed \u010d\u00e1sti (\u010d\u00e1st I), p\u0159ibli\u017euj\u00edc\u00ed okolnosti formov\u00e1n\u00ed korpusu hmotn\u00fdch pramen\u016f, jsou za\u0159azeny analytick\u00e9 kapitoly v\u011bnovan\u00e9 n\u00e1lez\u016fm z\u00a0prav\u011bku (\u010d\u00e1st II) a st\u0159edov\u011bku a\u017e novov\u011bku (\u010d\u00e1st III). Posledn\u00ed \u010d\u00e1st (\u010d\u00e1st IV) p\u0159edkl\u00e1d\u00e1 synt\u00e9zu a vyhodnocen\u00ed poznatk\u016f a jejich zasazen\u00ed do \u0161ir\u0161\u00edho archeologick\u00e9ho a historick\u00e9ho r\u00e1mce.<br \/>\nVedle v\u016fbec prvn\u00edho systematick\u00e9ho zpracov\u00e1n\u00ed poz\u016fstatk\u016f prav\u011bk\u00e9ho os\u00eddlen\u00ed na Vy\u0161ehrad\u011b (star\u0161\u00ed a st\u0159edn\u00ed eneolit) tato monografie nab\u00edz\u00ed vhled do nejstar\u0161\u00ed etapy existence st\u0159edov\u011bk\u00e9ho hradi\u0161t\u011b (cca 980\u20131070) a vykresluje stavebn\u00ed a urbanistickou podobu n\u00e1sledn\u00e9 ran\u011b rom\u00e1nsk\u00e9 p\u0159emyslovsk\u00e9 rezidence (cca 1070\u20131140), kter\u00e1 o v\u00edce ne\u017e p\u016fl stolet\u00ed p\u0159edch\u00e1z\u00ed vznik kamenn\u00e9ho pal\u00e1ce na Pra\u017esk\u00e9m hrad\u011b. D\u00e1le p\u0159edkl\u00e1d\u00e1 detailn\u00ed charakteristiku stavebn\u00ed podoby a symboliky pal\u00e1cov\u00e9ho okrsku obnoven\u00e9ho zde Lucemburky (1348\u20131420) a postihuje hlavn\u00ed rysy jeho n\u00e1sledn\u00e9 degradace v\u00a0pohusitsk\u00e9m obdob\u00ed. D\u016fraz je kladen na hmotnou kulturu, soci\u00e1ln\u00ed a ekonomick\u00e9 aspekty \u017eivota na akropoli i na dal\u0161\u00ed t\u00e9mata. Text doprov\u00e1z\u00ed rozs\u00e1hl\u00e1 fotografick\u00e1 a pl\u00e1nov\u00e1 p\u0159\u00edloha.<\/p>\n","protected":false},"excerpt":{"rendered":"<p>Praha 2015<\/p>\n<p>Wydawca: Archeologick\u00fd \u00fastav AV \u010cR<\/p>\n<p>Format: 297 x 210 mm<\/p>\n<p>Strony: 959<\/p>\n<p>Oprawa<\/p>\n<p>J\u0119zyk publikacji: czeski i angielski, streszczenie w j\u0119zyku niemieckim<\/p>\n<p>ISBN<\/p>\n","protected":false},"featured_media":3093,"comment_status":"open","ping_status":"closed","template":"","meta":[],"product_cat":[74,77,126,82],"product_tag":[],"_links":{"self":[{"href":"https:\/\/old.ypp.com.pl\/en\/wp-json\/wp\/v2\/product\/1933"}],"collection":[{"href":"https:\/\/old.ypp.com.pl\/en\/wp-json\/wp\/v2\/product"}],"about":[{"href":"https:\/\/old.ypp.com.pl\/en\/wp-json\/wp\/v2\/types\/product"}],"replies":[{"embeddable":true,"href":"https:\/\/old.ypp.com.pl\/en\/wp-json\/wp\/v2\/comments?post=1933"}],"wp:featuredmedia":[{"embeddable":true,"href":"https:\/\/old.ypp.com.pl\/en\/wp-json\/wp\/v2\/media\/3093"}],"wp:attachment":[{"href":"https:\/\/old.ypp.com.pl\/en\/wp-json\/wp\/v2\/media?parent=1933"}],"wp:term":[{"taxonomy":"product_cat","embeddable":true,"href":"https:\/\/old.ypp.com.pl\/en\/wp-json\/wp\/v2\/product_cat?post=1933"},{"taxonomy":"product_tag","embeddable":true,"href":"https:\/\/old.ypp.com.pl\/en\/wp-json\/wp\/v2\/product_tag?post=1933"}],"curies":[{"name":"wp","href":"https:\/\/api.w.org\/{rel}","templated":true}]}}