{"id":1934,"date":"2022-01-09T18:00:09","date_gmt":"2022-01-09T18:00:09","guid":{"rendered":"http:\/\/ypp.com.pl\/?post_type=product&#038;p=1934"},"modified":"2024-01-29T08:24:38","modified_gmt":"2024-01-29T08:24:38","slug":"martin-kuna-andrea-nemcova-et-al-vypoved-sidlistniho-odpadu-nalezy-z-pozdni-doby-bronzove-v-roztokach-a-otazky-depozicni-analyzy-archeologickeho-kontextu","status":"publish","type":"product","link":"https:\/\/old.ypp.com.pl\/en\/martin-kuna-andrea-nemcova-et-al-vypoved-sidlistniho-odpadu-nalezy-z-pozdni-doby-bronzove-v-roztokach-a-otazky-depozicni-analyzy-archeologickeho-kontextu\/","title":{"rendered":"Martin Kuna &#8211; Andrea N\u011bmcov\u00e1 et al. &#8220;V\u00fdpov\u011b\u010f s\u00eddli\u0161tn\u00edho odpadu. N\u00e1lezy z pozdn\u00ed doby bronzov\u00e9 v Roztok\u00e1ch a ot\u00e1zky depozi\u010dn\u00ed anal\u00fdzy archeologick\u00e9ho kontextu&#8221;"},"content":{"rendered":"<p>Hlavn\u00edm c\u00edlem t\u00e9to knihy je hledat nov\u00e9 postupy vyhodnocen\u00ed archeologick\u00fdch n\u00e1lez\u016f z\u00a0prav\u011bk\u00fdch a ran\u011b st\u0159edov\u011bk\u00fdch s\u00eddli\u0161\u0165. V\u00a0centru pozornosti jsou b\u011b\u017en\u00e9 soubory artefakt\u016f z\u00a0v\u00fdpln\u00ed s\u00eddli\u0161tn\u00edch objekt\u016f, tedy p\u0159edev\u0161\u00edm siln\u011b fragmentarizovan\u00e1 keramika. Materi\u00e1lov\u00fd z\u00e1klad pr\u00e1ce tvo\u0159\u00ed n\u00e1lezy z\u00a0pozdn\u00ed doby bronzov\u00e9 v\u00a0Roztok\u00e1ch u Prahy, z\u00edskan\u00e9 ter\u00e9nn\u00edm v\u00fdzkumem Archeologick\u00e9ho \u00fastavu v\u00a0Praze v\u00a0letech 1980-1983. Kniha p\u0159edkl\u00e1d\u00e1 nejen standardn\u00ed publikaci tohoto souboru pramen\u016f, ale i pokus o definici proces\u016f jeho vzniku; v\u00a0t\u00e9to souvislosti formuluje n\u011bkter\u00e9 z\u00e1kladn\u00ed pojmy z\u00a0oblasti tzv. depozi\u010dn\u00ed anal\u00fdzy. D\u00e1le kniha p\u0159in\u00e1\u0161\u00ed popisn\u00fd syst\u00e9m keramiky dan\u00e9ho obdob\u00ed a n\u011bkolik nov\u00fdch pohled\u016f na kulturu konce doby bronzov\u00e9, nap\u0159. v\u00a0oblasti konstrukce staveb, funkce artefakt\u016f, modelu obytn\u00e9ho are\u00e1lu \u010di charakteru zem\u011bd\u011blsk\u00e9ho syst\u00e9mu.<\/p>\n","protected":false},"excerpt":{"rendered":"<p>Praha 2012<\/p>\n<p>Wydawca: Archeologick\u00fd \u00fastav AV \u010cR<\/p>\n<p>Format: 297 x 210 mm<\/p>\n<p>Strony: 358<\/p>\n<p>Oprawa<\/p>\n<p>J\u0119zyk publikacji:<\/p>\n<p>ISBN 978-80-87365-50-2<\/p>\n","protected":false},"featured_media":3091,"comment_status":"closed","ping_status":"closed","template":"","meta":[],"product_cat":[74,77,126,82],"product_tag":[],"_links":{"self":[{"href":"https:\/\/old.ypp.com.pl\/en\/wp-json\/wp\/v2\/product\/1934"}],"collection":[{"href":"https:\/\/old.ypp.com.pl\/en\/wp-json\/wp\/v2\/product"}],"about":[{"href":"https:\/\/old.ypp.com.pl\/en\/wp-json\/wp\/v2\/types\/product"}],"replies":[{"embeddable":true,"href":"https:\/\/old.ypp.com.pl\/en\/wp-json\/wp\/v2\/comments?post=1934"}],"wp:featuredmedia":[{"embeddable":true,"href":"https:\/\/old.ypp.com.pl\/en\/wp-json\/wp\/v2\/media\/3091"}],"wp:attachment":[{"href":"https:\/\/old.ypp.com.pl\/en\/wp-json\/wp\/v2\/media?parent=1934"}],"wp:term":[{"taxonomy":"product_cat","embeddable":true,"href":"https:\/\/old.ypp.com.pl\/en\/wp-json\/wp\/v2\/product_cat?post=1934"},{"taxonomy":"product_tag","embeddable":true,"href":"https:\/\/old.ypp.com.pl\/en\/wp-json\/wp\/v2\/product_tag?post=1934"}],"curies":[{"name":"wp","href":"https:\/\/api.w.org\/{rel}","templated":true}]}}