{"id":1936,"date":"2022-01-09T18:00:09","date_gmt":"2022-01-09T18:00:09","guid":{"rendered":"http:\/\/ypp.com.pl\/?post_type=product&#038;p=1936"},"modified":"2024-01-29T08:22:46","modified_gmt":"2024-01-29T08:22:46","slug":"pamatky-archeologicke-112-2021","status":"publish","type":"product","link":"https:\/\/old.ypp.com.pl\/en\/pamatky-archeologicke-112-2021\/","title":{"rendered":"Pam\u00e1tky archeologick\u00e9 (112) 2021"},"content":{"rendered":"<p>Pozdn\u011bglaci\u00e1ln\u00ed os\u00eddlen\u00ed u Stadic v severoz\u00e1padn\u00edch \u010cech\u00e1ch \/ Late Epigravettian Site near Stadice in Northwest Bohemia<\/p>\n<p>Martin Oliva \u2013 Slavomil Vencl<\/p>\n<p>Pam\u00e1tky archeologick\u00e9 CXII (112), 2021, 5\u201370<\/p>\n<p>&nbsp;<\/p>\n<p>Depot meden\u00fdch predmetov z Mn\u00edchovej Lehoty (okr. Tren\u010d\u00edn). Pr\u00edspevok k poznaniu antim\u00f3novej medi typu N\u00f3gr\u00e1dmarcal v obdob\u00ed star\u0161ieho eneolitu \/ Depotfund von Kupfergegenst\u00e4nden aus Mn\u00edchova Lehota (Bez. Tren\u010d\u00edn). Beitrag zur Erkennung des Antimonkupfers vom Typ N\u00f3gr\u00e1dmarcal in dem \u00e4lteren Aeneolithikum<\/p>\n<p>M\u00e1ria Novotn\u00e1 a kol.<\/p>\n<p>Pam\u00e1tky archeologick\u00e9 CXII (112), 2021, 71-100<\/p>\n<p>&nbsp;<\/p>\n<p>Skupinov\u00e9 poh\u0159ebi\u0161t\u011b \u00fan\u011btick\u00e9 kultury z Lovosic (okr. Litom\u011b\u0159ice). K funer\u00e1ln\u00edm are\u00e1l\u016fm star\u0161\u00ed doby bronzov\u00e9 v severoz\u00e1padn\u00edch \u010cech\u00e1ch \/ The \u00dan\u011btice Culture Group Cemetery from Lovosice (Litom\u011b\u0159ice District). On Early Bronze Age Burial Grounds in Northwest Bohemia<\/p>\n<p>Marek P\u016flp\u00e1n a kol.<\/p>\n<p>Pam\u00e1tky archeologick\u00e9 CXII (112), 2021, 101-196<\/p>\n<p>&nbsp;<\/p>\n<p>Central Sites and the Development of Rural Settlements from the Middle to Late La T\u00e8ne Period in Central Moravia \/ Centr\u00e1ln\u00ed m\u00edsta a v\u00fdvoj os\u00eddlen\u00ed ve st\u0159edn\u00ed a pozdn\u00ed dob\u011b lat\u00e9nsk\u00e9 na \u00fazem\u00ed st\u0159edn\u00ed Moravy<\/p>\n<p>Ivan \u010ci\u017em\u00e1\u0159 \u2013 Al\u017eb\u011bta Danielisov\u00e1<\/p>\n<p>Pam\u00e1tky archeologick\u00e9 CXII (112), 2021, 197-236<\/p>\n<p>&nbsp;<\/p>\n<p>The Hoard of Celtic Coins from Deutsch Jahrndorf (Austria, 1855) \/ Poklad keltsk\u00fdch minc\u00ed z Deutsch Jahrndorfu (Rakousko, 1855)<\/p>\n<p>Ji\u0159\u00ed Militk\u00fd \u2013 Melinda Torb\u00e1gyi<\/p>\n<p>Pam\u00e1tky archeologick\u00e9 CXII (112), 2021, 237-299<\/p>\n<p>&nbsp;<\/p>\n<p>Jak mal\u00e1 byla Marobuda \u0159\u00ed\u0161e? Prameny k rozsahu Marobudem ovl\u00e1dan\u00e9ho \u00fazem\u00ed a jejich interpretace \/ Wie klein war das Marbod-Reich? Die Quellen zur Ausdehnung des von Marbod beherrschten Gebiets und ihre Interpretation<\/p>\n<p>Vladim\u00edr Sala\u010d<\/p>\n<p>Pam\u00e1tky archeologick\u00e9 CXII (112), 2021, 301-332<\/p>\n<p>&nbsp;<\/p>\n<p>Medieval Mining Centre of Buchberg in the Bohemian-Moravian Highlands. Metal Production in the Kingdom of Bohemia (13th\u201314th Centuries) \/ St\u0159edov\u011bk\u00e9 d\u016fln\u00ed st\u0159edisko Buchberg na \u010ceskomoravsk\u00e9 vrchovin\u011b. Produkce kov\u016f v \u010cesk\u00e9m kr\u00e1lovstv\u00ed (13.\u201314. stolet\u00ed)<\/p>\n<p>Petr Hrub\u00fd a kol.<\/p>\n<p>Pam\u00e1tky archeologick\u00e9 CXII (112), 2021, 333-384<\/p>\n<p>&nbsp;<\/p>\n<p>Problematika v\u00edce\u010detn\u00fdch poh\u0159b\u016f v novov\u011bku. P\u0159\u00edpadov\u00e1 studie poh\u0159ebi\u0161t\u011b z 18. stolet\u00ed v Semonic\u00edch u Jarom\u011b\u0159e \/ Multiple Burials in the Early Modern Period. The case study of an 18th-century burial ground in Jarom\u011b\u0159\u2013Semonice<\/p>\n<p>Pavel Drnovsk\u00fd \u2013 Erika Pr\u016fchov\u00e1<\/p>\n<p>Pam\u00e1tky archeologick\u00e9 CXII (112), 2021, 385\u2013431<\/p>\n<p>&nbsp;<\/p>\n<p>Recenze \/ Reviews, Pam\u00e1tky archeologick\u00e9 CXII (112), 2021, 433-436<\/p>\n","protected":false},"excerpt":{"rendered":"<p>Praha 2021<\/p>\n<p>Wydawca: Archeologick\u00fd \u00fastav AV \u010cR<\/p>\n<p>Format: 297\u00d7210 mm<\/p>\n<p>Strony:<\/p>\n<p>Oprawa mi\u0119kka<\/p>\n<p>Seria, numer: Pam\u00e1tky archeologick\u00e9 (112), 2021<\/p>\n<p>Publikacja w wielu j\u0119zykach<\/p>\n<p>ISBN<\/p>\n<p>ISSN<\/p>\n","protected":false},"featured_media":3107,"comment_status":"open","ping_status":"closed","template":"","meta":[],"product_cat":[74,77,126,82],"product_tag":[],"_links":{"self":[{"href":"https:\/\/old.ypp.com.pl\/en\/wp-json\/wp\/v2\/product\/1936"}],"collection":[{"href":"https:\/\/old.ypp.com.pl\/en\/wp-json\/wp\/v2\/product"}],"about":[{"href":"https:\/\/old.ypp.com.pl\/en\/wp-json\/wp\/v2\/types\/product"}],"replies":[{"embeddable":true,"href":"https:\/\/old.ypp.com.pl\/en\/wp-json\/wp\/v2\/comments?post=1936"}],"wp:featuredmedia":[{"embeddable":true,"href":"https:\/\/old.ypp.com.pl\/en\/wp-json\/wp\/v2\/media\/3107"}],"wp:attachment":[{"href":"https:\/\/old.ypp.com.pl\/en\/wp-json\/wp\/v2\/media?parent=1936"}],"wp:term":[{"taxonomy":"product_cat","embeddable":true,"href":"https:\/\/old.ypp.com.pl\/en\/wp-json\/wp\/v2\/product_cat?post=1936"},{"taxonomy":"product_tag","embeddable":true,"href":"https:\/\/old.ypp.com.pl\/en\/wp-json\/wp\/v2\/product_tag?post=1936"}],"curies":[{"name":"wp","href":"https:\/\/api.w.org\/{rel}","templated":true}]}}