{"id":1939,"date":"2022-01-09T19:57:53","date_gmt":"2022-01-09T19:57:53","guid":{"rendered":"http:\/\/ypp.com.pl\/?post_type=product&#038;p=1939"},"modified":"2024-01-29T08:22:16","modified_gmt":"2024-01-29T08:22:16","slug":"archeologicke-rozhledy-lxxiii-2021-2-2","status":"publish","type":"product","link":"https:\/\/old.ypp.com.pl\/en\/archeologicke-rozhledy-lxxiii-2021-2-2\/","title":{"rendered":"Archeologick\u00e9 rozhledy LXXIII (2021) &#8211; 2"},"content":{"rendered":"<p>Spis tre\u015bci<\/p>\n<p>Flint manufacturing of the Globular Amphorae culture at the site Wilczyce 10 (Lesser Poland) in the context of inventories from the neighbouring areas \/ V\u00fdroba \u0161t\u00edpan\u00e9 industrie v kultu\u0159e kulovit\u00fdch amfor na stanici Wilczyce 10 (Malopolsko) v kontextu litick\u00fdch invent\u00e1\u0159\u016f ze sousedn\u00edch oblast\u00ed<\/p>\n<p>Tomasz Boro\u0144 \u2013 Ma\u0142gorzata Winiarska-Kabaci\u0144ska<\/p>\n<p>Archeologick\u00e9 rozhledy LXXIII (2021), 163-199<\/p>\n<p>Sepulchral use of caves in Lusatian culture: Evidence from the S\u0105sp\u00f3wka Valley in the Polish Jura \/ Poh\u0159ebn\u00ed vyu\u017eit\u00ed jeskyn\u00ed v lu\u017eick\u00e9 kultu\u0159e: n\u00e1lezy z \u00fadol\u00ed S\u0105sp\u00f3wka v Polsk\u00e9 Ju\u0159e<\/p>\n<p>Ma\u0142gorzata Kot \u2013 Grzegorz Czajka \u2013 El\u017cbieta Jaskulska \u2013 Marcin Szeliga \u2013 Bartosz Kontny \u2013 Adrian Marciszak \u2013 Micha\u0142 Mazur \u2013 Micha\u0142 Wojenka<\/p>\n<p>Archeologick\u00e9 rozhledy LXXIII (2021), 200-227<\/p>\n<p>Sou\u010dasn\u00fd stav pozn\u00e1n\u00ed sklen\u011bn\u00e9ho \u0161perku doby lat\u00e9nsk\u00e9 na Morav\u011b \/ The current state of knowledge of La T\u00e8ne glass ornaments in Moravia<\/p>\n<p>Hana \u010ci\u017em\u00e1\u0159ov\u00e1<\/p>\n<p>Archeologick\u00e9 rozhledy LXXIII (2021), 228-258<\/p>\n<p>Sklo z doby st\u011bhov\u00e1n\u00ed n\u00e1rod\u016f ze Z\u00e1lu\u017e\u00ed u \u010cel\u00e1kovic: archeologie a archeometrie \/ Migration period glass from Z\u00e1lu\u017e\u00ed (Central Bohemia): archaeology and archaeometry<\/p>\n<p>Kate\u0159ina Tomkov\u00e1 \u2013 Natalie Venclov\u00e1 \u2013 \u0160\u00e1rka K\u0159\u00ed\u017eov\u00e1 \u2013 Tom\u00e1\u0161 Vaculovi\u010d \u2013 Veronika Faltusov\u00e1<\/p>\n<p>Archeologick\u00e9 rozhledy LXXIII (2021), 259-292<\/p>\n<p>Nov\u00e9 publikace \/ New publications<\/p>\n<p>Archeologick\u00e9 rozhledy LXXIII (2021), 293-312<\/p>\n","protected":false},"excerpt":{"rendered":"<div class=\"elementor-element elementor-element-0244605 elementor-widget elementor-widget-woocommerce-product-title elementor-page-title elementor-widget-heading\" data-id=\"0244605\" data-element_type=\"widget\" data-widget_type=\"woocommerce-product-title.default\">\n<div class=\"elementor-widget-container\"><\/div>\n<\/div>\n<div class=\"elementor-element elementor-element-c86d49f elementor-widget elementor-widget-woocommerce-product-price\" data-id=\"c86d49f\" data-element_type=\"widget\" data-widget_type=\"woocommerce-product-price.default\">\n<div class=\"elementor-widget-container\">\n<p class=\"price\">Praha 2021<\/p>\n<\/div>\n<\/div>\n<div class=\"elementor-element elementor-element-af44170 elementor-widget elementor-widget-woocommerce-product-short-description\" data-id=\"af44170\" data-element_type=\"widget\" data-widget_type=\"woocommerce-product-short-description.default\">\n<div class=\"elementor-widget-container\">\n<div class=\"woocommerce-product-details__short-description\">\n<p>Wydawca: Archeologick\u00fd \u00fastav AV \u010cR<\/p>\n<p>Format:<\/p>\n<p>Strony:<\/p>\n<p>Oprawa mi\u0119kka<\/p>\n<p>Seria, numer: Archeologick\u00e9 rozhledy LXXIII (2021) \u2013 2<\/p>\n<p>Publikacja w wielu j\u0119zykach<\/p>\n<p>ISBN<\/p>\n<p>ISSN<\/p>\n<\/div>\n<\/div>\n<\/div>\n","protected":false},"featured_media":3089,"comment_status":"open","ping_status":"closed","template":"","meta":[],"product_cat":[74,77,126,82],"product_tag":[],"_links":{"self":[{"href":"https:\/\/old.ypp.com.pl\/en\/wp-json\/wp\/v2\/product\/1939"}],"collection":[{"href":"https:\/\/old.ypp.com.pl\/en\/wp-json\/wp\/v2\/product"}],"about":[{"href":"https:\/\/old.ypp.com.pl\/en\/wp-json\/wp\/v2\/types\/product"}],"replies":[{"embeddable":true,"href":"https:\/\/old.ypp.com.pl\/en\/wp-json\/wp\/v2\/comments?post=1939"}],"wp:featuredmedia":[{"embeddable":true,"href":"https:\/\/old.ypp.com.pl\/en\/wp-json\/wp\/v2\/media\/3089"}],"wp:attachment":[{"href":"https:\/\/old.ypp.com.pl\/en\/wp-json\/wp\/v2\/media?parent=1939"}],"wp:term":[{"taxonomy":"product_cat","embeddable":true,"href":"https:\/\/old.ypp.com.pl\/en\/wp-json\/wp\/v2\/product_cat?post=1939"},{"taxonomy":"product_tag","embeddable":true,"href":"https:\/\/old.ypp.com.pl\/en\/wp-json\/wp\/v2\/product_tag?post=1939"}],"curies":[{"name":"wp","href":"https:\/\/api.w.org\/{rel}","templated":true}]}}