{"id":1943,"date":"2022-01-09T20:14:52","date_gmt":"2022-01-09T20:14:52","guid":{"rendered":"http:\/\/ypp.com.pl\/?post_type=product&#038;p=1943"},"modified":"2024-01-29T08:22:10","modified_gmt":"2024-01-29T08:22:10","slug":"staleta-praha-1-2020","status":"publish","type":"product","link":"https:\/\/old.ypp.com.pl\/en\/staleta-praha-1-2020\/","title":{"rendered":"Stalet\u00e1 Praha 1\/2020"},"content":{"rendered":"<div class=\"elementor-element elementor-element-94ebc24 elementor-woo-meta--view-inline elementor-widget elementor-widget-woocommerce-product-meta\" data-id=\"94ebc24\" data-element_type=\"widget\" data-widget_type=\"woocommerce-product-meta.default\">\n<div class=\"elementor-widget-container\">\n<div class=\"product_meta\"><span class=\"sku_wrapper detail-container\"><span class=\"detail-label\">SKU<\/span><\/span><\/div>\n<\/div>\n<\/div>\n<div class=\"elementor-element elementor-element-4116ee9 elementor-widget elementor-widget-woocommerce-product-content\" data-id=\"4116ee9\" data-element_type=\"widget\" data-widget_type=\"woocommerce-product-content.default\">\n<div class=\"elementor-widget-container\">\n<p>Spis tre\u015bci<\/p>\n<p>Studie<\/p>\n<ul>\n<li>Patrik L\u00edbal \/ Franti\u0161ek Tron\u00ed\u010dek, spolutv\u016frce pra\u017esk\u00e9 city. Modern\u00ed stavitel i architekt moderny.\u00a0<em>Biografick\u00e1 studie o v\u00fdznamn\u00e9m pra\u017esk\u00e9m staviteli dokladuje i jeho autorsk\u00fd pod\u00edl coby navrhuj\u00edc\u00edho architekta na realizovan\u00fdch stavb\u00e1ch, stylov\u011b se \u0159ad\u00edc\u00edch p\u0159ed rokem 1914 do geometrick\u00e9 secese a purismu a funkcionalismu v dob\u011b prvn\u00ed republiky<\/em><\/li>\n<li>Marie Folt\u00fdnov\u00e1 \/ P\u016fl stolet\u00ed p\u00e9\u010de o pomn\u00edk sv. V\u00e1clava na V\u00e1clavsk\u00e9m n\u00e1m\u011bst\u00ed.\u00a0<em>Restaurov\u00e1n\u00ed \u017eulov\u00e9ho podstavce Myslbekova pomn\u00edku sv. V\u00e1clava v roce 2018 se stalo p\u0159\u00edle\u017eitost\u00ed k proveden\u00ed komplexn\u00edch pr\u016fzkum\u016f a dokumentace t\u00e9to n\u00e1rodn\u00ed kulturn\u00ed pam\u00e1tky a vytvo\u0159en\u00ed 3D modelu cel\u00e9ho souso\u0161\u00ed modern\u00edmi metodami fotogrammetrie a laserov\u00e9ho skenov\u00e1n\u00ed<\/em><\/li>\n<\/ul>\n<p>Materi\u00e1lie<\/p>\n<ul>\n<li>Ji\u0159\u00ed Chmelensk\u00fd \/ Pra\u017esk\u00e9 elektr\u00e1renstv\u00ed konce 19. a\u017e prvn\u00ed poloviny 20. Stolet\u00ed. Co po n\u011bm v Praze z\u016fstalo<em>. Pam\u00e1tky historick\u00e9 elektrotechniky, specifick\u00e9 sv\u00fdm v\u00fdrobn\u00edm \u00fa\u010delem, jsou d\u016fle\u017eitou a ned\u00edlnou sou\u010d\u00e1st\u00ed \u0161irok\u00e9ho spektra dochovan\u00e9ho industri\u00e1ln\u00edho d\u011bdictv\u00ed v Praze a p\u0159edstavuj\u00ed z\u00e1rove\u0148 jednu z nejohro\u017een\u011bj\u0161\u00edch skupin pam\u00e1tek a v\u00fdzvu pro sou\u010dasnou pam\u00e1tkovou p\u00e9\u010di<\/em><\/li>\n<li>Alice Bart\u016f\u0161kov\u00e1 \/ Nov\u00e9 poznatky k barokn\u00edm kapuc\u00ednsk\u00fdm jesli\u010dk\u00e1m v kostele Panny Marie And\u011blsk\u00e9 na Hrad\u010danech. Kapuc\u00ednsk\u00fd kn\u011bz Oliver Steigerle jako \u010dinn\u00fd um\u011blec<em>. Ot\u00e1zka autorstv\u00ed figur vz\u00e1cn\u00e9ho barokn\u00edho betl\u00e9mu z\u016fst\u00e1vala a\u017e dosud nezodpov\u011bzena, posledn\u00ed archivn\u00ed v\u00fdzkumy v\u0161ak p\u0159inesly sv\u011bdectv\u00ed o okolnostech jeho vzniku i pozd\u011bj\u0161\u00ed restaur\u00e1torsk\u00e9 p\u00e9\u010di v pr\u016fb\u011bhu stalet\u00ed<\/em><\/li>\n<li>Dorota Havl\u00edkov\u00e1 \/ Autentick\u00e1 okna jako hodnotn\u00e1 sou\u010d\u00e1st architektonick\u00fdch pam\u00e1tek z obdob\u00ed po\u010d\u00e1tku modern\u00ed architektury<em>. Pr\u016fzkum oken architektonick\u00fdch styl\u016f po\u010d\u00e1tku 20. stolet\u00ed p\u0159in\u00e1\u0161\u00ed poznatky jak o b\u011b\u017en\u00e9 dobov\u00e9 produkci, tak o um\u011blecko\u0159emesln\u00fdch kusech, na nich\u017e je z\u0159eteln\u00fd pod\u00edl architekta a z\u0159ejm\u00e1 ambice dot\u00e1hnout u nejen u stavby \u010di u n\u00e1bytku, ale i u dve\u0159\u00ed a oken detaily, kter\u00e9 ur\u010duj\u00ed architektonickou a \u0159emeslnou hodnotu d\u00edla<\/em><\/li>\n<li>Miroslav Kov\u00e1\u0159 \/ P\u0159\u00edr\u016fstek k fondu ran\u011b gotick\u00e9 architektury v Praze.\u00a0<em>Zlomky ran\u011b gotick\u00fdch \u010dl\u00e1nk\u016f zazd\u011bn\u00fdch do novov\u011bk\u00e9 zdi v bl\u00edzkosti Starom\u011bstsk\u00e9ho n\u00e1m\u011bst\u00ed jsou dal\u0161\u00edmi z \u0159ady doklad\u016f stavebn\u00ed aktivity v Praze v pr\u016fb\u011bhu 2. poloviny 13. stolet\u00ed<\/em><\/li>\n<li>Hana \u0158epkov\u00e1 \/ Panelov\u00e9 soubory a v\u00fdvoj jejich barevnosti na p\u0159\u00edkladu s\u00eddli\u0161\u0165 Prahy 6 a 8. Pet\u0159iny, Invalidovna, \u010cerven\u00fd Vrch, \u010e\u00e1blice, Kobylisy, Bohnice, \u010cimice.\u00a0<em>Obytn\u00e9 panelov\u00e9 soubory z 60.\u201380. let 20. stolet\u00ed v kontextu v\u00fdzkumu modern\u00ed architektury prokazuj\u00ed sv\u00e9 pozoruhodn\u00e9 urbanistick\u00e9 a architektonick\u00e9 hodnoty i co do jejich p\u016fvodn\u00ed, mnohdy promy\u0161len\u00e9 a kultivovan\u00e9 barevnosti, jej\u00ed\u017e pozn\u00e1n\u00ed je z\u00e1kladem pro snahy o regulaci vzhledu fas\u00e1d v praxi sou\u010dasn\u00e9 prom\u011bny s\u00eddli\u0161\u0165<\/em><\/li>\n<\/ul>\n<p>Sd\u011blen\u00ed<\/p>\n<ul>\n<li>Jan E. Svoboda \u2020 \/ N\u011bkte\u0159\u00ed pra\u017e\u0161t\u00ed \u017eidov\u0161t\u00ed architekti dvac\u00e1t\u00fdch a t\u0159ic\u00e1t\u00fdch let 20. stolet\u00ed a jejich dolo\u017een\u00e9 i mo\u017en\u00e9 stavby (k vyd\u00e1n\u00ed p\u0159ipravil Jind\u0159ich Noll)<\/li>\n<\/ul>\n<p>Aktuality<\/p>\n<ul>\n<li>Nov\u011b prohl\u00e1\u0161en\u00e9 n\u00e1rodn\u00ed kulturn\u00ed pam\u00e1tky na \u00fazem\u00ed hl. m. Prahy v roce 2019<\/li>\n<li>Nov\u011b prohl\u00e1\u0161en\u00e9 nemovit\u00e9 kulturn\u00ed pam\u00e1tky na \u00fazem\u00ed hl. m. Prahy v roce 2019<\/li>\n<li>In memoriam akad. arch. Vojt\u011bcha Storma<\/li>\n<\/ul>\n<\/div>\n<\/div>\n","protected":false},"excerpt":{"rendered":"<p>Praha 2020<\/p>\n<p>Wydawca: NP\u00da, \u00daOP v hl. m\u011bst\u011b Praze<\/p>\n<p>Format: 297 x 210 mm<\/p>\n<p>Strony: 180<\/p>\n<p>Oprawa mi\u0119kka<\/p>\n<p>Seria, numer: Stalet\u00e1 Praha 2\/2020<\/p>\n<p>Publikacja w j\u0119zyku czeskim, streszczenie w j\u0119zyku angielskim<\/p>\n<p>ISSN 0231-6056<\/p>\n","protected":false},"featured_media":3126,"comment_status":"open","ping_status":"closed","template":"","meta":[],"product_cat":[74,126,82,76],"product_tag":[],"_links":{"self":[{"href":"https:\/\/old.ypp.com.pl\/en\/wp-json\/wp\/v2\/product\/1943"}],"collection":[{"href":"https:\/\/old.ypp.com.pl\/en\/wp-json\/wp\/v2\/product"}],"about":[{"href":"https:\/\/old.ypp.com.pl\/en\/wp-json\/wp\/v2\/types\/product"}],"replies":[{"embeddable":true,"href":"https:\/\/old.ypp.com.pl\/en\/wp-json\/wp\/v2\/comments?post=1943"}],"wp:featuredmedia":[{"embeddable":true,"href":"https:\/\/old.ypp.com.pl\/en\/wp-json\/wp\/v2\/media\/3126"}],"wp:attachment":[{"href":"https:\/\/old.ypp.com.pl\/en\/wp-json\/wp\/v2\/media?parent=1943"}],"wp:term":[{"taxonomy":"product_cat","embeddable":true,"href":"https:\/\/old.ypp.com.pl\/en\/wp-json\/wp\/v2\/product_cat?post=1943"},{"taxonomy":"product_tag","embeddable":true,"href":"https:\/\/old.ypp.com.pl\/en\/wp-json\/wp\/v2\/product_tag?post=1943"}],"curies":[{"name":"wp","href":"https:\/\/api.w.org\/{rel}","templated":true}]}}