{"id":2104,"date":"2022-01-26T12:13:55","date_gmt":"2022-01-26T12:13:55","guid":{"rendered":"https:\/\/ypp.com.pl\/?post_type=product&#038;p=2104"},"modified":"2024-01-29T08:05:48","modified_gmt":"2024-01-29T08:05:48","slug":"michal-ernee-michaela-langova-et-al-pohrebiste-starsi-doby-bronzove-na-jantarove-stezce-early-bronze-age-cemetery-on-the-amber-road","status":"publish","type":"product","link":"https:\/\/old.ypp.com.pl\/en\/michal-ernee-michaela-langova-et-al-pohrebiste-starsi-doby-bronzove-na-jantarove-stezce-early-bronze-age-cemetery-on-the-amber-road\/","title":{"rendered":"Michal Ern\u00e9e, Michaela Langov\u00e1 et al. &#8220;Poh\u0159ebi\u0161t\u011b star\u0161\u00ed doby bronzov\u00e9 na Jantarov\u00e9 stezce \/ Early Bronze Age Cemetery on the Amber Road&#8221;"},"content":{"rendered":"<p>Monografie od kolektivu 31 autorek a autor\u016f ze \u010dty\u0159 zem\u00ed je z\u00e1v\u011bre\u010dnou publikac\u00ed komplexn\u00edho multidisciplin\u00e1rn\u00edho v\u00fdzkumu bohat\u00e9 kostrov\u00e9 nekropole \u00fan\u011btick\u00e9 kultury star\u0161\u00ed doby bronzov\u00e9 v Mikulovic\u00edch u Pardubic. Takto komplexn\u011b nebylo doposud analyzov\u00e1no a publikov\u00e1no \u017e\u00e1dn\u00e9 podobn\u011b bohat\u00e9 soudob\u00e9 poh\u0159ebi\u0161t\u011b v Evrop\u011b. Mikulovick\u00e9 poh\u0159ebi\u0161t\u011b je v\u00fdjime\u010dn\u00e9 v\u00fdskytem velk\u00e9ho mno\u017estv\u00ed tzv. \u201eexotics\u201c, tedy p\u0159edm\u011bt\u016f, materi\u00e1l\u016f \u010di technologi\u00ed prokazateln\u011b ciz\u00edho p\u016fvodu. Ohromuj\u00edc\u00ed je zejm\u00e9na mno\u017estv\u00ed jantarov\u00fdch p\u0159edm\u011bt\u016f (t\u00e9m\u011b\u0159 900 z celkem 27 hrob\u016f), v\u010detn\u011b jantarov\u00e9ho n\u00e1hrdeln\u00edku slo\u017een\u00e9ho z nejm\u00e9n\u011b 420 jantarov\u00fdch perel a roz\u0159a\u010fova\u010d\u016f z \u017eensk\u00e9ho hrobu \u010d. 2, co\u017e z n\u011bho \u010din\u00ed na jantar v\u016fbec nejbohat\u0161\u00ed hrob v soudob\u00e9 Evrop\u011b. D\u00edky sv\u00e9 v\u00fdjime\u010dn\u00e9 poloze je \u017eivot zdej\u0161\u00ed komunity spojov\u00e1n s v\u00fdznamnou d\u00e1lkovou komunikac\u00ed, jednou z v\u011btv\u00ed tzv. Jantarov\u00e9 stezky. \u0158ada proveden\u00fdch anal\u00fdz se zam\u011b\u0159uje nejen na ter\u00e9nn\u00ed dokumentaci a jednotliv\u00e9 druhy n\u00e1lez\u016f, ale ve velk\u00e9m m\u011b\u0159\u00edtku tak\u00e9 na anal\u00fdzy kostern\u00edch poz\u016fstatk\u016f (antropologie, paleopatologie, epigenetika, izotopie Sr, O, C, N). Sou\u010d\u00e1st\u00ed publikace nen\u00ed komplexn\u011b proveden\u00e1 anal\u00fdza aDNA cel\u00e9ho poh\u0159ebi\u0161t\u011b, kter\u00e1 bude publikov\u00e1na na jin\u00e9m m\u00edst\u011b.<\/p>\n","protected":false},"excerpt":{"rendered":"<p>Praha 2020<\/p>\n<p>Wydawca: Archeologick\u00fd \u00fastav AV \u010cR<\/p>\n<p>Format: 297\u00d7210 mm<\/p>\n<p>Strony: 688<\/p>\n<p>Oprawa<\/p>\n<p>Publikacja w j\u0119zyku czeskim i j\u0119zyku angielskim<\/p>\n<p>ISBN 978-80-7581-025-0<\/p>\n","protected":false},"featured_media":3101,"comment_status":"open","ping_status":"closed","template":"","meta":[],"product_cat":[77,126,82],"product_tag":[],"_links":{"self":[{"href":"https:\/\/old.ypp.com.pl\/en\/wp-json\/wp\/v2\/product\/2104"}],"collection":[{"href":"https:\/\/old.ypp.com.pl\/en\/wp-json\/wp\/v2\/product"}],"about":[{"href":"https:\/\/old.ypp.com.pl\/en\/wp-json\/wp\/v2\/types\/product"}],"replies":[{"embeddable":true,"href":"https:\/\/old.ypp.com.pl\/en\/wp-json\/wp\/v2\/comments?post=2104"}],"wp:featuredmedia":[{"embeddable":true,"href":"https:\/\/old.ypp.com.pl\/en\/wp-json\/wp\/v2\/media\/3101"}],"wp:attachment":[{"href":"https:\/\/old.ypp.com.pl\/en\/wp-json\/wp\/v2\/media?parent=2104"}],"wp:term":[{"taxonomy":"product_cat","embeddable":true,"href":"https:\/\/old.ypp.com.pl\/en\/wp-json\/wp\/v2\/product_cat?post=2104"},{"taxonomy":"product_tag","embeddable":true,"href":"https:\/\/old.ypp.com.pl\/en\/wp-json\/wp\/v2\/product_tag?post=2104"}],"curies":[{"name":"wp","href":"https:\/\/api.w.org\/{rel}","templated":true}]}}