{"id":2107,"date":"2022-01-26T12:45:57","date_gmt":"2022-01-26T12:45:57","guid":{"rendered":"https:\/\/ypp.com.pl\/?post_type=product&#038;p=2107"},"modified":"2024-01-29T08:06:09","modified_gmt":"2024-01-29T08:06:09","slug":"jarmila-cihakova-martin-muller-malostranska-rotunda-sv-vaclava-v-praze","status":"publish","type":"product","link":"https:\/\/old.ypp.com.pl\/en\/jarmila-cihakova-martin-muller-malostranska-rotunda-sv-vaclava-v-praze\/","title":{"rendered":"Jarmila \u010cih\u00e1kov\u00e1, Martin M\u00fcller &#8221; Malostransk\u00e1 rotunda sv. V\u00e1clava v Praze &#8220;"},"content":{"rendered":"<div class=\"elementor-column elementor-col-50 elementor-top-column elementor-element elementor-element-d2e1254\" data-id=\"d2e1254\" data-element_type=\"column\">\n<div class=\"elementor-widget-wrap elementor-element-populated\">\n<div class=\"elementor-element elementor-element-af44170 elementor-widget elementor-widget-woocommerce-product-short-description\" data-id=\"af44170\" data-element_type=\"widget\" data-widget_type=\"woocommerce-product-short-description.default\">\n<div class=\"elementor-widget-container\">\n<div class=\"woocommerce-product-details__short-description\">\n<p>Prezentowana monografia jest efektem d\u0105\u017cenia do wykorzystania i oceny materia\u0142u \u017ar\u00f3d\u0142owego uzyskanego z terenowych ratowniczych bada\u0144 archeologicznych unikatowego zabytku w latach 2004 i 2005. Dzi\u0119ki projektowi finansowanemu przez \u201efundusze norweskie\u201d w latach 2015 i 2016 wykonano dokumentacj\u0119 terenow\u0105 sporz\u0105dzony w formie raportu z ustale\u0144. Ocena, zaanga\u017cowanie informacji archeologicznych w kontekstach przestrzennych i czasowych.<\/p>\n<p>Pierwsza cz\u0119\u015b\u0107 ksi\u0105\u017cki, dotycz\u0105ca rotundy roma\u0144skiej i jej nast\u0119pc\u00f3w, podzielona jest na trzy cz\u0119\u015bci. Pierwsza po\u015bwi\u0119cona jest wygl\u0105dowi, budowie, losowi, wygini\u0119ciu, zachowanemu torsowi i otoczeniu rotundy. Druga dotyczy niewielkiej cz\u0119\u015bci oryginalnej roma\u0144skiej posadzki wykonanej z ceramicznych p\u0142ytek reliefowych typu wyszehradzkiego, jej datowania, analogii, definicji i technologii produkcji p\u0142ytek. Wiedza geometryczna \u00f3wczesnego architekta zastosowana podczas budowy jest tre\u015bci\u0105 cz\u0119\u015bci trzeciej. Odkrycie, \u017ce kszta\u0142ty p\u0142askorze\u017ab zwierz\u0119cych na kafelkach s\u0105 geometrycznie komponowane, doprowadzi\u0142o do odkrycia nieznanej dot\u0105d procedury geometrycznej \u2013 metody GeDeKS. Dzi\u0119ki unikalnemu zachowaniu kompozycji kafli z XI wieku na posadzce in situ rozpoznano z\u0142o\u017con\u0105 koncepcj\u0119 geometryczn\u0105 budynku i jego detale \u2013 wymiary rzutu budynku, rozmieszczenie zachowanych element\u00f3w architektonicznych do wielko\u015bci p\u0142ytek \u2013 w wi\u0119kszo\u015bci po\u0142\u0105czone i po\u0142\u0105czone dzie\u0142a sztuki. Wysi\u0142ki zmierzaj\u0105ce do znalezienia obwodu kulturowego, z kt\u00f3rego m\u00f3g\u0142 pochodzi\u0107 tw\u00f3rca rotundy i bruku, da\u0142y pewne wskaz\u00f3wki, gdzie nale\u017cy skierowa\u0107 uwag\u0119.<\/p>\n<p>Spis tre\u015bci<\/p>\n<p><strong>Hlava\u00a0I \u2013 Rotunda\u00a0\u00a0<\/strong><\/p>\n<p>1. Kostel, kter\u00fd tu stoj\u00ed do dne\u0161n\u00edho dne<\/p>\n<ul>\n<li>Historie kostela sv. V\u00e1clava a jeho okol\u00ed z\u00a0p\u00edsemn\u00fdch pramen\u016f<\/li>\n<li>Objeven\u00ed rotundy, metoda a okolnosti v\u00fdzkumu<\/li>\n<li>Barokn\u00ed kostel P\u0159enesen\u00ed sv. V\u00e1clava a jeho dv\u011b podoby v\u00a017. stolet\u00ed<\/li>\n<li>Rotundy \u2013 nejen \u010desk\u00fd fenom\u00e9n<\/li>\n<li>Architektura rotund<\/li>\n<li>Rotunda sv. V\u00e1clava a co z\u00a0n\u00ed dodnes zbylo<\/li>\n<li>Postup v\u00fdstavby a vzhled malostransk\u00e9 rotundy<\/li>\n<li>Doba vzniku rotundy<\/li>\n<li>K\u00a0mo\u017enosti astronomick\u00e9 orientace rotundy na Malostransk\u00e9m n\u00e1m\u011bst\u00ed (Petr Hadrava)<\/li>\n<li>Prom\u011bny rotundy do roku 1628<\/li>\n<li>Poh\u0159b\u00edv\u00e1n\u00ed<\/li>\n<li>N\u00e1lezy z\u00a0doby funkce rotundy<\/li>\n<li>\u017divot v\u00a0okol\u00ed rotundy v\u00a0po\u010d\u00e1tc\u00edch jej\u00ed existence<\/li>\n<\/ul>\n<p>2. Dla\u017eba na podlaze rotundy<\/p>\n<ul>\n<li>Objev a rozm\u00edst\u011bn\u00ed n\u00e1lez\u016f keramick\u00fdch dla\u017edic a maltov\u00e9ho lo\u017ee<\/li>\n<li>Typy dla\u017edic nalezen\u00fdch v\u00a0rotund\u011b<\/li>\n<li>Vy\u0161ehradsk\u00fd typ dla\u017eby<\/li>\n<li>Technologie v\u00fdroby (s Janem Zav\u0159elem)<\/li>\n<li>Glazury na dla\u017edic\u00edch a zdroje jejich po\u0161kozen\u00ed (Alexandra Klou\u017ekov\u00e1, M\u00e1ria Kol\u00e1\u0159ov\u00e1)<\/li>\n<li>Skladba a pokl\u00e1dka dla\u017eby vy\u0161ehradsk\u00e9ho typu<\/li>\n<\/ul>\n<p>3. Um\u011bn\u00ed geometrie a geometrie v\u00a0um\u011bn\u00ed<\/p>\n<ul>\n<li>Geometrie dla\u017eby vy\u0161ehradsk\u00e9ho typu<\/li>\n<li>Geometrie v\u00a0reli\u00e9fech dla\u017edic \u2013 metoda GeDeKS<\/li>\n<li>Aplikace metody geometricky definovan\u00fdch kru\u017enic a se\u010den v\u00a0architektu\u0159e<\/li>\n<li>Post\u0159ehy k\u00a0t\u00e9matu geometrick\u00fdch souvislost\u00ed<\/li>\n<\/ul>\n<p>4. Rotunda sv. V\u00e1clava, dla\u017eba a jejich tv\u016frce<\/p>\n<p><strong>Hlava\u00a0II \u2013 Pod dla\u017ebou<\/strong><\/p>\n<p>5. Metoda v\u00fdzkumu pod dla\u017ebou<\/p>\n<p>6. Sakr\u00e1ln\u00ed stavby: dva p\u0159edch\u016fdci rotundy<\/p>\n<ul>\n<li>Kostel 2<\/li>\n<li>Chemicko-mineralogick\u00e9 slo\u017een\u00ed malby na v\u00e1penn\u00e9m podkladu (Zuzana Sl\u00ed\u017ekov\u00e1 et. al.)<\/li>\n<li>Kostel 1<\/li>\n<li>Tv\u00e1\u0159 j\u00e1dra Mal\u00e9 Strany \u2013 poh\u0159ben\u00fd georeli\u00e9f<\/li>\n<li>Kostel sv. V\u00e1clava a jeho m\u00edsto ve svatov\u00e1clavsk\u00fdch legend\u00e1ch<\/li>\n<li>Historie centra Mal\u00e9 Strany p\u0159ed stavbou rotundy<\/li>\n<\/ul>\n<p>7. Souvrstv\u00ed pod kostely<\/p>\n<ul>\n<li>Katalog SK 1\u2013SK 28<\/li>\n<li>Slou\u010den\u00ed krok\u016f SK do v\u00fdvojov\u00fdch f\u00e1z\u00ed<\/li>\n<\/ul>\n<p>8. Vyhodnocen\u00ed n\u00e1lez\u016f a situac\u00ed<\/p>\n<ul>\n<li>P\u0159edm\u011bty z\u00a0ne\u017eelezn\u00fdch kov\u016f<\/li>\n<li>Sklo<\/li>\n<li>\u017delezn\u00e9 p\u0159edm\u011bty<\/li>\n<li>Kost\u011bn\u00e9 p\u0159edm\u011bty<\/li>\n<li>Kamenn\u00e9 p\u0159edm\u011bty<\/li>\n<li>P\u0159esleny<\/li>\n<li>Keramika<\/li>\n<li>Stavitelstv\u00ed<\/li>\n<li>Urbanismus<\/li>\n<li>Soci\u00e1ln\u00ed status<\/li>\n<li>\u017delezn\u00e9 rudy a \u017eelez\u00e1\u0159sk\u00e9 strusky (Jan Zav\u0159el et. al.)<\/li>\n<li>Zv\u00ed\u0159ata a spole\u010dnost (Olga Troj\u00e1nkov\u00e1)<\/li>\n<li>Chronologicky a kulturn\u011b citliv\u011bj\u0161\u00ed drobn\u00e9 kovov\u00e9 p\u0159edm\u011bty (Na\u010fa Profantov\u00e1)<\/li>\n<\/ul>\n<p>9. Z\u00e1v\u011brem<\/p>\n<ul>\n<li>Vyhodnocen\u00ed a rekapitulace v\u00fdsledk\u016f v\u00fdzkumu<\/li>\n<\/ul>\n<p><strong>Hlava\u00a0III \u2013 Epilog<\/strong><\/p>\n<p>10. Zp\u0159\u00edstupn\u011bn\u00ed rotundy<\/p>\n<p>Literatura<\/p>\n<p>Summary<\/p>\n<p>Figures description<\/p>\n<p>P\u0159\u00edloha \u2013<strong>\u00a0<\/strong>p\u0159\u00edstupn\u00e1 QR k\u00f3dem<\/p>\n<ul>\n<li>ke kapitole I: rotundy soupis \u2013 projekty: kompozice \u2013 animace stavby<\/li>\n<li>ke kapitole 3: geometrie v\u00a0reli\u00e9fech dla\u017edic \u2013 metoda GeDeKS<\/li>\n<li>ke kapitole 8: osteologick\u00e1 deskripce<\/li>\n<\/ul>\n<\/div>\n<\/div>\n<\/div>\n<\/div>\n<\/div>\n","protected":false},"excerpt":{"rendered":"<div class=\"elementor-element elementor-element-4116ee9 elementor-widget elementor-widget-woocommerce-product-content\" data-id=\"4116ee9\" data-element_type=\"widget\" data-widget_type=\"woocommerce-product-content.default\">\n<div class=\"elementor-widget-container\">\n<p>Praha 2020<\/p>\n<p>Wydawca: NP\u00da, \u00daOP v hl. m\u011bst\u011b Praze<\/p>\n<p>Format: 297 x 210 mm<\/p>\n<p>Strony: 519<\/p>\n<p>Oprawa twarda<\/p>\n<p>Seria, numer: Archeologick\u00e9 Prameny k D\u011bjin\u00e1m Prahy 8<\/p>\n<p>Publikacja w j\u0119zyku czeski, zawiera streszczenie w j\u0119zyku angielskim<\/p>\n<p>ISBN 978-80-87220-17-7<\/p>\n<p>ISSN 1803-232x(APDP)<\/p>\n<p>&nbsp;<\/p>\n<p>Recenzja<\/p>\n<p>prof. PhDr. Petr Charv\u00e1t, DrSc.<\/p>\n<p>doc. PhDr. Karel Nov\u00e1\u010dek, Ph D.<\/p>\n<\/div>\n<\/div>\n","protected":false},"featured_media":3136,"comment_status":"open","ping_status":"closed","template":"","meta":[],"product_cat":[74,126,82,76],"product_tag":[],"_links":{"self":[{"href":"https:\/\/old.ypp.com.pl\/en\/wp-json\/wp\/v2\/product\/2107"}],"collection":[{"href":"https:\/\/old.ypp.com.pl\/en\/wp-json\/wp\/v2\/product"}],"about":[{"href":"https:\/\/old.ypp.com.pl\/en\/wp-json\/wp\/v2\/types\/product"}],"replies":[{"embeddable":true,"href":"https:\/\/old.ypp.com.pl\/en\/wp-json\/wp\/v2\/comments?post=2107"}],"wp:featuredmedia":[{"embeddable":true,"href":"https:\/\/old.ypp.com.pl\/en\/wp-json\/wp\/v2\/media\/3136"}],"wp:attachment":[{"href":"https:\/\/old.ypp.com.pl\/en\/wp-json\/wp\/v2\/media?parent=2107"}],"wp:term":[{"taxonomy":"product_cat","embeddable":true,"href":"https:\/\/old.ypp.com.pl\/en\/wp-json\/wp\/v2\/product_cat?post=2107"},{"taxonomy":"product_tag","embeddable":true,"href":"https:\/\/old.ypp.com.pl\/en\/wp-json\/wp\/v2\/product_tag?post=2107"}],"curies":[{"name":"wp","href":"https:\/\/api.w.org\/{rel}","templated":true}]}}