{"id":2408,"date":"2022-04-09T09:34:32","date_gmt":"2022-04-09T09:34:32","guid":{"rendered":"https:\/\/ypp.com.pl\/?post_type=product&#038;p=2408"},"modified":"2024-01-29T08:05:56","modified_gmt":"2024-01-29T08:05:56","slug":"jan-hus-v-pamatkach-prahy-jan-balacek-josef-hajek-edd","status":"publish","type":"product","link":"https:\/\/old.ypp.com.pl\/en\/jan-hus-v-pamatkach-prahy-jan-balacek-josef-hajek-edd\/","title":{"rendered":"Jan Hus v pam\u00e1tk\u00e1ch Prahy  Jan Bal\u00e1\u010dek Josef H\u00e1jek (edd.)"},"content":{"rendered":"<h5>Auto\u0159i: Josef H\u00e1jek, Jan Bal\u00e1\u010dek (edito\u0159i); Ladislav Barto\u0161, Ota Halama, Josef Bambas, Anna Kus\u00e1kov\u00e1, Ond\u0159ej \u0160efc\u016f, P\u0159emysl Havl\u00edk, Maty\u00e1\u0161 Krac\u00edk<\/h5>\n<p>U p\u0159\u00edle\u017eitosti 600. v\u00fdro\u010d\u00ed smrti Jana Husa p\u0159ipravil NP\u00da, \u00daOP v hl. m. Praze publikaci, kter\u00e1 v\u00fdb\u011brov\u011b mapuje pam\u00e1tky p\u0159ipom\u00ednaj\u00edc\u00ed osobnost Mistra Jana Husa na \u00fazem\u00ed Prahy. Prvn\u00ed dv\u011b kapitoly jsou v\u011bnov\u00e1ny m\u00edst\u016fm spojen\u00fdm s jeho p\u016fsoben\u00edm, jako je Karolinum, kostely a studentsk\u00e9 koleje. Mezi nimi zauj\u00edm\u00e1 v\u00fdjime\u010dn\u00e9 m\u00edsto Betl\u00e9msk\u00e1 kaple, jej\u00ed\u017e hypotetickou p\u016fvodn\u00ed podobou se zab\u00fdv\u00e1 samostatn\u00e1 sta\u0165. Ve t\u0159et\u00ed kapitole auto\u0159i p\u0159in\u00e1\u0161ej\u00ed v\u00fdb\u011brov\u00fd soupis pra\u017esk\u00fdch pomn\u00edk\u016f Jana Husa a tzv. Husov\u00fdch kamen\u016f. N\u00e1sleduj\u00edc\u00ed kapitola p\u0159edstavuje pam\u00e1tky nach\u00e1zej\u00edc\u00ed se v c\u00edrkevn\u00edch objektech, zejm\u00e9na v Husov\u00fdch sborech. Posledn\u00ed \u010d\u00e1st se v\u011bnuje pam\u00e1tk\u00e1m spojen\u00fdm s dal\u0161\u00edmi pra\u017esk\u00fdmi budovami, kde nez\u0159\u00eddka tvo\u0159\u00ed sou\u010d\u00e1st v\u00fdzdoby fas\u00e1d.<\/p>\n<h6>Publikace byla vyd\u00e1na d\u00edky finan\u010dn\u00ed podpo\u0159e Magistr\u00e1tu hlavn\u00edho m\u011bsta Prahy.<\/h6>\n<h5>Obsah:<\/h5>\n<ul>\n<li>Slovo \u00favodem<\/li>\n<li>Nejstar\u0161\u00ed pra\u017esk\u00e9 pam\u00e1tky Husova kultu (1415\u20131620)<\/li>\n<li>Betl\u00e9msk\u00e1 kaple<\/li>\n<li>Pomn\u00edky Jana Husa<\/li>\n<li>Pam\u00e1tky v c\u00edrkevn\u00edch objektech<\/li>\n<li>Pam\u00e1tky na budov\u00e1ch nec\u00edrkevn\u00edho charakteru<\/li>\n<li>V\u00fdb\u011br z literatury<\/li>\n<li>V\u00fdb\u011brov\u00fd m\u00edstn\u00ed rejst\u0159\u00edk<\/li>\n<\/ul>\n","protected":false},"excerpt":{"rendered":"<div class=\"elementor-element elementor-element-af44170 elementor-widget elementor-widget-woocommerce-product-short-description\" data-id=\"af44170\" data-element_type=\"widget\" data-widget_type=\"woocommerce-product-short-description.default\">\n<div class=\"elementor-widget-container\">\n<div class=\"woocommerce-product-details__short-description\">\n<div class=\"elementor-element elementor-element-af44170 elementor-widget elementor-widget-woocommerce-product-short-description\" data-id=\"af44170\" data-element_type=\"widget\" data-widget_type=\"woocommerce-product-short-description.default\">\n<div class=\"elementor-widget-container\">\n<div class=\"woocommerce-product-details__short-description\">\n<p>Praha 2015<\/p>\n<p><span class=\"VIiyi\" lang=\"en\"><span class=\"JLqJ4b ChMk0b\" data-language-for-alternatives=\"en\" data-language-to-translate-into=\"pl\" data-phrase-index=\"0\" data-number-of-phrases=\"1\"><span class=\"Q4iAWc\">Publisher:<\/span><\/span><\/span> N\u00e1rodn\u00ed pam\u00e1tkov\u00fd \u00fastav<\/p>\n<p><span class=\"VIiyi\" lang=\"en\"><span class=\"JLqJ4b ChMk0b\" data-language-for-alternatives=\"en\" data-language-to-translate-into=\"pl\" data-phrase-index=\"0\" data-number-of-phrases=\"1\"><span class=\"Q4iAWc\">Pages<\/span><\/span><\/span>: 144<\/p>\n<p><span class=\"VIiyi\" lang=\"en\"><span class=\"JLqJ4b ChMk0b\" data-language-for-alternatives=\"en\" data-language-to-translate-into=\"pl\" data-phrase-index=\"0\" data-number-of-phrases=\"1\"><span class=\"Q4iAWc\">Paperback<\/span><\/span><\/span><\/p>\n<p><span class=\"VIiyi\" lang=\"en\"><span class=\"JLqJ4b ChMk0b\" data-language-for-alternatives=\"en\" data-language-to-translate-into=\"pl\" data-phrase-index=\"0\" data-number-of-phrases=\"1\"><span class=\"Q4iAWc\">Publication in Czech<\/span><\/span><\/span><\/p>\n<p>ISBN 978-80-87220-15-3<\/p>\n<\/div>\n<\/div>\n<\/div>\n<\/div>\n<\/div>\n<\/div>\n","protected":false},"featured_media":3083,"comment_status":"open","ping_status":"closed","template":"","meta":[],"product_cat":[126,82,76],"product_tag":[],"_links":{"self":[{"href":"https:\/\/old.ypp.com.pl\/en\/wp-json\/wp\/v2\/product\/2408"}],"collection":[{"href":"https:\/\/old.ypp.com.pl\/en\/wp-json\/wp\/v2\/product"}],"about":[{"href":"https:\/\/old.ypp.com.pl\/en\/wp-json\/wp\/v2\/types\/product"}],"replies":[{"embeddable":true,"href":"https:\/\/old.ypp.com.pl\/en\/wp-json\/wp\/v2\/comments?post=2408"}],"wp:featuredmedia":[{"embeddable":true,"href":"https:\/\/old.ypp.com.pl\/en\/wp-json\/wp\/v2\/media\/3083"}],"wp:attachment":[{"href":"https:\/\/old.ypp.com.pl\/en\/wp-json\/wp\/v2\/media?parent=2408"}],"wp:term":[{"taxonomy":"product_cat","embeddable":true,"href":"https:\/\/old.ypp.com.pl\/en\/wp-json\/wp\/v2\/product_cat?post=2408"},{"taxonomy":"product_tag","embeddable":true,"href":"https:\/\/old.ypp.com.pl\/en\/wp-json\/wp\/v2\/product_tag?post=2408"}],"curies":[{"name":"wp","href":"https:\/\/api.w.org\/{rel}","templated":true}]}}