{"id":2584,"date":"2022-09-13T10:27:56","date_gmt":"2022-09-13T10:27:56","guid":{"rendered":"https:\/\/ypp.com.pl\/?post_type=product&#038;p=2584"},"modified":"2024-01-29T08:04:40","modified_gmt":"2024-01-29T08:04:40","slug":"ninth-to-mid-sixteenth-century-swords-from-the-czech-republic-in-their-european-context-part-i-jiri-hosek-jiri-kosta-petr-zakovsky","status":"publish","type":"product","link":"https:\/\/old.ypp.com.pl\/en\/ninth-to-mid-sixteenth-century-swords-from-the-czech-republic-in-their-european-context-part-i-jiri-hosek-jiri-kosta-petr-zakovsky\/","title":{"rendered":"Ninth to mid-sixteenth century swords from the Czech Republic in their European context. Part I \/ Ji\u0159\u00ed HO\u0160EK, Ji\u0159\u00ed KO\u0160TA, Petr \u017d\u00c1KOVSK\u00dd"},"content":{"rendered":"<div class=\"\" dir=\"auto\">\n<div id=\"jsc_c_af\" class=\"d2hqwtrz r227ecj6 ez8dtbzv gt60zsk1\" data-ad-comet-preview=\"message\" data-ad-preview=\"message\">\n<div class=\"alzwoclg cqf1kptm siwo0mpr gu5uzgus\">\n<div class=\"jroqu855 nthtkgg5\">\n<div class=\"m8h3af8h l7ghb35v kjdc1dyq kmwttqpk gh25dzvf n3t5jt4f\">\n<div dir=\"auto\">This book is the first part of a two-volume monograph, which is focused on documentation, analysis and interpretation of swords from the turn of the 9th century to the mid-16th century in what is now the Czech Republic, and on their assessment in the context of contemporary European swords. This volume aims to provide a systematic inventory of medieval and early renaissance swords from the territory of today\u2019s Czech Republic, and information connected with them. The most essential part is a comprehensive catalogue of 430 swords or sword fragments, which are historically linked to the territory of the Czech Republic (the swords were found there, they came from Czech and Moravian collections, items of which are most likely to be of a local origin, or if they are nowadays abroad although they are certainly of Czech or Moravian origin).<\/div>\n<\/div>\n<\/div>\n<\/div>\n<\/div>\n<\/div>\n<div id=\"jsc_c_ag\" class=\"om3e55n1\">\n<div class=\"om3e55n1\">\n<div>\n<div>\n<div class=\"om3e55n1\">\n<div class=\"om3e55n1\">\n<div class=\"lq84ybu9 hf30pyar s8sjc6am\"><\/div>\n<\/div>\n<\/div>\n<\/div>\n<\/div>\n<\/div>\n<\/div>\n","protected":false},"excerpt":{"rendered":"<p>Brno 2019<\/p>\n<p>Publishera: Masaryk University Press<\/p>\n<p>Format: 210&#215;297 mm<\/p>\n<p>Strony: 424<\/p>\n<p>Softcover<\/p>\n<p>English<\/p>\n<p>ISBN 978-80-210-9443-7<\/p>\n","protected":false},"featured_media":3081,"comment_status":"open","ping_status":"closed","template":"","meta":[],"product_cat":[74,126,82],"product_tag":[],"_links":{"self":[{"href":"https:\/\/old.ypp.com.pl\/en\/wp-json\/wp\/v2\/product\/2584"}],"collection":[{"href":"https:\/\/old.ypp.com.pl\/en\/wp-json\/wp\/v2\/product"}],"about":[{"href":"https:\/\/old.ypp.com.pl\/en\/wp-json\/wp\/v2\/types\/product"}],"replies":[{"embeddable":true,"href":"https:\/\/old.ypp.com.pl\/en\/wp-json\/wp\/v2\/comments?post=2584"}],"wp:featuredmedia":[{"embeddable":true,"href":"https:\/\/old.ypp.com.pl\/en\/wp-json\/wp\/v2\/media\/3081"}],"wp:attachment":[{"href":"https:\/\/old.ypp.com.pl\/en\/wp-json\/wp\/v2\/media?parent=2584"}],"wp:term":[{"taxonomy":"product_cat","embeddable":true,"href":"https:\/\/old.ypp.com.pl\/en\/wp-json\/wp\/v2\/product_cat?post=2584"},{"taxonomy":"product_tag","embeddable":true,"href":"https:\/\/old.ypp.com.pl\/en\/wp-json\/wp\/v2\/product_tag?post=2584"}],"curies":[{"name":"wp","href":"https:\/\/api.w.org\/{rel}","templated":true}]}}