{"id":2740,"date":"2022-12-14T11:24:56","date_gmt":"2022-12-14T11:24:56","guid":{"rendered":"https:\/\/ypp.com.pl\/?post_type=product&#038;p=2740"},"modified":"2024-01-20T18:51:50","modified_gmt":"2024-01-20T18:51:50","slug":"dawne-osadnictwo-podlasia-w-swietle-badan-ratowniczych-prowadzonych-w-latach-1996-2000-na-trasie-gazociagu-jamalskiego-red-a-buko-d-krasnodebski-w-szymanski","status":"publish","type":"product","link":"https:\/\/old.ypp.com.pl\/en\/dawne-osadnictwo-podlasia-w-swietle-badan-ratowniczych-prowadzonych-w-latach-1996-2000-na-trasie-gazociagu-jamalskiego-red-a-buko-d-krasnodebski-w-szymanski\/","title":{"rendered":"Dawne osadnictwo Podlasia w \u015bwietle bada\u0144 ratowniczych prowadzonych w latach 1996\u20132000 na trasie gazoci\u0105gu jamalskiego red. A. Buko, D. Krasnod\u0119bski, W. Szyma\u0144ski"},"content":{"rendered":"<p>The studies presented in this volume summarise the results of excavations carried out in 1996-2000 in the so-called Bialystok section of the Yamal gas pipeline construction. In the course of these excavations 26 archaeological sites were recognised, with a total area of 6.5 ha. Seven of the most important are presented in this paper. They represent a broad chronological cross-section, covering the period from the Stone Age to modern times, and represent an objective selection of sources for the region. The volume is complemented by an analysis of flint artefacts and a synthesis on the settlement potential of the region. The texts were prepared for publication in 2002 and were to have appeared in the concluding publication series. This did not happen, however, and more than 15 years had to pass before the studies made at that time could be put into scientific circulation.<br \/>\nIn the texts included in the volume, the authors attempted to capture the borderland character of the region, already in prehistory manifested in the intermingling of various cultural influences. This phenomenon is also visible today in the material and spiritual culture of the inhabitants of this part of Podlasie.<\/p>\n<p>&nbsp;<\/p>\n","protected":false},"excerpt":{"rendered":"<p>&nbsp;<\/p>\n<p>BOOK IN PRINT ON DEMAND &#8211; SHIPPING 14-21 DAYS<\/p>\n<p>&nbsp;<\/p>\n<p>Warszawa 2018<\/p>\n<p>Format: 210 x 297 mm<\/p>\n<p>Pages: 404<\/p>\n<p>Hardcover<\/p>\n<p>Book block sewn<\/p>\n<p>ISBN 978-83-949882-8-9<\/p>\n<p>&nbsp;<\/p>\n<p>Reviewers:<\/p>\n<p>Dr hab. Zofia Sulgostowska,<br \/>\nProf. Dr. Przemys\u0142aw Urba\u0144czyk<\/p>\n","protected":false},"featured_media":3077,"comment_status":"open","ping_status":"closed","template":"","meta":[],"product_cat":[74,82,93],"product_tag":[],"_links":{"self":[{"href":"https:\/\/old.ypp.com.pl\/en\/wp-json\/wp\/v2\/product\/2740"}],"collection":[{"href":"https:\/\/old.ypp.com.pl\/en\/wp-json\/wp\/v2\/product"}],"about":[{"href":"https:\/\/old.ypp.com.pl\/en\/wp-json\/wp\/v2\/types\/product"}],"replies":[{"embeddable":true,"href":"https:\/\/old.ypp.com.pl\/en\/wp-json\/wp\/v2\/comments?post=2740"}],"wp:featuredmedia":[{"embeddable":true,"href":"https:\/\/old.ypp.com.pl\/en\/wp-json\/wp\/v2\/media\/3077"}],"wp:attachment":[{"href":"https:\/\/old.ypp.com.pl\/en\/wp-json\/wp\/v2\/media?parent=2740"}],"wp:term":[{"taxonomy":"product_cat","embeddable":true,"href":"https:\/\/old.ypp.com.pl\/en\/wp-json\/wp\/v2\/product_cat?post=2740"},{"taxonomy":"product_tag","embeddable":true,"href":"https:\/\/old.ypp.com.pl\/en\/wp-json\/wp\/v2\/product_tag?post=2740"}],"curies":[{"name":"wp","href":"https:\/\/api.w.org\/{rel}","templated":true}]}}