{"id":2743,"date":"2022-12-14T12:10:20","date_gmt":"2022-12-14T12:10:20","guid":{"rendered":"https:\/\/ypp.com.pl\/?post_type=product&#038;p=2743"},"modified":"2024-01-20T18:51:38","modified_gmt":"2024-01-20T18:51:38","slug":"maciej-trzeciecki-michal-auch-katarzyna-stanczuk-grodzisko-piotrowka-w-radomiu-w-swietle-badan-archeologicznych-2010-2013-czesc-i-stratygrafia-i-chronologia","status":"publish","type":"product","link":"https:\/\/old.ypp.com.pl\/en\/maciej-trzeciecki-michal-auch-katarzyna-stanczuk-grodzisko-piotrowka-w-radomiu-w-swietle-badan-archeologicznych-2010-2013-czesc-i-stratygrafia-i-chronologia\/","title":{"rendered":"Maciej Trzeciecki, Micha\u0142 Auch, Katarzyna Sta\u0144czuk Grodzisko Piotr\u00f3wka w Radomiu w \u015bwietle bada\u0144 archeologicznych 2010-2013. Cz\u0119\u015b\u0107 I: stratygrafia i chronologia."},"content":{"rendered":"<p>Piotr\u00f3wka in Radom is an excellently preserved early medieval stronghold situated almost in the very centre of the city, in what was until recently a &#8220;no man&#8217;s land&#8221; &#8211; on the one hand degraded by the side effects of the 19th century industrial revolution and 20th century modernisation, and on the other hand constituting an enclave of wild nature which has been &#8220;developing&#8221; the surroundings of the stronghold for over 40 years. This makes Piotr\u00f3wka a special place, whose issues go far beyond the scope of medieval studies.<br \/>\nThe present book is intended to open a several-volume series of publications devoted to the results of the excavations carried out at Piotr\u00f3wka between 2010 and 2013. They were part of a broader programme, the final effect of which was to include the site in the social and cultural fabric of the city, and which is still far from being completed. This makes it all the more important to compile and make available the data collected during the four excavation seasons at the fortified settlement &#8211; not only because of the importance of the research for the knowledge of Radom&#8217;s history, but also as a basis for sustainable and responsible management of the material heritage of the Mleczna Valley&#8217;s past. A key issue is to determine the chronology and dynamics of the process that shaped the present cultural landscape of the site. Therefore, the first volume is devoted to the presentation of data on the stratigraphy of the hill and the chronology of the different phases of the settlement of Piotr\u00f3wka, taken in the long term.<\/p>\n","protected":false},"excerpt":{"rendered":"<div class=\"elementor-element elementor-element-af44170 elementor-widget elementor-widget-woocommerce-product-short-description\" data-id=\"af44170\" data-element_type=\"widget\" data-widget_type=\"woocommerce-product-short-description.default\">\n<div class=\"elementor-widget-container\">\n<div class=\"woocommerce-product-details__short-description\">\n<p>BOOK IN PRINT ON DEMAND \u2013 DISPATCHED 14-21 DAYS<\/p>\n<p>&nbsp;<\/p>\n<p>Warsaw 2020<\/p>\n<p>Format: 210 x 297 mm<\/p>\n<p>Pages: 476<\/p>\n<p>Hardcover<\/p>\n<p>Book block sewn<\/p>\n<p>ISBN 9<span dir=\"ltr\">978-83-66463-40-0<\/span><\/p>\n<p>English summary<\/p>\n<p>&nbsp;<\/p>\n<p>Reviewers:<\/p>\n<p>dr hab. Kazimierza Gr\u0105\u017cawski<\/p>\n<p>dr Tomasza Dzie\u0144kowski<\/p>\n<\/div>\n<\/div>\n<\/div>\n","protected":false},"featured_media":3072,"comment_status":"open","ping_status":"closed","template":"","meta":[],"product_cat":[74,82,93],"product_tag":[],"_links":{"self":[{"href":"https:\/\/old.ypp.com.pl\/en\/wp-json\/wp\/v2\/product\/2743"}],"collection":[{"href":"https:\/\/old.ypp.com.pl\/en\/wp-json\/wp\/v2\/product"}],"about":[{"href":"https:\/\/old.ypp.com.pl\/en\/wp-json\/wp\/v2\/types\/product"}],"replies":[{"embeddable":true,"href":"https:\/\/old.ypp.com.pl\/en\/wp-json\/wp\/v2\/comments?post=2743"}],"wp:featuredmedia":[{"embeddable":true,"href":"https:\/\/old.ypp.com.pl\/en\/wp-json\/wp\/v2\/media\/3072"}],"wp:attachment":[{"href":"https:\/\/old.ypp.com.pl\/en\/wp-json\/wp\/v2\/media?parent=2743"}],"wp:term":[{"taxonomy":"product_cat","embeddable":true,"href":"https:\/\/old.ypp.com.pl\/en\/wp-json\/wp\/v2\/product_cat?post=2743"},{"taxonomy":"product_tag","embeddable":true,"href":"https:\/\/old.ypp.com.pl\/en\/wp-json\/wp\/v2\/product_tag?post=2743"}],"curies":[{"name":"wp","href":"https:\/\/api.w.org\/{rel}","templated":true}]}}