{"id":2818,"date":"2023-01-26T12:00:25","date_gmt":"2023-01-26T12:00:25","guid":{"rendered":"https:\/\/ypp.com.pl\/?post_type=product&#038;p=2818"},"modified":"2024-01-29T08:01:59","modified_gmt":"2024-01-29T08:01:59","slug":"kachle-z-dilny-hrncire-adama-spacka-1531-1572-na-novem-meste-prazskem","status":"publish","type":"product","link":"https:\/\/old.ypp.com.pl\/en\/kachle-z-dilny-hrncire-adama-spacka-1531-1572-na-novem-meste-prazskem\/","title":{"rendered":"Kachle z d\u00edlny hrn\u010d\u00ed\u0159e Adama \u0160pa\u010dka (1531-1572) na Nov\u00e9m M\u011bst\u011b pra\u017esk\u00e9m"},"content":{"rendered":"<p>The publication is the result of the author&#8217;s several years of intensive research and represents a comprehensive evaluation of one of the most important sets of Renaissance tiles in the Czech Republic and Europe. The uniqueness of this collection is due not only to the number of finds (nearly 30,000 pieces), but especially to the fact that by a happy coincidence it can be attributed to a specific, well-known manufacturer. The processing of this unique collection has resulted in a wealth of information about the functioning of the pottery workshop, the technology of making Renaissance tiles, the decorative motifs used and their cultural and historical context. The catalogue of the finds provides a rich pictorial documentation of the entire collection, including a number of photographically documented analogies. (Archaeologica Pragensia &#8211; suplementum 5)<\/p>\n","protected":false},"excerpt":{"rendered":"<p>Prague 2019<\/p>\n<p>Publisher: Muzeum m\u011bsta Prahy<\/p>\n<p>Format: 300 x 210 mm<\/p>\n<p>Pages: 765<\/p>\n<p>Softcover<\/p>\n<p>Czech language<\/p>\n<p>ISBN 978-80-87828-46-5<\/p>\n","protected":false},"featured_media":3063,"comment_status":"open","ping_status":"closed","template":"","meta":[],"product_cat":[98,74,126,82,97],"product_tag":[],"_links":{"self":[{"href":"https:\/\/old.ypp.com.pl\/en\/wp-json\/wp\/v2\/product\/2818"}],"collection":[{"href":"https:\/\/old.ypp.com.pl\/en\/wp-json\/wp\/v2\/product"}],"about":[{"href":"https:\/\/old.ypp.com.pl\/en\/wp-json\/wp\/v2\/types\/product"}],"replies":[{"embeddable":true,"href":"https:\/\/old.ypp.com.pl\/en\/wp-json\/wp\/v2\/comments?post=2818"}],"wp:featuredmedia":[{"embeddable":true,"href":"https:\/\/old.ypp.com.pl\/en\/wp-json\/wp\/v2\/media\/3063"}],"wp:attachment":[{"href":"https:\/\/old.ypp.com.pl\/en\/wp-json\/wp\/v2\/media?parent=2818"}],"wp:term":[{"taxonomy":"product_cat","embeddable":true,"href":"https:\/\/old.ypp.com.pl\/en\/wp-json\/wp\/v2\/product_cat?post=2818"},{"taxonomy":"product_tag","embeddable":true,"href":"https:\/\/old.ypp.com.pl\/en\/wp-json\/wp\/v2\/product_tag?post=2818"}],"curies":[{"name":"wp","href":"https:\/\/api.w.org\/{rel}","templated":true}]}}