{"id":2821,"date":"2023-01-26T12:27:12","date_gmt":"2023-01-26T12:27:12","guid":{"rendered":"https:\/\/ypp.com.pl\/?post_type=product&#038;p=2821"},"modified":"2024-01-29T08:00:46","modified_gmt":"2024-01-29T08:00:46","slug":"pro-kamna-ke-spackovi","status":"publish","type":"product","link":"https:\/\/old.ypp.com.pl\/en\/pro-kamna-ke-spackovi\/","title":{"rendered":"Pro kamna ke \u0160pa\u010dkovi"},"content":{"rendered":"<p>The publication introduces the history of Gothic and Renaissance pottery and stonemasonry in Prague. The focus is on the exceptional archaeological discovery of the workshop of Adam \u0160pa\u010dek, a Prague burgher and master potter, in Truhl\u00e1\u0159sk\u00e1 Street in Prague&#8217;s New Town. Between 1531 and 1572, not only common table and kitchen ceramics were produced here, but also stove tiles. The collection of nearly 30 000 pieces of tile fragments recovered here is exceptional both in its number and in the fact that more than 300 different motifs have been identified, many of which are not yet known from elsewhere. A significant number of the motifs on the relief walls of the tiles, especially portrait and figurative ones, were based on pre-existing models, as evidenced by the rich pictorial accompaniment to this publication.<\/p>\n","protected":false},"excerpt":{"rendered":"<p>Prague 2019<\/p>\n<p>Publisher: Muzeum m\u011bsta Prahy<\/p>\n<p>Format: 220 x 220 mm<\/p>\n<p>Pages: 115<\/p>\n<p>Softcover<\/p>\n<p>Czech language<\/p>\n<p>ISBN 978-80-87828-48-9<\/p>\n","protected":false},"featured_media":3148,"comment_status":"open","ping_status":"closed","template":"","meta":[],"product_cat":[74,126,82,97],"product_tag":[],"_links":{"self":[{"href":"https:\/\/old.ypp.com.pl\/en\/wp-json\/wp\/v2\/product\/2821"}],"collection":[{"href":"https:\/\/old.ypp.com.pl\/en\/wp-json\/wp\/v2\/product"}],"about":[{"href":"https:\/\/old.ypp.com.pl\/en\/wp-json\/wp\/v2\/types\/product"}],"replies":[{"embeddable":true,"href":"https:\/\/old.ypp.com.pl\/en\/wp-json\/wp\/v2\/comments?post=2821"}],"wp:featuredmedia":[{"embeddable":true,"href":"https:\/\/old.ypp.com.pl\/en\/wp-json\/wp\/v2\/media\/3148"}],"wp:attachment":[{"href":"https:\/\/old.ypp.com.pl\/en\/wp-json\/wp\/v2\/media?parent=2821"}],"wp:term":[{"taxonomy":"product_cat","embeddable":true,"href":"https:\/\/old.ypp.com.pl\/en\/wp-json\/wp\/v2\/product_cat?post=2821"},{"taxonomy":"product_tag","embeddable":true,"href":"https:\/\/old.ypp.com.pl\/en\/wp-json\/wp\/v2\/product_tag?post=2821"}],"curies":[{"name":"wp","href":"https:\/\/api.w.org\/{rel}","templated":true}]}}