{"id":3682,"date":"2023-07-18T09:46:47","date_gmt":"2023-07-18T09:46:47","guid":{"rendered":"https:\/\/ypp.com.pl\/?post_type=product&#038;p=3682"},"modified":"2024-02-24T13:56:35","modified_gmt":"2024-02-24T13:56:35","slug":"drahomira-frolikova-kaliszova-rane-stredoveke-pohrebiste-triangl-v-praze-stresovicich","status":"publish","type":"product","link":"https:\/\/old.ypp.com.pl\/en\/drahomira-frolikova-kaliszova-rane-stredoveke-pohrebiste-triangl-v-praze-stresovicich\/","title":{"rendered":"Drahom\u00edra Frol\u00edkov\u00e1-Kaliszov\u00e1, Ran\u011b st\u0159edov\u011bk\u00e9 poh\u0159ebi\u0161t\u011b Triangl v Praze-St\u0159e\u0161ovic\u00edch"},"content":{"rendered":"<p>The publication presents the results of the research of probably the last relatively preserved part of the extensive early medieval burial site on the right bank of the Brusnice stream in the background of Prague Castle, which took place in 2012. The core of the monograph is a finds catalogue providing comprehensive information on 49 early medieval graves in which 52 anthropologically evaluated individuals were buried. The analytical chapters deal with the treatment of grave pits, anthropology, grave furnishings, etc. Several burials were provided with remarkable finds of female jewellery, the most notable of which is a figural earflap from grave 47. The significance of the finds for the understanding of the production of the Prague jewellery workshop is evaluated in a separate chapter. Further chapters are devoted to the chemical analysis of the glass bead finds, the reconstruction of the diet of the buried population and the technological investigation of the jewellery. The book, which is also equipped with expert opinions and analyses from natural science disciplines, provides a comprehensive and modern treatment of the area of the burial site in the vicinity of Prague Castle, which corresponds in time to the period of the beginnings of the P\u0159emyslid state. This fact &#8211; together with the small hope for the near and more distant future for similarly extensive area excavations in the given territory &#8211; gives the present publication a high cognitive value.<\/p>\n","protected":false},"excerpt":{"rendered":"<p>Prague 2023<\/p>\n<p>Publisher: Archaeologick\u00fd \u00fastav AV \u010cR, Praha, v.v.i.<\/p>\n<p>Format: 297 x 210 mm<\/p>\n<p>Pages: 172<\/p>\n<p>Hardcover<\/p>\n<p>Language: Czech, English summary<\/p>\n<p>ISBN 978-80-7581-048-9<\/p>\n","protected":false},"featured_media":3658,"comment_status":"open","ping_status":"closed","template":"","meta":[],"product_cat":[74,77,126,82],"product_tag":[],"_links":{"self":[{"href":"https:\/\/old.ypp.com.pl\/en\/wp-json\/wp\/v2\/product\/3682"}],"collection":[{"href":"https:\/\/old.ypp.com.pl\/en\/wp-json\/wp\/v2\/product"}],"about":[{"href":"https:\/\/old.ypp.com.pl\/en\/wp-json\/wp\/v2\/types\/product"}],"replies":[{"embeddable":true,"href":"https:\/\/old.ypp.com.pl\/en\/wp-json\/wp\/v2\/comments?post=3682"}],"wp:featuredmedia":[{"embeddable":true,"href":"https:\/\/old.ypp.com.pl\/en\/wp-json\/wp\/v2\/media\/3658"}],"wp:attachment":[{"href":"https:\/\/old.ypp.com.pl\/en\/wp-json\/wp\/v2\/media?parent=3682"}],"wp:term":[{"taxonomy":"product_cat","embeddable":true,"href":"https:\/\/old.ypp.com.pl\/en\/wp-json\/wp\/v2\/product_cat?post=3682"},{"taxonomy":"product_tag","embeddable":true,"href":"https:\/\/old.ypp.com.pl\/en\/wp-json\/wp\/v2\/product_tag?post=3682"}],"curies":[{"name":"wp","href":"https:\/\/api.w.org\/{rel}","templated":true}]}}